{"id":48806,"date":"2023-05-16T12:15:05","date_gmt":"2023-05-16T12:15:05","guid":{"rendered":"https:\/\/www.ivh44.si\/Ponudbe\/chess\/?post_type=product&#038;p=48806"},"modified":"2026-03-11T08:33:02","modified_gmt":"2026-03-11T08:33:02","slug":"the-queens-indian-defence","status":"publish","type":"product","link":"https:\/\/chessgamesemporium.com\/es\/shop\/libros-ajedrez\/aperturas-ajedrez\/the-queens-indian-defence\/","title":{"rendered":"The QUEENS INDIAN DEFENCE"},"content":{"rendered":"<p>Avtor: Michael Roiz<br \/>\nA\u00f1o de publicaci\u00f3n: 2018<br \/>\nIdioma: Ingl\u00e9s<br \/>\n\u0160t. strani: 424<br \/>\nFormato: 24 \u00d7 17 cm<br \/>\nEncuadernaci\u00f3n: tapa blanda<\/p>\n<p>Damina indijska obramba velja za eno bolj zanesljivih obramb proti 1. d4 in predstavlja otvoritveni repertoar mnogih najbolj\u0161ih \u0161ahistov. \u010crni ima zdravo kme\u010dko strukturo in vr\u0161i pritisk na center belega. V knjigi je predravljen otvoritveni repertoar kot tudi pozicijske osnove in primerne plane.<\/p>\n<p>V knjigi je tudi repertoar za \u010drnega proti Katalonski obrambi.<\/p>","protected":false},"excerpt":{"rendered":"<p><a href=\"https:\/\/chessgamesemporium.com\/wp-content\/uploads\/2023\/05\/TheQueensIndian-excerpt.pdf\" target=\"_blank\" rel=\"noopener\">Extracto en PDF<\/a><\/p>","protected":false},"featured_media":49808,"comment_status":"closed","ping_status":"closed","template":"","meta":{"_seopress_robots_primary_cat":"none","_seopress_titles_title":"","_seopress_titles_desc":"","_seopress_robots_index":""},"product_brand":[],"product_cat":[605,512],"product_tag":[],"class_list":{"0":"post-48806","1":"product","2":"type-product","3":"status-publish","4":"has-post-thumbnail","6":"product_cat-otvoritve","7":"product_cat-sahovske-knjige","8":"pa_avtor-michael-roiz","9":"pa_glavna-linija-1-d4-nf6-2-c4-e6-3-nf3-b6","10":"pa_leto-izdaje-837","11":"pa_nivo-knjige-napredni","12":"pa_otvoritev-tema-damina-indijka","13":"pa_stran-crni","14":"pa_tip-knjige-otvoritve","15":"pa_zalozba-quality-chess","17":"entry","18":"has-media","20":"first","21":"instock","22":"taxable","23":"shipping-taxable","24":"purchasable","25":"product-type-simple","26":"has-product-nav","27":"col","28":"span_1_of_4","29":"owp-content-center","30":"item-entry","31":"owp-thumbs-layout-horizontal","32":"owp-btn-normal","33":"owp-tabs-layout-section"},"wcpa_form_fields":null,"_links":{"self":[{"href":"https:\/\/chessgamesemporium.com\/es\/wp-json\/wp\/v2\/product\/48806","targetHints":{"allow":["GET"]}}],"collection":[{"href":"https:\/\/chessgamesemporium.com\/es\/wp-json\/wp\/v2\/product"}],"about":[{"href":"https:\/\/chessgamesemporium.com\/es\/wp-json\/wp\/v2\/types\/product"}],"replies":[{"embeddable":true,"href":"https:\/\/chessgamesemporium.com\/es\/wp-json\/wp\/v2\/comments?post=48806"}],"version-history":[{"count":0,"href":"https:\/\/chessgamesemporium.com\/es\/wp-json\/wp\/v2\/product\/48806\/revisions"}],"wp:featuredmedia":[{"embeddable":true,"href":"https:\/\/chessgamesemporium.com\/es\/wp-json\/wp\/v2\/media\/49808"}],"wp:attachment":[{"href":"https:\/\/chessgamesemporium.com\/es\/wp-json\/wp\/v2\/media?parent=48806"}],"wp:term":[{"taxonomy":"product_brand","embeddable":true,"href":"https:\/\/chessgamesemporium.com\/es\/wp-json\/wp\/v2\/product_brand?post=48806"},{"taxonomy":"product_cat","embeddable":true,"href":"https:\/\/chessgamesemporium.com\/es\/wp-json\/wp\/v2\/product_cat?post=48806"},{"taxonomy":"product_tag","embeddable":true,"href":"https:\/\/chessgamesemporium.com\/es\/wp-json\/wp\/v2\/product_tag?post=48806"}],"curies":[{"name":"wp","href":"https:\/\/api.w.org\/{rel}","templated":true}]}}