{"id":48865,"date":"2023-05-22T12:45:39","date_gmt":"2023-05-22T12:45:39","guid":{"rendered":"https:\/\/www.ivh44.si\/Ponudbe\/chess\/?post_type=product&#038;p=48865"},"modified":"2026-03-06T09:04:27","modified_gmt":"2026-03-06T09:04:27","slug":"beating-the-anti-sicilians","status":"publish","type":"product","link":"https:\/\/chessgamesemporium.com\/es\/shop\/libros-ajedrez\/aperturas-ajedrez\/beating-the-anti-sicilians\/","title":{"rendered":"Beating the Anti-Sicilians (Grandmaster Repertoire 6A)"},"content":{"rendered":"<p>Avtor: Vassilios Kotronias<br \/>\nA\u00f1o de publicaci\u00f3n: 2015<br \/>\nIdioma: Ingl\u00e9s<br \/>\n\u0160t. strani: 504<br \/>\nFormat: 14 x 17 cm<br \/>\nEncuadernaci\u00f3n: tapa blanda<\/p>\n<p>Siciljanska obramba je najbolj borbena obramba proti 1. e4. \u010crni \u017eeli igrati svojo omiljeno varianto kot je Zmajevka, Najdorfova ali Sve\u0161nikova, a \u017eal mnogokrat ne pridemo do tja, ker beli zaide v kako stransko varianto. V knjigi so razlo\u017eene vse stranske variante proti siciljanski obrambi. Stranpoti se za\u010dnejo \u017ee z drugo potezo belega kot npr. 2. c3, vse vrste zaprte siciljanke in se nadaljuje v tretji potezi s 3. Lb5, kot tudi vse \u0161e bolj stranske in komajda korektne variante belega. Knjiga vsebuje vse, kar potrebujete proti tem variantam.<\/p>","protected":false},"excerpt":{"rendered":"<p><a href=\"https:\/\/chessgamesemporium.com\/wp-content\/uploads\/2023\/05\/BeatingtheAnti-Sicilians-excerpt.pdf\" target=\"_blank\" rel=\"noopener\">Extracto en PDF<\/a><\/p>","protected":false},"featured_media":49779,"comment_status":"closed","ping_status":"closed","template":"","meta":{"_seopress_robots_primary_cat":"none","_seopress_titles_title":"","_seopress_titles_desc":"","_seopress_robots_index":""},"product_brand":[],"product_cat":[605,512],"product_tag":[],"class_list":{"0":"post-48865","1":"product","2":"type-product","3":"status-publish","4":"has-post-thumbnail","6":"product_cat-otvoritve","7":"product_cat-sahovske-knjige","8":"pa_avtor-vassilios-kotronias","9":"pa_glavna-linija-1-e4-c5-2-c3","10":"pa_glavna-linija-1-e4-c5-2-nc3","11":"pa_glavna-linija-1-e4-c5-2-nf3","12":"pa_leto-izdaje-852","13":"pa_nivo-knjige-napredni","14":"pa_otvoritev-tema-alapin","15":"pa_otvoritev-tema-anti-sicilians","16":"pa_otvoritev-tema-closed-sicilian","17":"pa_otvoritev-tema-grand-prix","18":"pa_otvoritev-tema-rossolimo","19":"pa_otvoritev-tema-sicilijanka","20":"pa_stran-crni","21":"pa_tip-knjige-otvoritve","22":"pa_zalozba-quality-chess","24":"entry","25":"has-media","27":"first","28":"instock","29":"taxable","30":"shipping-taxable","31":"purchasable","32":"product-type-simple","33":"has-product-nav","34":"col","35":"span_1_of_4","36":"owp-content-center","37":"item-entry","38":"owp-thumbs-layout-horizontal","39":"owp-btn-normal","40":"owp-tabs-layout-section"},"wcpa_form_fields":null,"_links":{"self":[{"href":"https:\/\/chessgamesemporium.com\/es\/wp-json\/wp\/v2\/product\/48865","targetHints":{"allow":["GET"]}}],"collection":[{"href":"https:\/\/chessgamesemporium.com\/es\/wp-json\/wp\/v2\/product"}],"about":[{"href":"https:\/\/chessgamesemporium.com\/es\/wp-json\/wp\/v2\/types\/product"}],"replies":[{"embeddable":true,"href":"https:\/\/chessgamesemporium.com\/es\/wp-json\/wp\/v2\/comments?post=48865"}],"version-history":[{"count":0,"href":"https:\/\/chessgamesemporium.com\/es\/wp-json\/wp\/v2\/product\/48865\/revisions"}],"wp:featuredmedia":[{"embeddable":true,"href":"https:\/\/chessgamesemporium.com\/es\/wp-json\/wp\/v2\/media\/49779"}],"wp:attachment":[{"href":"https:\/\/chessgamesemporium.com\/es\/wp-json\/wp\/v2\/media?parent=48865"}],"wp:term":[{"taxonomy":"product_brand","embeddable":true,"href":"https:\/\/chessgamesemporium.com\/es\/wp-json\/wp\/v2\/product_brand?post=48865"},{"taxonomy":"product_cat","embeddable":true,"href":"https:\/\/chessgamesemporium.com\/es\/wp-json\/wp\/v2\/product_cat?post=48865"},{"taxonomy":"product_tag","embeddable":true,"href":"https:\/\/chessgamesemporium.com\/es\/wp-json\/wp\/v2\/product_tag?post=48865"}],"curies":[{"name":"wp","href":"https:\/\/api.w.org\/{rel}","templated":true}]}}