{"id":48881,"date":"2023-05-22T12:55:47","date_gmt":"2023-05-22T12:55:47","guid":{"rendered":"https:\/\/www.ivh44.si\/Ponudbe\/chess\/?post_type=product&#038;p=48881"},"modified":"2026-03-06T09:04:28","modified_gmt":"2026-03-06T09:04:28","slug":"the-dragon-volume-one","status":"publish","type":"product","link":"https:\/\/chessgamesemporium.com\/es\/shop\/sahovske-knjige\/otvoritve\/the-dragon-volume-one\/","title":{"rendered":"The Dragon Volume One"},"content":{"rendered":"<p>Avtor: Gawain Jones<br \/>\nLeto izdaje: 2015<br \/>\nIdioma: Ingl\u00e9s<br \/>\n\u0160t. strani: 320<br \/>\nFormato: 24 \u00d7 17 cm<br \/>\nPlatnice: mehke<\/p>\n<p>The Dragon je ena bolj vznemirljivih otvoritev in priljubljena izbira napadalcev. Ampak. Ali lahko tako ostro otvoritev igramo v moderni dobi? Velemojster Gawain Jones pravi: \u00bbJa!\u00ab<br \/>\nAvtor vas vodi skozi \u010drni repertoar, katerega je uspe\u0161no igral proti najmo\u010dnej\u0161im igralcem svetovnega kova. Poleg variant so izpostavljeni klju\u010dni strate\u0161ki koncepti posamezne variante.<br \/>\nV tem delu sta predstavljeni varianti jugoslovanskega napada 9. g4 in 9. Lc4.<\/p>","protected":false},"excerpt":{"rendered":"<p><a href=\"https:\/\/chessgamesemporium.com\/wp-content\/uploads\/2023\/05\/TheDragon1-excerpt.pdf\" target=\"_blank\" rel=\"noopener\">Extracto en PDF<\/a><\/p>","protected":false},"featured_media":49775,"comment_status":"closed","ping_status":"closed","template":"","meta":{"_seopress_robots_primary_cat":"none","_seopress_titles_title":"","_seopress_titles_desc":"","_seopress_robots_index":""},"product_brand":[],"product_cat":[605,512],"product_tag":[],"class_list":{"0":"post-48881","1":"product","2":"type-product","3":"status-publish","4":"has-post-thumbnail","6":"product_cat-otvoritve","7":"product_cat-sahovske-knjige","8":"pa_avtor-gawain-jones","9":"pa_glavna-linija-1-e4-c5-2-nf3-d6-3-d4-cxd4-4-nxd4-nf6-5-nc3-g6","10":"pa_leto-izdaje-852","11":"pa_nivo-knjige-napredni","12":"pa_otvoritev-tema-sicilijanka-dragon","13":"pa_stran-crni","14":"pa_tip-knjige-otvoritve","15":"pa_zalozba-quality-chess","17":"entry","18":"has-media","20":"first","21":"instock","22":"taxable","23":"shipping-taxable","24":"purchasable","25":"product-type-simple","26":"has-product-nav","27":"col","28":"span_1_of_4","29":"owp-content-center","30":"item-entry","31":"owp-thumbs-layout-horizontal","32":"owp-btn-normal","33":"owp-tabs-layout-section"},"wcpa_form_fields":null,"_links":{"self":[{"href":"https:\/\/chessgamesemporium.com\/es\/wp-json\/wp\/v2\/product\/48881","targetHints":{"allow":["GET"]}}],"collection":[{"href":"https:\/\/chessgamesemporium.com\/es\/wp-json\/wp\/v2\/product"}],"about":[{"href":"https:\/\/chessgamesemporium.com\/es\/wp-json\/wp\/v2\/types\/product"}],"replies":[{"embeddable":true,"href":"https:\/\/chessgamesemporium.com\/es\/wp-json\/wp\/v2\/comments?post=48881"}],"version-history":[{"count":0,"href":"https:\/\/chessgamesemporium.com\/es\/wp-json\/wp\/v2\/product\/48881\/revisions"}],"wp:featuredmedia":[{"embeddable":true,"href":"https:\/\/chessgamesemporium.com\/es\/wp-json\/wp\/v2\/media\/49775"}],"wp:attachment":[{"href":"https:\/\/chessgamesemporium.com\/es\/wp-json\/wp\/v2\/media?parent=48881"}],"wp:term":[{"taxonomy":"product_brand","embeddable":true,"href":"https:\/\/chessgamesemporium.com\/es\/wp-json\/wp\/v2\/product_brand?post=48881"},{"taxonomy":"product_cat","embeddable":true,"href":"https:\/\/chessgamesemporium.com\/es\/wp-json\/wp\/v2\/product_cat?post=48881"},{"taxonomy":"product_tag","embeddable":true,"href":"https:\/\/chessgamesemporium.com\/es\/wp-json\/wp\/v2\/product_tag?post=48881"}],"curies":[{"name":"wp","href":"https:\/\/api.w.org\/{rel}","templated":true}]}}