{"id":48889,"date":"2023-05-23T12:15:36","date_gmt":"2023-05-23T12:15:36","guid":{"rendered":"https:\/\/www.ivh44.si\/Ponudbe\/chess\/?post_type=product&#038;p=48889"},"modified":"2026-03-06T09:04:28","modified_gmt":"2026-03-06T09:04:28","slug":"playing-1-d4-d5-a-classical-repertoire","status":"publish","type":"product","link":"https:\/\/chessgamesemporium.com\/es\/shop\/libros-ajedrez\/aperturas-ajedrez\/playing-1-d4-d5-a-classical-repertoire\/","title":{"rendered":"Playing 1.d4 d5: A Classical Repertoire"},"content":{"rendered":"<p>Avtor: Nikolaos Ntirlis<br \/>\nLeto izdaje: 2017<br \/>\nIdioma: Ingl\u00e9s<br \/>\n\u0160t. strani: 336<br \/>\nFormato: 24 \u00d7 17 cm<br \/>\nEncuadernaci\u00f3n: tapa blanda<\/p>\n<p>Nikolaos Ntirlis zagotavlja vrhunski repertoar za \u010drne po 1.d4 d5 z odklonjenim daminim gambitom. To je resni\u010dno Rolls Royce \u0161ahovskih otvoritev, ki ga je ve\u010d kot stoletje igralo z obema barvama ve\u010dina svetovnih prvakov in igralcev svetovnega razreda. Kot ljubitelj \u0161ahovske zgodovine je Ntirlis iz iger legendarnih igralcev, kot so Rubinstein, Capablanca in Aljehin, destiliral najbolj\u0161e ideje in jih posodobil z najnovej\u0161imi analiti\u010dnimi orodji, ki jih ponuja sodobna tehnologija.<br \/>\nPoleg klasi\u010dnega Daminega gambita Ntirlis ponuja celoten repertoar proti katalonski, Londonu, Torreju in vsem drugim pomembnim alternativam od 2. poteze naprej. Vsako poglavje se za\u010dne z razpravo o tipi\u010dnih na\u010drtih, kme\u010dkih strukturah in drugih pomembnih temah. Ta knjiga vklju\u010duje tudi dve dodatni poglavji, ki pokrivata 1.c4 in 1.Sf3, ki zagotavljata kompletni repertoar za igralce daminega gambita proti obema potezama.<\/p>\n<p>Nikolaos Ntirlis je strokovnjak za odvoritve in svetovalec \u0161tevilnim GM-jem.<\/p>","protected":false},"excerpt":{"rendered":"<p><a href=\"https:\/\/chessgamesemporium.com\/wp-content\/uploads\/2023\/05\/Playing1d4d5-excerpt.pdf\" target=\"_blank\" rel=\"noopener\">Extracto en PDF<\/a><\/p>","protected":false},"featured_media":49758,"comment_status":"closed","ping_status":"closed","template":"","meta":{"_seopress_robots_primary_cat":"none","_seopress_titles_title":"","_seopress_titles_desc":"","_seopress_robots_index":""},"product_brand":[],"product_cat":[605,512],"product_tag":[],"class_list":{"0":"post-48889","1":"product","2":"type-product","3":"status-publish","4":"has-post-thumbnail","6":"product_cat-otvoritve","7":"product_cat-sahovske-knjige","8":"pa_avtor-nikolaos-ntirlis","9":"pa_glavna-linija-1-d4-d5-2-c4-e6-3-nc3-nf6","10":"pa_leto-izdaje-845","11":"pa_nivo-knjige-napredni","12":"pa_otvoritev-tema-damin-gambit-zavrnjeni","13":"pa_stran-crni","14":"pa_tip-knjige-otvoritve","15":"pa_zalozba-quality-chess","17":"entry","18":"has-media","20":"first","21":"instock","22":"taxable","23":"shipping-taxable","24":"purchasable","25":"product-type-simple","26":"has-product-nav","27":"col","28":"span_1_of_4","29":"owp-content-center","30":"item-entry","31":"owp-thumbs-layout-horizontal","32":"owp-btn-normal","33":"owp-tabs-layout-section"},"wcpa_form_fields":null,"_links":{"self":[{"href":"https:\/\/chessgamesemporium.com\/es\/wp-json\/wp\/v2\/product\/48889","targetHints":{"allow":["GET"]}}],"collection":[{"href":"https:\/\/chessgamesemporium.com\/es\/wp-json\/wp\/v2\/product"}],"about":[{"href":"https:\/\/chessgamesemporium.com\/es\/wp-json\/wp\/v2\/types\/product"}],"replies":[{"embeddable":true,"href":"https:\/\/chessgamesemporium.com\/es\/wp-json\/wp\/v2\/comments?post=48889"}],"version-history":[{"count":0,"href":"https:\/\/chessgamesemporium.com\/es\/wp-json\/wp\/v2\/product\/48889\/revisions"}],"wp:featuredmedia":[{"embeddable":true,"href":"https:\/\/chessgamesemporium.com\/es\/wp-json\/wp\/v2\/media\/49758"}],"wp:attachment":[{"href":"https:\/\/chessgamesemporium.com\/es\/wp-json\/wp\/v2\/media?parent=48889"}],"wp:term":[{"taxonomy":"product_brand","embeddable":true,"href":"https:\/\/chessgamesemporium.com\/es\/wp-json\/wp\/v2\/product_brand?post=48889"},{"taxonomy":"product_cat","embeddable":true,"href":"https:\/\/chessgamesemporium.com\/es\/wp-json\/wp\/v2\/product_cat?post=48889"},{"taxonomy":"product_tag","embeddable":true,"href":"https:\/\/chessgamesemporium.com\/es\/wp-json\/wp\/v2\/product_tag?post=48889"}],"curies":[{"name":"wp","href":"https:\/\/api.w.org\/{rel}","templated":true}]}}