{"id":48931,"date":"2023-05-29T09:39:56","date_gmt":"2023-05-29T09:39:56","guid":{"rendered":"https:\/\/www.ivh44.si\/Ponudbe\/chess\/?post_type=product&#038;p=48931"},"modified":"2026-03-11T12:33:21","modified_gmt":"2026-03-11T12:33:21","slug":"technical-decision-making-in-chess","status":"publish","type":"product","link":"https:\/\/chessgamesemporium.com\/es\/shop\/libros-ajedrez\/estrategia-y-tactica\/technical-decision-making-in-chess\/","title":{"rendered":"Technical Decision Making in Chess"},"content":{"rendered":"<p>Avtor: Boris Gelfand<br \/>\nLeto izdaje: 2021<br \/>\nIdioma: Ingl\u00e9s<br \/>\n\u0160t. strani: 320<br \/>\nFormato: 24 \u00d7 17 cm<br \/>\nEncuadernaci\u00f3n: tapa blanda<\/p>\n<p>V knjigi Technical Decision Making in Chess nekdanji izzivalec svetovnega prvaka Boris Gelfand razpravlja o svoji poti do odlo\u010danja v kon\u010dnicah in pozicijah, kjer ima ena stran strukturno ali materialno prednost. Predstavitev tehni\u010dnega razumevanja vrhunskega velemojstra bo osvetlila zahtevne pozicije, katerih razumevanje se mnogim igralcem zdi nedosegljivo. Koncepti, kot je &#8220;obmo\u010dje ene napake&#8221;, bodo marsikomu zagotovo razodetje.<\/p>\n<p>Velemojster Boris Gelfand je bil elitni igralec celih 30 let, zmgovalec svetovnega pokala, ima zlato medaljo iz olimpijad izzivalec svetovnega prvaka in zmagovalec mnogih drugih turnirjev. V letu 2015 je s knjigo Positional Decision Making in Chess dobil nagrado ECF Book of the Year (knjiga leta).<\/p>","protected":false},"excerpt":{"rendered":"<p><a href=\"https:\/\/chessgamesemporium.com\/wp-content\/uploads\/2023\/05\/TechnicalDecisionMakinginChess-excerpt.pdf\" target=\"_blank\" rel=\"noopener\">Extracto en PDF<\/a><\/p>","protected":false},"featured_media":48943,"comment_status":"closed","ping_status":"closed","template":"","meta":{"_seopress_robots_primary_cat":"none","_seopress_titles_title":"","_seopress_titles_desc":"%%post_content%%","_seopress_robots_index":""},"product_brand":[],"product_cat":[512,608],"product_tag":[],"class_list":{"0":"post-48931","1":"product","2":"type-product","3":"status-publish","4":"has-post-thumbnail","6":"product_cat-sahovske-knjige","7":"product_cat-strategija-in-taktika","8":"pa_avtor-boris-gelfand","9":"pa_leto-izdaje-745","10":"pa_nivo-knjige-napredni","11":"pa_stran-oboje-nevtralno","12":"pa_tip-knjige-trening-vaje","13":"pa_zalozba-quality-chess","15":"entry","16":"has-media","18":"first","19":"instock","20":"taxable","21":"shipping-taxable","22":"purchasable","23":"product-type-simple","24":"has-product-nav","25":"col","26":"span_1_of_4","27":"owp-content-center","28":"item-entry","29":"owp-thumbs-layout-horizontal","30":"owp-btn-normal","31":"owp-tabs-layout-section"},"wcpa_form_fields":null,"_links":{"self":[{"href":"https:\/\/chessgamesemporium.com\/es\/wp-json\/wp\/v2\/product\/48931","targetHints":{"allow":["GET"]}}],"collection":[{"href":"https:\/\/chessgamesemporium.com\/es\/wp-json\/wp\/v2\/product"}],"about":[{"href":"https:\/\/chessgamesemporium.com\/es\/wp-json\/wp\/v2\/types\/product"}],"replies":[{"embeddable":true,"href":"https:\/\/chessgamesemporium.com\/es\/wp-json\/wp\/v2\/comments?post=48931"}],"version-history":[{"count":0,"href":"https:\/\/chessgamesemporium.com\/es\/wp-json\/wp\/v2\/product\/48931\/revisions"}],"wp:featuredmedia":[{"embeddable":true,"href":"https:\/\/chessgamesemporium.com\/es\/wp-json\/wp\/v2\/media\/48943"}],"wp:attachment":[{"href":"https:\/\/chessgamesemporium.com\/es\/wp-json\/wp\/v2\/media?parent=48931"}],"wp:term":[{"taxonomy":"product_brand","embeddable":true,"href":"https:\/\/chessgamesemporium.com\/es\/wp-json\/wp\/v2\/product_brand?post=48931"},{"taxonomy":"product_cat","embeddable":true,"href":"https:\/\/chessgamesemporium.com\/es\/wp-json\/wp\/v2\/product_cat?post=48931"},{"taxonomy":"product_tag","embeddable":true,"href":"https:\/\/chessgamesemporium.com\/es\/wp-json\/wp\/v2\/product_tag?post=48931"}],"curies":[{"name":"wp","href":"https:\/\/api.w.org\/{rel}","templated":true}]}}