{"id":48981,"date":"2023-05-29T11:50:59","date_gmt":"2023-05-29T11:50:59","guid":{"rendered":"https:\/\/www.ivh44.si\/Ponudbe\/chess\/?post_type=product&#038;p=48981"},"modified":"2026-03-11T12:42:29","modified_gmt":"2026-03-11T12:42:29","slug":"positional-play","status":"publish","type":"product","link":"https:\/\/chessgamesemporium.com\/es\/shop\/libros-ajedrez\/estrategia-y-tactica\/positional-play\/","title":{"rendered":"POSITIONAL PLAY"},"content":{"rendered":"<p>Avtor: Jacob Aagaard<br \/>\nLeto izdaje: 2012<br \/>\nIdioma: Ingl\u00e9s<br \/>\n\u0160t. strani: 312<br \/>\nFormato: 24 \u00d7 17 cm<br \/>\nEncuadernaci\u00f3n: tapa blanda<\/p>\n<p>Ali ste se med partijo kdaj zna\u0161li globoko v kalkulaciji, brez da bi na\u0161li smisel v va\u0161ih linijah? Ste se kdaj po\u010dutili, kot da so ra\u010dunalni\u0161ko predlagane poteze v analizi po partiji \u010disto nesmiselne? Ste se kdaj po\u010dutili kot nekdo s kladivom, ki ugotovi da ni vse \u017eebelj?<\/p>\n<p>V Positional Play JAcob Aagaard deli svoj tridelni pristop k pozicijski analizi, ki ga je uporabljal tako s klubskimi igralci kot znanimi velemojstri, da je izbolj\u0161al njihove spretnosti pozicijskega odlo\u010danja. Aagaard za\u010dne s predpostavko, da imajo vsi igralci ki ciljajo na mednarodna tekmovanja \u017ee dolo\u010den nivo razumevanja pozicij, nato pa poka\u017ee preprost na\u010drt, ki bo komurkoli pomagal razviti intuicijo in pozicijsko odlo\u010danje.<\/p>","protected":false},"excerpt":{"rendered":"<p><a href=\"https:\/\/chessgamesemporium.com\/wp-content\/uploads\/2023\/05\/PositionalPlay-excerpt.pdf\" target=\"_blank\" rel=\"noopener\">Extracto en PDF<\/a><\/p>","protected":false},"featured_media":49011,"comment_status":"closed","ping_status":"closed","template":"","meta":{"_seopress_robots_primary_cat":"none","_seopress_titles_title":"","_seopress_titles_desc":"","_seopress_robots_index":""},"product_brand":[],"product_cat":[608,512],"product_tag":[],"class_list":{"0":"post-48981","1":"product","2":"type-product","3":"status-publish","4":"has-post-thumbnail","6":"product_cat-strategija-in-taktika","7":"product_cat-sahovske-knjige","8":"pa_avtor-jacob-aagaard","9":"pa_leto-izdaje-883","10":"pa_nivo-knjige-napredni","11":"pa_stran-oboje-nevtralno","12":"pa_tip-knjige-trening-vaje","13":"pa_zalozba-quality-chess","15":"entry","16":"has-media","18":"first","19":"instock","20":"taxable","21":"shipping-taxable","22":"purchasable","23":"product-type-simple","24":"has-product-nav","25":"col","26":"span_1_of_4","27":"owp-content-center","28":"item-entry","29":"owp-thumbs-layout-horizontal","30":"owp-btn-normal","31":"owp-tabs-layout-section"},"wcpa_form_fields":null,"_links":{"self":[{"href":"https:\/\/chessgamesemporium.com\/es\/wp-json\/wp\/v2\/product\/48981","targetHints":{"allow":["GET"]}}],"collection":[{"href":"https:\/\/chessgamesemporium.com\/es\/wp-json\/wp\/v2\/product"}],"about":[{"href":"https:\/\/chessgamesemporium.com\/es\/wp-json\/wp\/v2\/types\/product"}],"replies":[{"embeddable":true,"href":"https:\/\/chessgamesemporium.com\/es\/wp-json\/wp\/v2\/comments?post=48981"}],"version-history":[{"count":0,"href":"https:\/\/chessgamesemporium.com\/es\/wp-json\/wp\/v2\/product\/48981\/revisions"}],"wp:featuredmedia":[{"embeddable":true,"href":"https:\/\/chessgamesemporium.com\/es\/wp-json\/wp\/v2\/media\/49011"}],"wp:attachment":[{"href":"https:\/\/chessgamesemporium.com\/es\/wp-json\/wp\/v2\/media?parent=48981"}],"wp:term":[{"taxonomy":"product_brand","embeddable":true,"href":"https:\/\/chessgamesemporium.com\/es\/wp-json\/wp\/v2\/product_brand?post=48981"},{"taxonomy":"product_cat","embeddable":true,"href":"https:\/\/chessgamesemporium.com\/es\/wp-json\/wp\/v2\/product_cat?post=48981"},{"taxonomy":"product_tag","embeddable":true,"href":"https:\/\/chessgamesemporium.com\/es\/wp-json\/wp\/v2\/product_tag?post=48981"}],"curies":[{"name":"wp","href":"https:\/\/api.w.org\/{rel}","templated":true}]}}