{"id":48982,"date":"2023-05-29T11:43:58","date_gmt":"2023-05-29T11:43:58","guid":{"rendered":"https:\/\/www.ivh44.si\/Ponudbe\/chess\/?post_type=product&#038;p=48982"},"modified":"2026-03-16T07:36:48","modified_gmt":"2026-03-16T07:36:48","slug":"the-soviet-chess-primer","status":"publish","type":"product","link":"https:\/\/chessgamesemporium.com\/es\/shop\/libros-ajedrez\/estrategia-y-tactica\/the-soviet-chess-primer\/","title":{"rendered":"THE SOVIET CHESS PRIMER"},"content":{"rendered":"<p>Autor: Ilya Maizelis<br \/>\nA\u00f1o de publicaci\u00f3n: 2014<br \/>\nIdioma: Ingl\u00e9s<br \/>\nN\u00famero de p\u00e1ginas: 400<br \/>\nFormato: 24 \u00d7 17 cm<\/p>\n<p>La obra maestra de Ilya Maizelis es la introducci\u00f3n definitiva al juego del ajedrez. Ha inspirado a generaciones de rusos a dedicarse al ajedrez, incluidos posiblemente los dos mejores jugadores de todos los tiempos, los campeones mundiales 12.\u00ba y 13.\u00ba.<\/p>\n<p>El original ruso tiene un t\u00edtulo simple \u2013 \u00ab Ajedrez \u00bb, ya que no era necesaria ninguna otra explicaci\u00f3n. The Soviet Chess Primer es una traducci\u00f3n inglesa moderna de la introducci\u00f3n de Maizelis al juego real.<\/p>\n<p>Esta nueva edici\u00f3n de un cl\u00e1sico atemporal incluye un pr\u00f3logo original del segundo campe\u00f3n del mundo, Emanuel Lasker, as\u00ed como una introducci\u00f3n del entrenador de ajedrez m\u00e1s reconocido de los tiempos modernos, Mark Dvoretsky. Sobre la edici\u00f3n original rusa:<br \/>\n\u00ab Un excelente libro con el que aprend\u00ed a jugar al ajedrez. \u00bb \u2013 Garry Kasparov<br \/>\n\u00ab Un livre merveilleux que j\u2019ai moi-m\u00eame \u00e9tudi\u00e9. \u00bb \u2013 Anatoly Karpov<\/p>","protected":false},"excerpt":{"rendered":"<p><a href=\"https:\/\/chessgamesemporium.com\/wp-content\/uploads\/2023\/05\/Soviet_Chess_Primer-extract.pdf\" target=\"_blank\" rel=\"noopener\">Extracto en PDF<\/a><\/p>","protected":false},"featured_media":49012,"comment_status":"closed","ping_status":"closed","template":"","meta":{"_seopress_robots_primary_cat":"none","_seopress_titles_title":"","_seopress_titles_desc":"","_seopress_robots_index":""},"product_brand":[],"product_cat":[608,512],"product_tag":[],"class_list":{"0":"post-48982","1":"product","2":"type-product","3":"status-publish","4":"has-post-thumbnail","6":"product_cat-strategija-in-taktika","7":"product_cat-sahovske-knjige","8":"pa_avtor-ilya-maizelis","9":"pa_leto-izdaje-857","10":"pa_nivo-knjige-srednji","11":"pa_stran-oboje-nevtralno","12":"pa_tip-knjige-osnove","13":"pa_zalozba-quality-chess","15":"entry","16":"has-media","18":"first","19":"instock","20":"taxable","21":"shipping-taxable","22":"product-type-simple","23":"has-product-nav","24":"col","25":"span_1_of_4","26":"owp-content-center","27":"item-entry","28":"owp-thumbs-layout-horizontal","29":"owp-btn-normal","30":"owp-tabs-layout-section"},"wcpa_form_fields":null,"_links":{"self":[{"href":"https:\/\/chessgamesemporium.com\/es\/wp-json\/wp\/v2\/product\/48982","targetHints":{"allow":["GET"]}}],"collection":[{"href":"https:\/\/chessgamesemporium.com\/es\/wp-json\/wp\/v2\/product"}],"about":[{"href":"https:\/\/chessgamesemporium.com\/es\/wp-json\/wp\/v2\/types\/product"}],"replies":[{"embeddable":true,"href":"https:\/\/chessgamesemporium.com\/es\/wp-json\/wp\/v2\/comments?post=48982"}],"version-history":[{"count":0,"href":"https:\/\/chessgamesemporium.com\/es\/wp-json\/wp\/v2\/product\/48982\/revisions"}],"wp:featuredmedia":[{"embeddable":true,"href":"https:\/\/chessgamesemporium.com\/es\/wp-json\/wp\/v2\/media\/49012"}],"wp:attachment":[{"href":"https:\/\/chessgamesemporium.com\/es\/wp-json\/wp\/v2\/media?parent=48982"}],"wp:term":[{"taxonomy":"product_brand","embeddable":true,"href":"https:\/\/chessgamesemporium.com\/es\/wp-json\/wp\/v2\/product_brand?post=48982"},{"taxonomy":"product_cat","embeddable":true,"href":"https:\/\/chessgamesemporium.com\/es\/wp-json\/wp\/v2\/product_cat?post=48982"},{"taxonomy":"product_tag","embeddable":true,"href":"https:\/\/chessgamesemporium.com\/es\/wp-json\/wp\/v2\/product_tag?post=48982"}],"curies":[{"name":"wp","href":"https:\/\/api.w.org\/{rel}","templated":true}]}}