{"id":49066,"date":"2023-05-31T11:24:38","date_gmt":"2023-05-31T11:24:38","guid":{"rendered":"https:\/\/www.ivh44.si\/Ponudbe\/chess\/?post_type=product&#038;p=49066"},"modified":"2026-03-06T10:30:29","modified_gmt":"2026-03-06T10:30:29","slug":"boost-your-chess-1-the-fundamentals","status":"publish","type":"product","link":"https:\/\/chessgamesemporium.com\/es\/shop\/libros-ajedrez\/estrategia-y-tactica\/boost-your-chess-1-the-fundamentals\/","title":{"rendered":"BOOST YOUR CHESS 1 The fundamentals"},"content":{"rendered":"<p>Avtor: Artur Yusupov<br \/>\nLeto izdaje: 2010<br \/>\nIdioma: Ingl\u00e9s<br \/>\n\u0160t. strani: 268<br \/>\nFormato: 24 \u00d7 17 cm<br \/>\nEncuadernaci\u00f3n: tapa blanda<\/p>\n<p>Boost your Chess 1 nadaljuje Yusupovo serijo Fundamentals in pomaga \u0161ahistom graditi spretnosti na utrjenih temeljih. Yusupov bralca popelje do vi\u0161jih stopenj razumevanja \u0161aha s previdno izbranimi pozicijami in nasveti. To razumevanje nato preiskusi z ugankami.<\/p>\n<p>Artur Jussupow je bil med letoma 1986 in 1992 na tretjem mestu svetovne \u0161ahovske lestvice, takoj za legendama Karpovim in Kasparovom. Osvojil je vse kar se osvojiti da, z izjemo naslova svetovnega prvaka, sedaj pa je \u0161ahovski trener. Kot trener je delal z igralci od trenutnega prvaka Ananda pa do lokalnih amaterjev v Nem\u010diji, kjer prebiva.<\/p>\n<p>Knjiga je leta 2009 prejela nagrado FIDE Boleslavsky Medal kot najbolj\u0161i \u0161ahovski priro\u010dnik, v katerem so razvidne izjemne pou\u010dne vrednosti.<\/p>","protected":false},"excerpt":{"rendered":"<p><a href=\"https:\/\/chessgamesemporium.com\/wp-content\/uploads\/2023\/05\/Boost-Your-Chess-1-excerpt.pdf\" target=\"_blank\" rel=\"noopener\">Extracto en PDF<\/a><\/p>","protected":false},"featured_media":49077,"comment_status":"closed","ping_status":"closed","template":"","meta":{"_seopress_robots_primary_cat":"none","_seopress_titles_title":"","_seopress_titles_desc":"","_seopress_robots_index":""},"product_brand":[],"product_cat":[512,608],"product_tag":[],"class_list":{"0":"post-49066","1":"product","2":"type-product","3":"status-publish","4":"has-post-thumbnail","6":"product_cat-sahovske-knjige","7":"product_cat-strategija-in-taktika","8":"pa_avtor-artur-yusupov","9":"pa_leto-izdaje-989","10":"pa_nivo-knjige-zacetni","11":"pa_stran-oboje-nevtralno","12":"pa_tip-knjige-trening-vaje","13":"pa_zalozba-quality-chess","15":"entry","16":"has-media","18":"first","19":"instock","20":"taxable","21":"shipping-taxable","22":"purchasable","23":"product-type-simple","24":"has-product-nav","25":"col","26":"span_1_of_4","27":"owp-content-center","28":"item-entry","29":"owp-thumbs-layout-horizontal","30":"owp-btn-normal","31":"owp-tabs-layout-section"},"wcpa_form_fields":null,"_links":{"self":[{"href":"https:\/\/chessgamesemporium.com\/es\/wp-json\/wp\/v2\/product\/49066","targetHints":{"allow":["GET"]}}],"collection":[{"href":"https:\/\/chessgamesemporium.com\/es\/wp-json\/wp\/v2\/product"}],"about":[{"href":"https:\/\/chessgamesemporium.com\/es\/wp-json\/wp\/v2\/types\/product"}],"replies":[{"embeddable":true,"href":"https:\/\/chessgamesemporium.com\/es\/wp-json\/wp\/v2\/comments?post=49066"}],"version-history":[{"count":0,"href":"https:\/\/chessgamesemporium.com\/es\/wp-json\/wp\/v2\/product\/49066\/revisions"}],"wp:featuredmedia":[{"embeddable":true,"href":"https:\/\/chessgamesemporium.com\/es\/wp-json\/wp\/v2\/media\/49077"}],"wp:attachment":[{"href":"https:\/\/chessgamesemporium.com\/es\/wp-json\/wp\/v2\/media?parent=49066"}],"wp:term":[{"taxonomy":"product_brand","embeddable":true,"href":"https:\/\/chessgamesemporium.com\/es\/wp-json\/wp\/v2\/product_brand?post=49066"},{"taxonomy":"product_cat","embeddable":true,"href":"https:\/\/chessgamesemporium.com\/es\/wp-json\/wp\/v2\/product_cat?post=49066"},{"taxonomy":"product_tag","embeddable":true,"href":"https:\/\/chessgamesemporium.com\/es\/wp-json\/wp\/v2\/product_tag?post=49066"}],"curies":[{"name":"wp","href":"https:\/\/api.w.org\/{rel}","templated":true}]}}