{"id":49137,"date":"2023-06-01T08:58:22","date_gmt":"2023-06-01T08:58:22","guid":{"rendered":"https:\/\/www.ivh44.si\/Ponudbe\/chess\/?post_type=product&#038;p=49137"},"modified":"2026-03-11T12:46:04","modified_gmt":"2026-03-11T12:46:04","slug":"decision-making-in-major-piece-endings","status":"publish","type":"product","link":"https:\/\/chessgamesemporium.com\/es\/shop\/libros-ajedrez\/finales-ajedrez\/decision-making-in-major-piece-endings\/","title":{"rendered":"DECISION MAKING in MAJOR PIECE ENDINGS"},"content":{"rendered":"<p>Avtor: Boris Gelfand<br \/>\nLeto izdaje: 2021<br \/>\nIdioma: Ingl\u00e9s<br \/>\n\u0160t. strani: 320<br \/>\nFormato: 24 \u00d7 17 cm<br \/>\nEncuadernaci\u00f3n: tapa blanda<\/p>\n<p>V knjigi Decision Making in Major Piece Endings nekdanji izzivalec svetovnega prvenstva Boris Gelfand razpravlja o svoji poti do odlo\u010danja v kon\u010dnicah, ki vklju\u010dujejo tope ali dame, kot tudi o pogosto zanemarjeni \u00bb4. fazi\u00ab. Poznamo ne\u0161teto primerov takih kon\u010dnic, kjer je bil odlo\u010dilni dejavnik slaba oz. dobra tehnika, zato bodo bralci zagotovo imeli koristi od spoznanj velemojstra svetovnega kova o tej pomembni temi.<\/p>\n<p>Velemojster Boris Gelfand je bil elitni igralec celih 30 let, zmgovalec svetovnega pokala, ima zlato medaljo iz olimpijad izzivalec svetovnega prvaka in zmagovalec mnogih drugih turnirjev. V letu 2015 je s knjigo Positional Decision Making in Chess dobil nagrado ECF Book of the Year (knjiga leta).<\/p>\n<p>&nbsp;<\/p>","protected":false},"excerpt":{"rendered":"<p><a href=\"https:\/\/chessgamesemporium.com\/wp-content\/uploads\/2023\/06\/DecisionMakinginMajorPieceEndings-excerpt.pdf\" target=\"_blank\" rel=\"noopener\">Extracto en PDF<\/a><\/p>","protected":false},"featured_media":49157,"comment_status":"closed","ping_status":"closed","template":"","meta":{"_seopress_robots_primary_cat":"none","_seopress_titles_title":"","_seopress_titles_desc":"%%post_content%%","_seopress_robots_index":""},"product_brand":[],"product_cat":[609,512],"product_tag":[],"class_list":{"0":"post-49137","1":"product","2":"type-product","3":"status-publish","4":"has-post-thumbnail","6":"product_cat-koncnice","7":"product_cat-sahovske-knjige","8":"pa_avtor-boris-gelfand","9":"pa_leto-izdaje-745","10":"pa_nivo-knjige-napredni","11":"pa_stran-oboje-nevtralno","12":"pa_tip-knjige-koncnice","13":"pa_zalozba-quality-chess","15":"entry","16":"has-media","18":"first","19":"instock","20":"taxable","21":"shipping-taxable","22":"purchasable","23":"product-type-simple","24":"has-product-nav","25":"col","26":"span_1_of_4","27":"owp-content-center","28":"item-entry","29":"owp-thumbs-layout-horizontal","30":"owp-btn-normal","31":"owp-tabs-layout-section"},"wcpa_form_fields":null,"_links":{"self":[{"href":"https:\/\/chessgamesemporium.com\/es\/wp-json\/wp\/v2\/product\/49137","targetHints":{"allow":["GET"]}}],"collection":[{"href":"https:\/\/chessgamesemporium.com\/es\/wp-json\/wp\/v2\/product"}],"about":[{"href":"https:\/\/chessgamesemporium.com\/es\/wp-json\/wp\/v2\/types\/product"}],"replies":[{"embeddable":true,"href":"https:\/\/chessgamesemporium.com\/es\/wp-json\/wp\/v2\/comments?post=49137"}],"version-history":[{"count":0,"href":"https:\/\/chessgamesemporium.com\/es\/wp-json\/wp\/v2\/product\/49137\/revisions"}],"wp:featuredmedia":[{"embeddable":true,"href":"https:\/\/chessgamesemporium.com\/es\/wp-json\/wp\/v2\/media\/49157"}],"wp:attachment":[{"href":"https:\/\/chessgamesemporium.com\/es\/wp-json\/wp\/v2\/media?parent=49137"}],"wp:term":[{"taxonomy":"product_brand","embeddable":true,"href":"https:\/\/chessgamesemporium.com\/es\/wp-json\/wp\/v2\/product_brand?post=49137"},{"taxonomy":"product_cat","embeddable":true,"href":"https:\/\/chessgamesemporium.com\/es\/wp-json\/wp\/v2\/product_cat?post=49137"},{"taxonomy":"product_tag","embeddable":true,"href":"https:\/\/chessgamesemporium.com\/es\/wp-json\/wp\/v2\/product_tag?post=49137"}],"curies":[{"name":"wp","href":"https:\/\/api.w.org\/{rel}","templated":true}]}}