{"id":49139,"date":"2023-06-01T09:06:31","date_gmt":"2023-06-01T09:06:31","guid":{"rendered":"https:\/\/www.ivh44.si\/Ponudbe\/chess\/?post_type=product&#038;p=49139"},"modified":"2026-03-06T11:36:38","modified_gmt":"2026-03-06T11:36:38","slug":"sharp-endgames","status":"publish","type":"product","link":"https:\/\/chessgamesemporium.com\/es\/shop\/libros-ajedrez\/finales-ajedrez\/sharp-endgames\/","title":{"rendered":"SHARP ENDGAMES"},"content":{"rendered":"<p>Avtor: Esben Lund<br \/>\nLeto izdaje: 2017<br \/>\nIdioma: Ingl\u00e9s<br \/>\n\u0160t. strani: 312<br \/>\nFormato: 24 \u00d7 17 cm<br \/>\nEncuadernaci\u00f3n: tapa blanda<\/p>\n<p>V kon\u010dnicah se pogosto sre\u010damo z najte\u017ejimi trenutki v \u0161ahovski partiji. V Sharp Endgames se mednarodni mojster Esben Lund loteva te klju\u010dne teme na edinstven in inovativen na\u010din, pri \u010demer se osredoto\u010da na 16 parametrov, vklju\u010denih v to vrsto odlo\u010danja.<\/p>\n<p>Knjiga vsebuje ve\u010d kot sto skrbno izbranih vaj, re\u0161itve pa so povezane s 16 parametri. Povratne informacije so konkretne in dajejo igralcu jasen na\u010din za izbolj\u0161anje njegovega razumevanja in spretnosti. Vaje se lahko izvajajo proti partnerju ali motorju; knjiga vsebuje celo vodnik po korakih, ki pojasnjuje, kako konfigurirati \u0161ahovski motor za ta namen.<\/p>\n<p>&#8220;Esben Lund vam je postavil izziv: vlo\u017eite \u010das in trud v to knjigo in va\u0161i \u0161ahovski rezultati se bodo izbolj\u0161ali &#8211; ne glede na va\u0161 trenutni nivo. Vpra\u0161anje je: ali ste pripravljeni sprejeti izziv? Mo\u010dno vas spodbujam, da sprejmete \u2013 ne bo vam \u017eal.\u201d &#8211; Iz predgovora velemojstra Larsa Bo Hansena.<\/p>\n<p>Esben Lund, mednarodni mojster iz Danske, je cenjen avtor in trener. Njegovi prvi knjigi za Quality chess, Rook vs. Two Minor Pieces in The Secret Life of Bad Bishops sta bila dobro sprejeti zaradi svoje izvirnosti in odli\u010dnega \u0161tudijskega gradiva.<\/p>","protected":false},"excerpt":{"rendered":"<p><a href=\"https:\/\/chessgamesemporium.com\/wp-content\/uploads\/2023\/06\/SharpEndgames-extract.pdf\" target=\"_blank\" rel=\"noopener\">Extracto en PDF<\/a><\/p>","protected":false},"featured_media":49161,"comment_status":"closed","ping_status":"closed","template":"","meta":{"_seopress_robots_primary_cat":"none","_seopress_titles_title":"","_seopress_titles_desc":"","_seopress_robots_index":""},"product_brand":[],"product_cat":[609,512],"product_tag":[],"class_list":{"0":"post-49139","1":"product","2":"type-product","3":"status-publish","4":"has-post-thumbnail","6":"product_cat-koncnice","7":"product_cat-sahovske-knjige","8":"pa_avtor-esben-lund","9":"pa_leto-izdaje-845","10":"pa_nivo-knjige-srednji","11":"pa_stran-oboje-nevtralno","12":"pa_tip-knjige-koncnice","13":"pa_zalozba-quality-chess","15":"entry","16":"has-media","18":"first","19":"instock","20":"taxable","21":"shipping-taxable","22":"purchasable","23":"product-type-simple","24":"has-product-nav","25":"col","26":"span_1_of_4","27":"owp-content-center","28":"item-entry","29":"owp-thumbs-layout-horizontal","30":"owp-btn-normal","31":"owp-tabs-layout-section"},"wcpa_form_fields":null,"_links":{"self":[{"href":"https:\/\/chessgamesemporium.com\/es\/wp-json\/wp\/v2\/product\/49139","targetHints":{"allow":["GET"]}}],"collection":[{"href":"https:\/\/chessgamesemporium.com\/es\/wp-json\/wp\/v2\/product"}],"about":[{"href":"https:\/\/chessgamesemporium.com\/es\/wp-json\/wp\/v2\/types\/product"}],"replies":[{"embeddable":true,"href":"https:\/\/chessgamesemporium.com\/es\/wp-json\/wp\/v2\/comments?post=49139"}],"version-history":[{"count":0,"href":"https:\/\/chessgamesemporium.com\/es\/wp-json\/wp\/v2\/product\/49139\/revisions"}],"wp:featuredmedia":[{"embeddable":true,"href":"https:\/\/chessgamesemporium.com\/es\/wp-json\/wp\/v2\/media\/49161"}],"wp:attachment":[{"href":"https:\/\/chessgamesemporium.com\/es\/wp-json\/wp\/v2\/media?parent=49139"}],"wp:term":[{"taxonomy":"product_brand","embeddable":true,"href":"https:\/\/chessgamesemporium.com\/es\/wp-json\/wp\/v2\/product_brand?post=49139"},{"taxonomy":"product_cat","embeddable":true,"href":"https:\/\/chessgamesemporium.com\/es\/wp-json\/wp\/v2\/product_cat?post=49139"},{"taxonomy":"product_tag","embeddable":true,"href":"https:\/\/chessgamesemporium.com\/es\/wp-json\/wp\/v2\/product_tag?post=49139"}],"curies":[{"name":"wp","href":"https:\/\/api.w.org\/{rel}","templated":true}]}}