{"id":49174,"date":"2023-06-05T12:12:28","date_gmt":"2023-06-05T12:12:28","guid":{"rendered":"https:\/\/www.ivh44.si\/Ponudbe\/chess\/?post_type=product&#038;p=49174"},"modified":"2026-03-06T11:36:38","modified_gmt":"2026-03-06T11:36:38","slug":"mikhail-tals-best-games-2","status":"publish","type":"product","link":"https:\/\/chessgamesemporium.com\/es\/shop\/sahovske-knjige\/biografije\/mikhail-tals-best-games-2\/","title":{"rendered":"MIKHAIL TAL&#8217;S BEST GAMES 2"},"content":{"rendered":"<p>Avtor: Tibor Karolyi<br \/>\nLeto izdaje: 2015<br \/>\nIdioma: Ingl\u00e9s<br \/>\n\u0160t. strani: 360<br \/>\nFormato: 24 \u00d7 17 cm<br \/>\nPlatnice: mehke<\/p>\n<p>V drugem od treh delov serije avtor Tibor K\u00e1rolyi nadaljuje prelomno eksploracijo Taljeve kariere. Mikhail Tal je eden najslovitej\u0161ih \u0161ahistov vsega \u010dasa. Leta 1960 je premagal Botvinnika in s tem postal dotakrat najmlaj\u0161i svetovni \u0161ahovski prvak, star triindvajset let. Ta knjiga preu\u010di najbolj\u0161a leta Taljeve kariere, od 1960 do 1971. Kljub izgubi naslova v povratnem dvoboju z Botvinnikom je Tal ostal eden najmo\u010dnej\u0161ih, najpopularnej\u0161ih ter najbolj zabavnih \u0161ahistov na svetu. Kot v prvem delu, izvrstno \u0161ahovsko analizo komplementira zgodba Taljevega \u017eivljenja in kariere. Knjiga vsebuje tudi mnoge anekdote ostalih slovitih igralcev, ki so delili svoje spomine o \u010carodeju iz Rige.<\/p>\n<p>&nbsp;<\/p>","protected":false},"excerpt":{"rendered":"<p><a href=\"https:\/\/chessgamesemporium.com\/wp-content\/uploads\/2023\/06\/Tal2TheWorldChampion-excerpt.pdf\">Extracto en PDF<\/a><\/p>","protected":false},"featured_media":49187,"comment_status":"closed","ping_status":"closed","template":"","meta":{"_seopress_robots_primary_cat":"none","_seopress_titles_title":"","_seopress_titles_desc":"","_seopress_robots_index":""},"product_brand":[],"product_cat":[610,512],"product_tag":[],"class_list":{"0":"post-49174","1":"product","2":"type-product","3":"status-publish","4":"has-post-thumbnail","6":"product_cat-biografije","7":"product_cat-sahovske-knjige","8":"pa_avtor-tibor-karolyi","9":"pa_leto-izdaje-852","10":"pa_nivo-knjige-srednji","11":"pa_stran-oboje-nevtralno","12":"pa_tip-knjige-zbirke-partij-komentirane-partije","13":"pa_zalozba-quality-chess","15":"entry","16":"has-media","18":"first","19":"instock","20":"taxable","21":"shipping-taxable","22":"purchasable","23":"product-type-simple","24":"has-product-nav","25":"col","26":"span_1_of_4","27":"owp-content-center","28":"item-entry","29":"owp-thumbs-layout-horizontal","30":"owp-btn-normal","31":"owp-tabs-layout-section"},"wcpa_form_fields":null,"_links":{"self":[{"href":"https:\/\/chessgamesemporium.com\/es\/wp-json\/wp\/v2\/product\/49174","targetHints":{"allow":["GET"]}}],"collection":[{"href":"https:\/\/chessgamesemporium.com\/es\/wp-json\/wp\/v2\/product"}],"about":[{"href":"https:\/\/chessgamesemporium.com\/es\/wp-json\/wp\/v2\/types\/product"}],"replies":[{"embeddable":true,"href":"https:\/\/chessgamesemporium.com\/es\/wp-json\/wp\/v2\/comments?post=49174"}],"version-history":[{"count":0,"href":"https:\/\/chessgamesemporium.com\/es\/wp-json\/wp\/v2\/product\/49174\/revisions"}],"wp:featuredmedia":[{"embeddable":true,"href":"https:\/\/chessgamesemporium.com\/es\/wp-json\/wp\/v2\/media\/49187"}],"wp:attachment":[{"href":"https:\/\/chessgamesemporium.com\/es\/wp-json\/wp\/v2\/media?parent=49174"}],"wp:term":[{"taxonomy":"product_brand","embeddable":true,"href":"https:\/\/chessgamesemporium.com\/es\/wp-json\/wp\/v2\/product_brand?post=49174"},{"taxonomy":"product_cat","embeddable":true,"href":"https:\/\/chessgamesemporium.com\/es\/wp-json\/wp\/v2\/product_cat?post=49174"},{"taxonomy":"product_tag","embeddable":true,"href":"https:\/\/chessgamesemporium.com\/es\/wp-json\/wp\/v2\/product_tag?post=49174"}],"curies":[{"name":"wp","href":"https:\/\/api.w.org\/{rel}","templated":true}]}}