{"id":49247,"date":"2023-06-08T08:38:08","date_gmt":"2023-06-08T08:38:08","guid":{"rendered":"https:\/\/www.ivh44.si\/Ponudbe\/chess\/?post_type=product&#038;p=49247"},"modified":"2026-03-20T09:36:25","modified_gmt":"2026-03-20T09:36:25","slug":"moj-sistem","status":"publish","type":"product","link":"https:\/\/chessgamesemporium.com\/es\/shop\/libros-ajedrez\/estrategia-y-tactica\/moj-sistem\/","title":{"rendered":"MOJ SISTEM"},"content":{"rendered":"<p>Avtor: Aaron Nimcovi\u010d<br \/>\nLeto izdaje: 2005<br \/>\nJezik: Srbski<br \/>\n\u0160t. strani: 510<br \/>\nFormat: 25 x 17,6 cm<br \/>\nPlatnice: trde<\/p>\n<p>Eno bolj kultnih knjig predstavlja u\u010dbenik pozicijske igre v katerem so vsa poznana dela avtorja, znanega velemojstra Aarona Nimcovi\u010da: \u00bbMoj sistem\u00ab, \u00bbBlokada\u00ab, \u00bbKako sam postati velemojster\u00ab, \u00bbZgodovina \u0161ahovske revolucije 1911.-1914. leta\u00ab, \u00bbMoj sistem in novopridobljeni opitimizem\u00ab in \u010dlanek \u00bbtehnika turnirske igre\u00ab.<\/p>\n<p>Knjiga je namenjena izpopolnevanju tako za\u010detnikov kot tudi bolj\u0161ih \u0161ahistov.<\/p>\n<p>Nisi prepri\u010dan, ali je ta knjiga prava za tvoj nivo?<br \/>\nLee nuestra gu\u00eda <a href=\"https:\/\/chessgamesemporium.com\/es\/kako-izbrati-pravo-sahovsko-knjigo-za-napredovanje\/\">kako izbrati pravo \u0161ahovsko knjigo za napredovanje.<\/a><\/p>","protected":false},"excerpt":{"rendered":"<p>Avtor: Aaron Nimcovi\u010d Leto izdaje: 2005 Jezik: Srbski \u0160t. strani: 510 Format: 25 x 17,6 cm Platnice: trde Eno bolj kultnih knjig predstavlja u\u010dbenik pozicijske igre v katerem so vsa poznana dela avtorja, znanega velemojstra Aarona Nimcovi\u010da: \u00bbMoj sistem\u00ab, \u00bbBlokada\u00ab, \u00bbKako sam postati velemojster\u00ab, \u00bbZgodovina \u0161ahovske revolucije 1911.-1914. leta\u00ab, \u00bbMoj sistem in novopridobljeni opitimizem\u00ab in [&hellip;]<\/p>","protected":false},"featured_media":49261,"comment_status":"closed","ping_status":"closed","template":"","meta":{"_seopress_robots_primary_cat":"none","_seopress_titles_title":"","_seopress_titles_desc":"","_seopress_robots_index":""},"product_brand":[],"product_cat":[608,512],"product_tag":[],"class_list":{"0":"post-49247","1":"product","2":"type-product","3":"status-publish","4":"has-post-thumbnail","6":"product_cat-strategija-in-taktika","7":"product_cat-sahovske-knjige","8":"pa_avtor-aaron-nimcovic","9":"pa_leto-izdaje-1014","10":"pa_nivo-knjige-srednji","11":"pa_stran-oboje-nevtralno","12":"pa_tip-knjige-biografije-zgodovina","13":"pa_tip-knjige-zbirke-partij-komentirane-partije","14":"pa_zalozba-sahohlacnik","16":"entry","17":"has-media","19":"first","20":"instock","21":"taxable","22":"shipping-taxable","23":"purchasable","24":"product-type-simple","25":"has-product-nav","26":"col","27":"span_1_of_4","28":"owp-content-center","29":"item-entry","30":"owp-thumbs-layout-horizontal","31":"owp-btn-normal","32":"owp-tabs-layout-section","33":"has-no-thumbnails"},"wcpa_form_fields":null,"_links":{"self":[{"href":"https:\/\/chessgamesemporium.com\/es\/wp-json\/wp\/v2\/product\/49247","targetHints":{"allow":["GET"]}}],"collection":[{"href":"https:\/\/chessgamesemporium.com\/es\/wp-json\/wp\/v2\/product"}],"about":[{"href":"https:\/\/chessgamesemporium.com\/es\/wp-json\/wp\/v2\/types\/product"}],"replies":[{"embeddable":true,"href":"https:\/\/chessgamesemporium.com\/es\/wp-json\/wp\/v2\/comments?post=49247"}],"version-history":[{"count":0,"href":"https:\/\/chessgamesemporium.com\/es\/wp-json\/wp\/v2\/product\/49247\/revisions"}],"wp:featuredmedia":[{"embeddable":true,"href":"https:\/\/chessgamesemporium.com\/es\/wp-json\/wp\/v2\/media\/49261"}],"wp:attachment":[{"href":"https:\/\/chessgamesemporium.com\/es\/wp-json\/wp\/v2\/media?parent=49247"}],"wp:term":[{"taxonomy":"product_brand","embeddable":true,"href":"https:\/\/chessgamesemporium.com\/es\/wp-json\/wp\/v2\/product_brand?post=49247"},{"taxonomy":"product_cat","embeddable":true,"href":"https:\/\/chessgamesemporium.com\/es\/wp-json\/wp\/v2\/product_cat?post=49247"},{"taxonomy":"product_tag","embeddable":true,"href":"https:\/\/chessgamesemporium.com\/es\/wp-json\/wp\/v2\/product_tag?post=49247"}],"curies":[{"name":"wp","href":"https:\/\/api.w.org\/{rel}","templated":true}]}}