{"id":49257,"date":"2023-06-08T10:10:44","date_gmt":"2023-06-08T10:10:44","guid":{"rendered":"https:\/\/www.ivh44.si\/Ponudbe\/chess\/?post_type=product&#038;p=49257"},"modified":"2024-03-26T09:17:13","modified_gmt":"2024-03-26T09:17:13","slug":"sadejstvo-teskih-figura","status":"publish","type":"product","link":"https:\/\/chessgamesemporium.com\/es\/shop\/vsi-izdelki\/sadejstvo-teskih-figura\/","title":{"rendered":"SADEJSTVO TE\u0160KIH FIGURA"},"content":{"rendered":"<p>Avtor: J.Damski<br \/>\nLeto izdaje: 2005<br \/>\nJezik: Srbski<br \/>\n\u0160t. strani: 153<br \/>\nFormat: 21 x 14,8 cm<br \/>\nEncuadernaci\u00f3n: tapa blanda<\/p>\n<p><span style=\"font-family: verdana; font-size: medium;\">Eden od osnovnih \u0161ahovskih principov je \u00bbskladnost\u00ab figur. Posebno mesto v razli\u010dnih oblikah skladnosti imata dama in top. Prav od njihovega usklajenega delovanja je odvisna usoda partije. Avtor na mnogih primerih prika\u017ee usklajenost te\u017ekih figur.<\/span><\/p>\n<p>Knjiga je primerna za mo\u010dnej\u0161e \u0161ahiste.<\/p>","protected":false},"excerpt":{"rendered":"<p>Avtor: J.Damski Leto izdaje: 2005 Jezik: Srbski \u0160t. strani: 153 Format: 21 x 14,8 cm Platnice: mehke Eden od osnovnih \u0161ahovskih principov je \u00bbskladnost\u00ab figur. Posebno mesto v razli\u010dnih oblikah skladnosti imata dama in top. Prav od njihovega usklajenega delovanja je odvisna usoda partije. Avtor na mnogih primerih prika\u017ee usklajenost te\u017ekih figur. Knjiga je primerna [&hellip;]<\/p>","protected":false},"featured_media":49288,"comment_status":"closed","ping_status":"closed","template":"","meta":{"_seopress_robots_primary_cat":"none","_seopress_titles_title":"","_seopress_titles_desc":"","_seopress_robots_index":""},"product_brand":[],"product_cat":[194],"product_tag":[],"class_list":{"0":"post-49257","1":"product","2":"type-product","3":"status-publish","4":"has-post-thumbnail","6":"product_cat-vsi-izdelki","8":"entry","9":"has-media","11":"first","12":"instock","13":"taxable","14":"shipping-taxable","15":"purchasable","16":"product-type-simple","17":"has-product-nav","18":"col","19":"span_1_of_4","20":"owp-content-center","21":"item-entry","22":"owp-thumbs-layout-horizontal","23":"owp-btn-normal","24":"owp-tabs-layout-section","25":"has-no-thumbnails"},"wcpa_form_fields":null,"_links":{"self":[{"href":"https:\/\/chessgamesemporium.com\/es\/wp-json\/wp\/v2\/product\/49257","targetHints":{"allow":["GET"]}}],"collection":[{"href":"https:\/\/chessgamesemporium.com\/es\/wp-json\/wp\/v2\/product"}],"about":[{"href":"https:\/\/chessgamesemporium.com\/es\/wp-json\/wp\/v2\/types\/product"}],"replies":[{"embeddable":true,"href":"https:\/\/chessgamesemporium.com\/es\/wp-json\/wp\/v2\/comments?post=49257"}],"version-history":[{"count":0,"href":"https:\/\/chessgamesemporium.com\/es\/wp-json\/wp\/v2\/product\/49257\/revisions"}],"wp:featuredmedia":[{"embeddable":true,"href":"https:\/\/chessgamesemporium.com\/es\/wp-json\/wp\/v2\/media\/49288"}],"wp:attachment":[{"href":"https:\/\/chessgamesemporium.com\/es\/wp-json\/wp\/v2\/media?parent=49257"}],"wp:term":[{"taxonomy":"product_brand","embeddable":true,"href":"https:\/\/chessgamesemporium.com\/es\/wp-json\/wp\/v2\/product_brand?post=49257"},{"taxonomy":"product_cat","embeddable":true,"href":"https:\/\/chessgamesemporium.com\/es\/wp-json\/wp\/v2\/product_cat?post=49257"},{"taxonomy":"product_tag","embeddable":true,"href":"https:\/\/chessgamesemporium.com\/es\/wp-json\/wp\/v2\/product_tag?post=49257"}],"curies":[{"name":"wp","href":"https:\/\/api.w.org\/{rel}","templated":true}]}}