{"id":49298,"date":"2023-06-08T11:12:20","date_gmt":"2023-06-08T11:12:20","guid":{"rendered":"https:\/\/www.ivh44.si\/Ponudbe\/chess\/?post_type=product&#038;p=49298"},"modified":"2024-05-28T08:59:12","modified_gmt":"2024-05-28T08:59:12","slug":"put-ka-majstorstvu","status":"publish","type":"product","link":"https:\/\/chessgamesemporium.com\/es\/shop\/vsi-izdelki\/put-ka-majstorstvu\/","title":{"rendered":"PUT ka MAJSTORSTVU"},"content":{"rendered":"<p>Avtor: A. Suetin<br \/>\nLeto izdaje: 2005<br \/>\nJezik: Srbski<br \/>\n\u0160t. strani: 169<br \/>\nFormat: 21 x 14,8 cm<br \/>\nEncuadernaci\u00f3n: tapa blanda<\/p>\n<p>Kako dose\u010di mojstrstvo? Na to vpra\u0161anje odgovarja velemojster A. Suetin. Knjigo avtor namenja predvsem tistim, ki so si to te\u017eko, a lepo nalogo zadali. Ali je obvezno natan\u010dno ra\u010dunanje variant ali je dovolj intuicija? Kdaj je rizik opravi\u010dljiv, kdaj ne? Kako so igrali \u0161ahovski klasiki? O vseh teh vpra\u0161anjih poda svoje mnenje, podprt s primeri turnirske prakse.<\/p>\n<p>Knjiga je namenjena mo\u010dnej\u0161im \u0161ahistom.<\/p>","protected":false},"excerpt":{"rendered":"<p>Avtor: A. Suetin Leto izdaje: 2005 Jezik: Srbski \u0160t. strani: 169 Format: 21 x 14,8 cm Platnice: mehke Kako dose\u010di mojstrstvo? Na to vpra\u0161anje odgovarja velemojster A. Suetin. Knjigo avtor namenja predvsem tistim, ki so si to te\u017eko, a lepo nalogo zadali. Ali je obvezno natan\u010dno ra\u010dunanje variant ali je dovolj intuicija? Kdaj je rizik [&hellip;]<\/p>","protected":false},"featured_media":49324,"comment_status":"closed","ping_status":"closed","template":"","meta":{"_seopress_robots_primary_cat":"none","_seopress_titles_title":"","_seopress_titles_desc":"","_seopress_robots_index":""},"product_brand":[],"product_cat":[194],"product_tag":[],"class_list":{"0":"post-49298","1":"product","2":"type-product","3":"status-publish","4":"has-post-thumbnail","6":"product_cat-vsi-izdelki","8":"entry","9":"has-media","11":"first","12":"outofstock","13":"taxable","14":"shipping-taxable","15":"purchasable","16":"product-type-simple","17":"has-product-nav","18":"col","19":"span_1_of_4","20":"owp-content-center","21":"item-entry","22":"owp-thumbs-layout-horizontal","23":"owp-btn-normal","24":"owp-tabs-layout-section","25":"has-no-thumbnails"},"wcpa_form_fields":null,"_links":{"self":[{"href":"https:\/\/chessgamesemporium.com\/es\/wp-json\/wp\/v2\/product\/49298","targetHints":{"allow":["GET"]}}],"collection":[{"href":"https:\/\/chessgamesemporium.com\/es\/wp-json\/wp\/v2\/product"}],"about":[{"href":"https:\/\/chessgamesemporium.com\/es\/wp-json\/wp\/v2\/types\/product"}],"replies":[{"embeddable":true,"href":"https:\/\/chessgamesemporium.com\/es\/wp-json\/wp\/v2\/comments?post=49298"}],"version-history":[{"count":0,"href":"https:\/\/chessgamesemporium.com\/es\/wp-json\/wp\/v2\/product\/49298\/revisions"}],"wp:featuredmedia":[{"embeddable":true,"href":"https:\/\/chessgamesemporium.com\/es\/wp-json\/wp\/v2\/media\/49324"}],"wp:attachment":[{"href":"https:\/\/chessgamesemporium.com\/es\/wp-json\/wp\/v2\/media?parent=49298"}],"wp:term":[{"taxonomy":"product_brand","embeddable":true,"href":"https:\/\/chessgamesemporium.com\/es\/wp-json\/wp\/v2\/product_brand?post=49298"},{"taxonomy":"product_cat","embeddable":true,"href":"https:\/\/chessgamesemporium.com\/es\/wp-json\/wp\/v2\/product_cat?post=49298"},{"taxonomy":"product_tag","embeddable":true,"href":"https:\/\/chessgamesemporium.com\/es\/wp-json\/wp\/v2\/product_tag?post=49298"}],"curies":[{"name":"wp","href":"https:\/\/api.w.org\/{rel}","templated":true}]}}