{"id":49427,"date":"2023-06-21T10:16:49","date_gmt":"2023-06-21T10:16:49","guid":{"rendered":"https:\/\/www.ivh44.si\/Ponudbe\/chess\/?post_type=product&#038;p=49427"},"modified":"2026-03-12T13:09:11","modified_gmt":"2026-03-12T13:09:11","slug":"analyzing-the-chess-mind","status":"publish","type":"product","link":"https:\/\/chessgamesemporium.com\/es\/shop\/libros-ajedrez\/estrategia-y-tactica\/analyzing-the-chess-mind\/","title":{"rendered":"Analyzing the Chess Mind"},"content":{"rendered":"<p>Avtor: Boris Gulko, Dr. Joel R. Sneed<br \/>\nLeto izdaje: 2022<br \/>\nIdioma: Ingl\u00e9s<br \/>\n\u0160t. strani: 224<br \/>\nFormato: 24 \u00d7 17 cm<br \/>\nEncuadernaci\u00f3n: tapa blanda<\/p>\n<p>Analiza \u0161ahovskega uma je raziskovanje psihologije v \u0161ahu. Psihologija vpliva na \u0161ahovske poteze, ki jih delamo, kot avtorji zabavno ponazarjajo v strokovno komentiranih primerih, vendar na\u0161a osebna \u0161ahovska psihologija ni fiksna. Svojo \u0161ahovsko psihologijo lahko izbolj\u0161amo in avtorji ka\u017eejo, kako.<\/p>\n<p>Za pisanje o \u0161ahovski psihologiji bi bili idealni avtorji \u0161ahovske ve\u0161\u010dine svetovnega razreda in visoke strokovne kvalifikacije na podro\u010dju psihologije, zato sta GM Boris Gulko in dr. Joel Sneed popolna za nalogo Analize \u0161ahovskega uma.<\/p>\n<p>GM Boris Gulko je eden redkih igralcev, ki ima plus rezultat proti Gariju Kasparovu, in je tudi edini \u010dlovek, ki je bil sovjetski in ameri\u0161ki \u0161ahovski prvak. Ima magisterij iz psihologije na Moskovski dr\u017eavni univerzi.<\/p>\n<p>Dr. Joel R. Sneed je profesor psihologije na Mestni univerzi v New Yorku in navdu\u0161en amaterski igralec \u0161aha.<\/p>","protected":false},"excerpt":{"rendered":"<p><a href=\"https:\/\/chessgamesemporium.com\/wp-content\/uploads\/2023\/06\/AnalyzingtheChessMind-excerpt.pdf\" target=\"_blank\" rel=\"noopener\">Extracto en PDF<\/a><\/p>","protected":false},"featured_media":49440,"comment_status":"closed","ping_status":"closed","template":"","meta":{"_seopress_robots_primary_cat":"none","_seopress_titles_title":"","_seopress_titles_desc":"","_seopress_robots_index":""},"product_brand":[],"product_cat":[512,608],"product_tag":[],"class_list":{"0":"post-49427","1":"product","2":"type-product","3":"status-publish","4":"has-post-thumbnail","6":"product_cat-sahovske-knjige","7":"product_cat-strategija-in-taktika","8":"pa_avtor-boris-gulko","9":"pa_avtor-dr-joel-r-sneed","10":"pa_leto-izdaje-1037","11":"pa_nivo-knjige-napredni","12":"pa_stran-oboje-nevtralno","13":"pa_tip-knjige-srednja-igra-strategija","14":"pa_zalozba-quality-chess","16":"entry","17":"has-media","19":"first","20":"instock","21":"taxable","22":"shipping-taxable","23":"purchasable","24":"product-type-simple","25":"has-product-nav","26":"col","27":"span_1_of_4","28":"owp-content-center","29":"item-entry","30":"owp-thumbs-layout-horizontal","31":"owp-btn-normal","32":"owp-tabs-layout-section"},"wcpa_form_fields":null,"_links":{"self":[{"href":"https:\/\/chessgamesemporium.com\/es\/wp-json\/wp\/v2\/product\/49427","targetHints":{"allow":["GET"]}}],"collection":[{"href":"https:\/\/chessgamesemporium.com\/es\/wp-json\/wp\/v2\/product"}],"about":[{"href":"https:\/\/chessgamesemporium.com\/es\/wp-json\/wp\/v2\/types\/product"}],"replies":[{"embeddable":true,"href":"https:\/\/chessgamesemporium.com\/es\/wp-json\/wp\/v2\/comments?post=49427"}],"version-history":[{"count":0,"href":"https:\/\/chessgamesemporium.com\/es\/wp-json\/wp\/v2\/product\/49427\/revisions"}],"wp:featuredmedia":[{"embeddable":true,"href":"https:\/\/chessgamesemporium.com\/es\/wp-json\/wp\/v2\/media\/49440"}],"wp:attachment":[{"href":"https:\/\/chessgamesemporium.com\/es\/wp-json\/wp\/v2\/media?parent=49427"}],"wp:term":[{"taxonomy":"product_brand","embeddable":true,"href":"https:\/\/chessgamesemporium.com\/es\/wp-json\/wp\/v2\/product_brand?post=49427"},{"taxonomy":"product_cat","embeddable":true,"href":"https:\/\/chessgamesemporium.com\/es\/wp-json\/wp\/v2\/product_cat?post=49427"},{"taxonomy":"product_tag","embeddable":true,"href":"https:\/\/chessgamesemporium.com\/es\/wp-json\/wp\/v2\/product_tag?post=49427"}],"curies":[{"name":"wp","href":"https:\/\/api.w.org\/{rel}","templated":true}]}}