{"id":49629,"date":"2023-07-18T08:44:19","date_gmt":"2023-07-18T08:44:19","guid":{"rendered":"https:\/\/www.ivh44.si\/Ponudbe\/chess\/?post_type=product&#038;p=49629"},"modified":"2023-07-18T08:44:19","modified_gmt":"2023-07-18T08:44:19","slug":"sahovski-komplet-antique-classic","status":"publish","type":"product","link":"https:\/\/chessgamesemporium.com\/es\/shop\/vsi-izdelki\/sahovski-komplet-antique-classic\/","title":{"rendered":"\u0160ahovski Komplet ANTIQUE CLASSIC"},"content":{"rendered":"<p>Piezas de ajedrez de madera, dise\u00f1o cl\u00e1sico Staunton.<\/p>\n<p>Material:<br \/>\nSheesham \/ boj.<\/p>\n<p>Barnizadas, con caballos hechos a mano.<br \/>\nBases pesadas de piel sint\u00e9tica.<\/p>\n<p>Dimensiones: (altura | ancho de la base)<br \/>\nRey: 8,7 cm | 3,1 cm<br \/>\nReina: 7,3 cm | 3,1 cm<br \/>\nTorre: 4,8 cm | 2,8 cm<br \/>\nAlfil: 6,6 cm | 2,8 cm<br \/>\nCaballo: 5,9 cm | 2,8 cm<br \/>\nPe\u00f3n: 4,5 cm | 2,4 cm<\/p>\n<p>Tablero de ajedrez de madera:<\/p>\n<p>Luksuzni ro\u010dno narejena \u0161ah iz oreha, biserovine in umetnosti mozaika<br \/>\nEste tablero no est\u00e1 pintado, lo que permite apreciar los colores naturales de la madera.<br \/>\nEl tablero est\u00e1 barnizado para realzar su brillo y proteger la madera.<\/p>\n<p>Dimensiones de las casillas: 41 \u00d7 41 mm<br \/>\nDimenzije \u0161ahovnice: 51 x 47 x 8 cm<\/p>\n<p>\u00a1Advertencia! \u00a1No apto para ni\u00f1os menores de 3 a\u00f1os debido a las piezas peque\u00f1as! Peligro de asfixia.<\/p>","protected":false},"excerpt":{"rendered":"<p>Lesene \u0161ahovske figure &#8211; klasi\u010dni Staunton design. Material: Palisander \/ Pu\u0161pan (sheesham and boxwood) Lakirane, skaka\u010d ro\u010dno izdelan Obte\u017eene, podlo\u017een z umetnim usnjem Dimenzije: (vi\u0161ina figure | premer podlage): Kralj: 8,7 cm | 3,1 cm Dama: 7,3 cm | 3,1 cm Top: 4,8 cm | 2,8 cm Lovec: 6,6 cm | 2,8 cm Skaka\u010d: 5,9 [&hellip;]<\/p>","protected":false},"featured_media":49664,"comment_status":"closed","ping_status":"closed","template":"","meta":{"_seopress_robots_primary_cat":"","_seopress_titles_title":"","_seopress_titles_desc":"","_seopress_robots_index":""},"product_brand":[],"product_cat":[194],"product_tag":[],"class_list":{"0":"post-49629","1":"product","2":"type-product","3":"status-publish","4":"has-post-thumbnail","6":"product_cat-vsi-izdelki","8":"entry","9":"has-media","11":"first","12":"instock","13":"taxable","14":"shipping-taxable","15":"purchasable","16":"product-type-simple","17":"has-product-nav","18":"col","19":"span_1_of_4","20":"owp-content-center","21":"item-entry","22":"owp-thumbs-layout-horizontal","23":"owp-btn-normal","24":"owp-tabs-layout-section"},"wcpa_form_fields":null,"_links":{"self":[{"href":"https:\/\/chessgamesemporium.com\/es\/wp-json\/wp\/v2\/product\/49629","targetHints":{"allow":["GET"]}}],"collection":[{"href":"https:\/\/chessgamesemporium.com\/es\/wp-json\/wp\/v2\/product"}],"about":[{"href":"https:\/\/chessgamesemporium.com\/es\/wp-json\/wp\/v2\/types\/product"}],"replies":[{"embeddable":true,"href":"https:\/\/chessgamesemporium.com\/es\/wp-json\/wp\/v2\/comments?post=49629"}],"version-history":[{"count":0,"href":"https:\/\/chessgamesemporium.com\/es\/wp-json\/wp\/v2\/product\/49629\/revisions"}],"wp:featuredmedia":[{"embeddable":true,"href":"https:\/\/chessgamesemporium.com\/es\/wp-json\/wp\/v2\/media\/49664"}],"wp:attachment":[{"href":"https:\/\/chessgamesemporium.com\/es\/wp-json\/wp\/v2\/media?parent=49629"}],"wp:term":[{"taxonomy":"product_brand","embeddable":true,"href":"https:\/\/chessgamesemporium.com\/es\/wp-json\/wp\/v2\/product_brand?post=49629"},{"taxonomy":"product_cat","embeddable":true,"href":"https:\/\/chessgamesemporium.com\/es\/wp-json\/wp\/v2\/product_cat?post=49629"},{"taxonomy":"product_tag","embeddable":true,"href":"https:\/\/chessgamesemporium.com\/es\/wp-json\/wp\/v2\/product_tag?post=49629"}],"curies":[{"name":"wp","href":"https:\/\/api.w.org\/{rel}","templated":true}]}}