{"id":49630,"date":"2023-07-18T08:47:57","date_gmt":"2023-07-18T08:47:57","guid":{"rendered":"https:\/\/www.ivh44.si\/Ponudbe\/chess\/?post_type=product&#038;p=49630"},"modified":"2025-02-25T08:58:11","modified_gmt":"2025-02-25T08:58:11","slug":"anticna-sahovska-garnitura-collective-archers","status":"publish","type":"product","link":"https:\/\/chessgamesemporium.com\/es\/shop\/sahovski-kompleti\/ekskluzivne-garniture\/anticna-sahovska-garnitura-collective-archers\/","title":{"rendered":"Juego de ajedrez antiguo Collective Archers"},"content":{"rendered":"<p>Piezas de ajedrez<br \/>\nMetal, fieltro, dise\u00f1o antiguo<\/p>\n<p>Altura del rey: 9,5 cm<br \/>\nMaterial: Aleaci\u00f3n de zinc<\/p>\n<p>La leyenda<\/p>\n<p>Una gloriosa ciudad era motivo de disputa entre dos poderosos dioses. Poseid\u00f3n, dios del mar, y Atenea, diosa de la sabidur\u00eda, deseaban que la ciudad llevara su nombre. El conflicto divino fue feroz, as\u00ed que Zeus decret\u00f3 que cada dios deb\u00eda hacer una oferta a los ciudadanos. Poseid\u00f3n alz\u00f3 su tridente y golpe\u00f3 la roca de la Acr\u00f3polis, de donde brot\u00f3 agua de mar. \u00abOs advertir\u00e1 de las tormentas venideras. Vuestra ciudad conquistar\u00e1 los mares\u00bb, dijo. Atenea se arrodill\u00f3 y toc\u00f3 el suelo, donde comenz\u00f3 a crecer un olivo. \u00abPara alimento, aceite, madera y luz. Vuestra ciudad se convertir\u00e1 en el s\u00edmbolo de la civilizaci\u00f3n\u00bb. A pesar de la furia de Poseid\u00f3n, el regalo de Atenea fue el preferido y, desde entonces, la ciudad se llama Atenas.<\/p>\n<p>Las piezas<\/p>\n<p>Los escultores griegos adoraban recrear este conflicto divino a trav\u00e9s de su arte. El rey es una r\u00e9plica de la famosa estatua de \u00abPoseid\u00f3n de Melos\u00bb (siglo II a. C.), y la reina representa a la gloriosa \u00abAtenea Promacos\u00bb (450 a. C., Museo de la Acr\u00f3polis). Una estatua helen\u00edstica de bronce inspir\u00f3 al alfil, y el caballo forma parte de la fachada de m\u00e1rmol del Parten\u00f3n, esculpida por Fidias. La torre es una reproducci\u00f3n de una de las estelas \u00e1ticas m\u00e1s admirables, dedicada al joven Arisci\u00f3n, quien muri\u00f3 en batalla. Finalmente, el pe\u00f3n es una estatua de bronce de un guerrero completamente armado, del a\u00f1o 500 a. C.<\/p>\n<p>Tablero de ajedrez:<br \/>\nTablero de ajedrez de lujo de alta calidad, hecho a mano en madera de nogal con incrustaciones de mosaico de madera.<br \/>\nEste tablero no est\u00e1 pintado, lo que permite apreciar los colores naturales de la madera.<br \/>\nEl tablero est\u00e1 barnizado para realzar su brillo y proteger la madera.<\/p>\n<p>Dimensiones de las casillas: 50 x 50 mm<br \/>\nTama\u00f1o del tablero: 53 \u00d7 53 \u00d7 7 cm<br \/>\nMaterial: Madera de nogal<\/p>\n<p>No apto para ni\u00f1os menores de 3 a\u00f1os.<\/p>","protected":false},"excerpt":{"rendered":"<p>\u0160ahovske figure: Kovinske, podlo\u017eene, anti\u010dni dizajn Vi\u0161ina kralja: 9,5 cm Material: Cinkova zlitina Legenda Veli\u010dastno mesto je bilo v osredju spora med dvema mogo\u010dnima bogovoma. Mesto sta po sebi \u017eelela poimenovati tako Pozejdon, bog morja, kot Atena, boginja modrosti.Ta bo\u017eji spopad je bil tako silovit, da je Zevs dolo\u010dil, naj vsak od bogov me\u0161\u010danom pripravi [&hellip;]<\/p>","protected":false},"featured_media":49667,"comment_status":"closed","ping_status":"closed","template":"","meta":{"_seopress_robots_primary_cat":"none","_seopress_titles_title":"","_seopress_titles_desc":"","_seopress_robots_index":""},"product_brand":[],"product_cat":[611,510],"product_tag":[],"class_list":{"0":"post-49630","1":"product","2":"type-product","3":"status-publish","4":"has-post-thumbnail","6":"product_cat-ekskluzivne-garniture","7":"product_cat-sahovski-kompleti","9":"entry","10":"has-media","12":"first","13":"instock","14":"taxable","15":"shipping-taxable","16":"purchasable","17":"product-type-simple","18":"has-product-nav","19":"col","20":"span_1_of_4","21":"owp-content-center","22":"item-entry","23":"owp-thumbs-layout-horizontal","24":"owp-btn-normal","25":"owp-tabs-layout-section"},"wcpa_form_fields":null,"_links":{"self":[{"href":"https:\/\/chessgamesemporium.com\/es\/wp-json\/wp\/v2\/product\/49630","targetHints":{"allow":["GET"]}}],"collection":[{"href":"https:\/\/chessgamesemporium.com\/es\/wp-json\/wp\/v2\/product"}],"about":[{"href":"https:\/\/chessgamesemporium.com\/es\/wp-json\/wp\/v2\/types\/product"}],"replies":[{"embeddable":true,"href":"https:\/\/chessgamesemporium.com\/es\/wp-json\/wp\/v2\/comments?post=49630"}],"version-history":[{"count":0,"href":"https:\/\/chessgamesemporium.com\/es\/wp-json\/wp\/v2\/product\/49630\/revisions"}],"wp:featuredmedia":[{"embeddable":true,"href":"https:\/\/chessgamesemporium.com\/es\/wp-json\/wp\/v2\/media\/49667"}],"wp:attachment":[{"href":"https:\/\/chessgamesemporium.com\/es\/wp-json\/wp\/v2\/media?parent=49630"}],"wp:term":[{"taxonomy":"product_brand","embeddable":true,"href":"https:\/\/chessgamesemporium.com\/es\/wp-json\/wp\/v2\/product_brand?post=49630"},{"taxonomy":"product_cat","embeddable":true,"href":"https:\/\/chessgamesemporium.com\/es\/wp-json\/wp\/v2\/product_cat?post=49630"},{"taxonomy":"product_tag","embeddable":true,"href":"https:\/\/chessgamesemporium.com\/es\/wp-json\/wp\/v2\/product_tag?post=49630"}],"curies":[{"name":"wp","href":"https:\/\/api.w.org\/{rel}","templated":true}]}}