{"id":49631,"date":"2023-07-18T11:42:07","date_gmt":"2023-07-18T11:42:07","guid":{"rendered":"https:\/\/www.ivh44.si\/Ponudbe\/chess\/?post_type=product&#038;p=49631"},"modified":"2024-04-11T08:16:40","modified_gmt":"2024-04-11T08:16:40","slug":"sahovski-komplet-antique-nyb","status":"publish","type":"product","link":"https:\/\/chessgamesemporium.com\/es\/shop\/sahovski-kompleti\/ekskluzivne-garniture\/sahovski-komplet-antique-nyb\/","title":{"rendered":"Juego de ajedrez ANTIGUO NYB"},"content":{"rendered":"<p>Piezas de ajedrez:<br \/>\nUn juego de ajedrez de exquisita elaboraci\u00f3n, con un caballo detallado.<br \/>\nReinas adicionales<br \/>\nColor: Negro\/Natural, piezas pulidas<br \/>\nPesadas y barnizadas<br \/>\nMaterial: Palo de rosa<\/p>\n<p>Dimensiones: (altura | ancho de la base)<br \/>\nRey: 8,2 cm | 3,4 cm<br \/>\nReina: 6,7 cm | 3,2 cm<br \/>\nTorre: 4,6 cm | 3,0 cm<br \/>\nAlfil: 6,2 cm | 3,0 cm<br \/>\nCaballo: 6,0 cm | 3,0 cm<br \/>\nPe\u00f3n: 4,7 cm | 2,8 cm<\/p>\n<p>Tablero de ajedrez de madera:<br \/>\nLujoso juego de ajedrez de madera hecho a mano en palisandro con incrustaciones de n\u00e1car y mosaico de madera.<br \/>\nEste tablero no est\u00e1 pintado, lo que permite apreciar los colores naturales de la madera.<br \/>\nEl tablero est\u00e1 barnizado para realzar su brillo y proteger la madera.<\/p>\n<p>Dimensiones de las casillas: 41 \u00d7 41 mm<br \/>\nTama\u00f1o del tablero: 51 x 47 x 8 cm<\/p>\n<p>\u00a1Advertencia! \u00a1No apto para ni\u00f1os menores de 3 a\u00f1os debido a las piezas peque\u00f1as! Peligro de asfixia.<\/p>","protected":false},"excerpt":{"rendered":"<p>Figure: Zelo lepo izoblikovane figure, skaka\u010d z detajli Dodatni 2 kraljici Barva: \u010drna\/naravna, polirane figure Obte\u017eene in oblo\u017eene Material: Indijski Palisander Dimenzije: (vi\u0161ina figure | premer podlage) Kralj: 8,2 cm | 3,4 cm Dama: 6,7 cm | 3,2 cm Top: 4,6 cm | 3,0 cm Lovec: 6,2 cm | 3,0 cm Skaka\u010d: 6,0 cm | [&hellip;]<\/p>","protected":false},"featured_media":49679,"comment_status":"closed","ping_status":"closed","template":"","meta":{"_seopress_robots_primary_cat":"none","_seopress_titles_title":"","_seopress_titles_desc":"","_seopress_robots_index":""},"product_brand":[],"product_cat":[611,510],"product_tag":[],"class_list":{"0":"post-49631","1":"product","2":"type-product","3":"status-publish","4":"has-post-thumbnail","6":"product_cat-ekskluzivne-garniture","7":"product_cat-sahovski-kompleti","9":"entry","10":"has-media","12":"first","13":"instock","14":"taxable","15":"shipping-taxable","16":"purchasable","17":"product-type-simple","18":"has-product-nav","19":"col","20":"span_1_of_4","21":"owp-content-center","22":"item-entry","23":"owp-thumbs-layout-horizontal","24":"owp-btn-normal","25":"owp-tabs-layout-section"},"wcpa_form_fields":null,"_links":{"self":[{"href":"https:\/\/chessgamesemporium.com\/es\/wp-json\/wp\/v2\/product\/49631","targetHints":{"allow":["GET"]}}],"collection":[{"href":"https:\/\/chessgamesemporium.com\/es\/wp-json\/wp\/v2\/product"}],"about":[{"href":"https:\/\/chessgamesemporium.com\/es\/wp-json\/wp\/v2\/types\/product"}],"replies":[{"embeddable":true,"href":"https:\/\/chessgamesemporium.com\/es\/wp-json\/wp\/v2\/comments?post=49631"}],"version-history":[{"count":0,"href":"https:\/\/chessgamesemporium.com\/es\/wp-json\/wp\/v2\/product\/49631\/revisions"}],"wp:featuredmedia":[{"embeddable":true,"href":"https:\/\/chessgamesemporium.com\/es\/wp-json\/wp\/v2\/media\/49679"}],"wp:attachment":[{"href":"https:\/\/chessgamesemporium.com\/es\/wp-json\/wp\/v2\/media?parent=49631"}],"wp:term":[{"taxonomy":"product_brand","embeddable":true,"href":"https:\/\/chessgamesemporium.com\/es\/wp-json\/wp\/v2\/product_brand?post=49631"},{"taxonomy":"product_cat","embeddable":true,"href":"https:\/\/chessgamesemporium.com\/es\/wp-json\/wp\/v2\/product_cat?post=49631"},{"taxonomy":"product_tag","embeddable":true,"href":"https:\/\/chessgamesemporium.com\/es\/wp-json\/wp\/v2\/product_tag?post=49631"}],"curies":[{"name":"wp","href":"https:\/\/api.w.org\/{rel}","templated":true}]}}