{"id":49682,"date":"2023-07-18T11:50:12","date_gmt":"2023-07-18T11:50:12","guid":{"rendered":"https:\/\/www.ivh44.si\/Ponudbe\/chess\/?post_type=product&#038;p=49682"},"modified":"2026-01-26T12:06:53","modified_gmt":"2026-01-26T12:06:53","slug":"luksuzni-sah-herkules","status":"publish","type":"product","link":"https:\/\/chessgamesemporium.com\/es\/shop\/sahovski-kompleti\/ekskluzivne-garniture\/luksuzni-sah-herkules\/","title":{"rendered":"Juego de ajedrez de lujo H\u00e9rcules"},"content":{"rendered":"<p>Dimensiones: 36 x 36 cm<br>\nColor: Piezas de ajedrez doradas y plateadas, tablero de ajedrez bronce<br>\nJuego de ajedrez de lujo inspirado en la mitolog\u00eda griega<\/p>\n<p>La leyenda<\/p>\n<p>H\u00e9rcules (Pe\u00f3n), el mayor h\u00e9roe de la mitolog\u00eda, suele representarse con la piel de le\u00f3n de su primer trabajo. Zeus (Rey), su padre y rey \u200b\u200bde los dioses, se yergue todopoderoso con su rayo en la mano. Atenea (Reina), defensora armada de la justicia, siempre protegi\u00f3 a H\u00e9rcules. Apolo (Alfil) particip\u00f3 en la Batalla de los Gigantes. El Centauro (Caballero) secuestr\u00f3 a la esposa de H\u00e9rcules, por lo que el h\u00e9roe lo mat\u00f3 para salvarla. Ir\u00f3nicamente, a\u00f1os despu\u00e9s, fue su sangre venenosa la que caus\u00f3 la muerte de H\u00e9rcules.<\/p>","protected":false},"excerpt":{"rendered":"<p>Dimenzije 36 x 36 cm V zlato srebrni barvi Luksuzni \u0161ah s figurami gr\u0161ke mitologije Legenda Herkul (kmet), najve\u010dji junak mitologije, je pogosto upodobljen v levji ko\u017ei iz svojega prvega dejanja. Zeus (kralj), njegov o\u010de in kralj bogov, stoji vsemogo\u010den s svojo strelo v roki. Atena (kraljica), oboro\u017eena zagovornica pravice, je vedno varovala Herkula. Apolon [&hellip;]<\/p>","protected":false},"featured_media":49694,"comment_status":"closed","ping_status":"closed","template":"","meta":{"_seopress_robots_primary_cat":"none","_seopress_titles_title":"","_seopress_titles_desc":"","_seopress_robots_index":""},"product_brand":[],"product_cat":[611,510],"product_tag":[],"class_list":{"0":"post-49682","1":"product","2":"type-product","3":"status-publish","4":"has-post-thumbnail","6":"product_cat-ekskluzivne-garniture","7":"product_cat-sahovski-kompleti","9":"entry","10":"has-media","12":"first","13":"instock","14":"taxable","15":"shipping-taxable","16":"purchasable","17":"product-type-simple","18":"has-product-nav","19":"col","20":"span_1_of_4","21":"owp-content-center","22":"item-entry","23":"owp-thumbs-layout-horizontal","24":"owp-btn-normal","25":"owp-tabs-layout-section"},"wcpa_form_fields":null,"_links":{"self":[{"href":"https:\/\/chessgamesemporium.com\/es\/wp-json\/wp\/v2\/product\/49682","targetHints":{"allow":["GET"]}}],"collection":[{"href":"https:\/\/chessgamesemporium.com\/es\/wp-json\/wp\/v2\/product"}],"about":[{"href":"https:\/\/chessgamesemporium.com\/es\/wp-json\/wp\/v2\/types\/product"}],"replies":[{"embeddable":true,"href":"https:\/\/chessgamesemporium.com\/es\/wp-json\/wp\/v2\/comments?post=49682"}],"version-history":[{"count":0,"href":"https:\/\/chessgamesemporium.com\/es\/wp-json\/wp\/v2\/product\/49682\/revisions"}],"wp:featuredmedia":[{"embeddable":true,"href":"https:\/\/chessgamesemporium.com\/es\/wp-json\/wp\/v2\/media\/49694"}],"wp:attachment":[{"href":"https:\/\/chessgamesemporium.com\/es\/wp-json\/wp\/v2\/media?parent=49682"}],"wp:term":[{"taxonomy":"product_brand","embeddable":true,"href":"https:\/\/chessgamesemporium.com\/es\/wp-json\/wp\/v2\/product_brand?post=49682"},{"taxonomy":"product_cat","embeddable":true,"href":"https:\/\/chessgamesemporium.com\/es\/wp-json\/wp\/v2\/product_cat?post=49682"},{"taxonomy":"product_tag","embeddable":true,"href":"https:\/\/chessgamesemporium.com\/es\/wp-json\/wp\/v2\/product_tag?post=49682"}],"curies":[{"name":"wp","href":"https:\/\/api.w.org\/{rel}","templated":true}]}}