{"id":51033,"date":"2023-09-05T10:50:30","date_gmt":"2023-09-05T10:50:30","guid":{"rendered":"https:\/\/chessgamesemporium.com\/?post_type=product&#038;p=51033"},"modified":"2024-02-13T12:42:30","modified_gmt":"2024-02-13T12:42:30","slug":"sahovski-komplet-split-black","status":"publish","type":"product","link":"https:\/\/chessgamesemporium.com\/es\/shop\/sahovski-kompleti\/sestavljeni-kompleti\/sahovski-komplet-split-black\/","title":{"rendered":"Juego de ajedrez SPLIT BLACK"},"content":{"rendered":"<p>PIEZAS DE AJEDREZ<br \/>\nPiezas de ajedrez de madera de alta calidad. \u00a1Con fieltro, peso y doble barnizado! Tama\u00f1o de torneo.<\/p>\n<p>Material:<br \/>\nSheesham \/ boj.<\/p>\n<p>Estas piezas de ajedrez tienen una rica historia que se remonta a la Olimpiada de Ajedrez de 1950 en Dubrovnik. Una caracter\u00edstica clave del dise\u00f1o de estas piezas es la ausencia de iconograf\u00eda religiosa. Bobby Fischer declar\u00f3 en numerosas ocasiones que estas piezas de ajedrez de Dubrovnik eran sus favoritas.<\/p>\n<p>Dimensiones: (altura | ancho de la base)<br \/>\nRey: 9,0 cm | 3,1 cm<br \/>\nReina: 8,0 cm | 3,1 cm<br \/>\nTorre: 5,2 cm | 2,9 cm<br \/>\nAlfil: 7,4 cm | 2,9 cm<br \/>\nCaballo: 6,6 cm | 2,9 cm<br \/>\nPe\u00f3n: 5,4 cm | 2,6 cm<\/p>\n<p>TABLERO DE AJEDREZ<br \/>\nMaterial: PVC, lona<br \/>\nTama\u00f1o de las casillas del tablero: 5,0 x 5,0 cm<br \/>\nTama\u00f1o del tablero: 44 x 44 cm<br \/>\nLavable<\/p>\n<p>\u00a1Advertencia! \u00a1No apto para ni\u00f1os menores de 3 a\u00f1os debido a las piezas peque\u00f1as! Peligro de asfixia.<\/p>","protected":false},"excerpt":{"rendered":"<p>\u0160AHOVSKE FIGURE Kvalitetne podlo\u017eene lesene figure. Obte\u017eene, dvakrat lakirane! Turnirska velikost Material: Palisander \/ Pu\u0161pan (sheesham and boxwood) Te figure imajo bogato zgodovino, ki sega v leto 1950, ko je bila v Dubrovniku \u0161ahovska olimpijada. Glavna zna\u010dilnost teh figur je, da so bile oblikovane brez verskih simbolov. Bobby Fischer je ve\u010dkrat poudaril, da so Dubrovnik [&hellip;]<\/p>","protected":false},"featured_media":51039,"comment_status":"closed","ping_status":"closed","template":"","meta":{"_seopress_robots_primary_cat":"none","_seopress_titles_title":"","_seopress_titles_desc":"","_seopress_robots_index":""},"product_brand":[],"product_cat":[510,581],"product_tag":[],"class_list":{"0":"post-51033","1":"product","2":"type-product","3":"status-publish","4":"has-post-thumbnail","6":"product_cat-sahovski-kompleti","7":"product_cat-sestavljeni-kompleti","9":"entry","10":"has-media","12":"first","13":"instock","14":"taxable","15":"shipping-taxable","16":"purchasable","17":"product-type-simple","18":"has-product-nav","19":"col","20":"span_1_of_4","21":"owp-content-center","22":"item-entry","23":"owp-thumbs-layout-horizontal","24":"owp-btn-normal","25":"owp-tabs-layout-section"},"wcpa_form_fields":null,"_links":{"self":[{"href":"https:\/\/chessgamesemporium.com\/es\/wp-json\/wp\/v2\/product\/51033","targetHints":{"allow":["GET"]}}],"collection":[{"href":"https:\/\/chessgamesemporium.com\/es\/wp-json\/wp\/v2\/product"}],"about":[{"href":"https:\/\/chessgamesemporium.com\/es\/wp-json\/wp\/v2\/types\/product"}],"replies":[{"embeddable":true,"href":"https:\/\/chessgamesemporium.com\/es\/wp-json\/wp\/v2\/comments?post=51033"}],"version-history":[{"count":0,"href":"https:\/\/chessgamesemporium.com\/es\/wp-json\/wp\/v2\/product\/51033\/revisions"}],"wp:featuredmedia":[{"embeddable":true,"href":"https:\/\/chessgamesemporium.com\/es\/wp-json\/wp\/v2\/media\/51039"}],"wp:attachment":[{"href":"https:\/\/chessgamesemporium.com\/es\/wp-json\/wp\/v2\/media?parent=51033"}],"wp:term":[{"taxonomy":"product_brand","embeddable":true,"href":"https:\/\/chessgamesemporium.com\/es\/wp-json\/wp\/v2\/product_brand?post=51033"},{"taxonomy":"product_cat","embeddable":true,"href":"https:\/\/chessgamesemporium.com\/es\/wp-json\/wp\/v2\/product_cat?post=51033"},{"taxonomy":"product_tag","embeddable":true,"href":"https:\/\/chessgamesemporium.com\/es\/wp-json\/wp\/v2\/product_tag?post=51033"}],"curies":[{"name":"wp","href":"https:\/\/api.w.org\/{rel}","templated":true}]}}