{"id":51048,"date":"2023-09-05T11:11:15","date_gmt":"2023-09-05T11:11:15","guid":{"rendered":"https:\/\/chessgamesemporium.com\/?post_type=product&#038;p=51048"},"modified":"2024-02-20T11:37:47","modified_gmt":"2024-02-20T11:37:47","slug":"sahovski-komplet-toronto-5p-black","status":"publish","type":"product","link":"https:\/\/chessgamesemporium.com\/es\/shop\/sahovski-kompleti\/sestavljeni-kompleti\/sahovski-komplet-toronto-5p-black\/","title":{"rendered":"Juego de ajedrez TORONTO 5P BLACK"},"content":{"rendered":"<p>El juego de ajedrez Toronto 5P Black es un juego de ajedrez maravillosamente detallado que combina elegancia y funcionalidad. Incluye un tablero de madera y piezas de ajedrez de intrincado dise\u00f1o en una elegante paleta de colores negros. Ideal tanto para jugadores ocasionales como para aficionados al ajedrez, este juego es duradero, elegante y ofrece horas de diversi\u00f3n. \u00a1El juego de ajedrez Toronto 5P Black es una excelente adici\u00f3n a cualquier colecci\u00f3n de ajedrez!<\/p>\n<p>Piezas de ajedrez<br \/>\nPiezas de ajedrez de madera de alta calidad. \u00a1Con fieltro, peso y doble barnizado! Tama\u00f1o de torneo.<\/p>\n<p>Material:<br \/>\nSheesham \/ boj.<\/p>\n<p>Estas piezas de ajedrez tienen una rica historia que se remonta a la Olimpiada de Ajedrez de 1950 en Dubrovnik. Una caracter\u00edstica clave del dise\u00f1o de estas piezas es la ausencia de iconograf\u00eda religiosa. Bobby Fischer declar\u00f3 en numerosas ocasiones que estas piezas de ajedrez de Dubrovnik eran sus favoritas.<\/p>\n<p>Dimensiones: (altura | ancho de la base)<br \/>\nRey: 9,0 cm | 3,1 cm<br \/>\nReina: 8,0 cm | 3,1 cm<br \/>\nTorre: 5,2 cm | 2,9 cm<br \/>\nAlfil: 7,4 cm | 2,9 cm<br \/>\nCaballo: 6,6 cm | 2,9 cm<br \/>\nPe\u00f3n: 5,4 cm | 2,6 cm<\/p>\n<p>Lesena \u0161ahovnica Tournament 5P &#8211; \u010crna<br \/>\nMaterial: madera recubierta de poli\u00e9ster.<\/p>\n<p>Dimensiones de las casillas: 54 \u00d7 54 mm<br \/>\nTama\u00f1o del tablero: 50 x 50 cm<br \/>\nGrosor del tablero: 1,5 cm<\/p>\n<p>Este elegante tablero de ajedrez de 50 x 50 cm tiene un tama\u00f1o de casilla de 54 x 54 mm y es ideal para piezas de ajedrez con una altura de rey de 90-95 mm.<\/p>\n<p>\u00a1Advertencia! \u00a1No apto para ni\u00f1os menores de 3 a\u00f1os debido a las piezas peque\u00f1as! Peligro de asfixia.<\/p>","protected":false},"excerpt":{"rendered":"<p>\u0160ahovski set Toronto 5P Black je \u010dudovito oblikovan in zdru\u017euje prefinjenost s funkcionalnostjo. Ta komplet v elegantni \u010drni barvni shemi vklju\u010duje leseno desko in lesene \u0161ahovske figure z zapletenimi podrobnostmi. Idealen tako za ob\u010dasne igralce kot za resne navdu\u0161ence, komplet je vzdr\u017eljiv, eleganten in zasnovan tako, da zagotavlja ure strate\u0161kega igranja. \u010crni \u0161ahovski komplet Toronto [&hellip;]<\/p>","protected":false},"featured_media":51051,"comment_status":"closed","ping_status":"closed","template":"","meta":{"_seopress_robots_primary_cat":"none","_seopress_titles_title":"","_seopress_titles_desc":"","_seopress_robots_index":""},"product_brand":[],"product_cat":[581,510],"product_tag":[],"class_list":{"0":"post-51048","1":"product","2":"type-product","3":"status-publish","4":"has-post-thumbnail","6":"product_cat-sestavljeni-kompleti","7":"product_cat-sahovski-kompleti","8":"wcpa_has_options","10":"entry","11":"has-media","13":"first","14":"instock","15":"taxable","16":"shipping-taxable","17":"purchasable","18":"product-type-simple","19":"has-product-nav","20":"col","21":"span_1_of_4","22":"owp-content-center","23":"item-entry","24":"owp-thumbs-layout-horizontal","25":"owp-btn-normal","26":"owp-tabs-layout-section"},"wcpa_form_fields":{"rules":{"pric_overide_base_price":false,"pric_overide_base_price_if_gt_zero":false,"pric_overide_base_price_fully":false,"pric_cal_option_once":false,"pric_use_as_fee":false,"bind_quantity":false,"quantity_bind_formula":false},"fields":[{"type":"text","elementId":"wcpa-text-1666713333654","label":"Gravura ( opcijsko )","description":"Vpi\u0161ite \u017eeljeni tekst za graviranje (npr. Vse najbolj\u0161e, IME, datum ipd.)","desc_type":true,"enablePrice":true,"pricingType":"fixed","price":"7","name":"text-1666713333654","fee_label":"Za naro\u010dnike izven eu, bo davek od\u0161tet na blagajni.","subtype":"text","maxlength":"16","cl_rule":"show","col":6,"relations":false,"form_id":46231,"form_rules":{"pric_cal_option_once":false,"exclude_from_discount":false,"pric_use_as_fee":false,"fee_label":"Fee","render_after_acb":false,"disp_hide_options_price":false}}]},"_links":{"self":[{"href":"https:\/\/chessgamesemporium.com\/es\/wp-json\/wp\/v2\/product\/51048","targetHints":{"allow":["GET"]}}],"collection":[{"href":"https:\/\/chessgamesemporium.com\/es\/wp-json\/wp\/v2\/product"}],"about":[{"href":"https:\/\/chessgamesemporium.com\/es\/wp-json\/wp\/v2\/types\/product"}],"replies":[{"embeddable":true,"href":"https:\/\/chessgamesemporium.com\/es\/wp-json\/wp\/v2\/comments?post=51048"}],"version-history":[{"count":0,"href":"https:\/\/chessgamesemporium.com\/es\/wp-json\/wp\/v2\/product\/51048\/revisions"}],"wp:featuredmedia":[{"embeddable":true,"href":"https:\/\/chessgamesemporium.com\/es\/wp-json\/wp\/v2\/media\/51051"}],"wp:attachment":[{"href":"https:\/\/chessgamesemporium.com\/es\/wp-json\/wp\/v2\/media?parent=51048"}],"wp:term":[{"taxonomy":"product_brand","embeddable":true,"href":"https:\/\/chessgamesemporium.com\/es\/wp-json\/wp\/v2\/product_brand?post=51048"},{"taxonomy":"product_cat","embeddable":true,"href":"https:\/\/chessgamesemporium.com\/es\/wp-json\/wp\/v2\/product_cat?post=51048"},{"taxonomy":"product_tag","embeddable":true,"href":"https:\/\/chessgamesemporium.com\/es\/wp-json\/wp\/v2\/product_tag?post=51048"}],"curies":[{"name":"wp","href":"https:\/\/api.w.org\/{rel}","templated":true}]}}