{"id":51273,"date":"2023-10-04T12:19:16","date_gmt":"2023-10-04T12:19:16","guid":{"rendered":"https:\/\/chessgamesemporium.com\/?post_type=product&#038;p=51273"},"modified":"2026-04-08T06:42:59","modified_gmt":"2026-04-08T06:42:59","slug":"sahovnica-za-zvijanje-57-mm-rubber","status":"publish","type":"product","link":"https:\/\/chessgamesemporium.com\/es\/shop\/sahovnice\/plasticne-sahovnice\/sahovnica-za-zvijanje-57-mm-rubber\/","title":{"rendered":"Tablero de ajedrez enrollable de 57 mm RUBBER"},"content":{"rendered":"<p>Tablero de ajedrez suave mejorado, fabricado con material de alfombrilla de rat\u00f3n. Olor menos intenso que otras alfombrillas.<\/p>\n<p>Material grueso y suave. Se extiende f\u00e1cilmente sobre la mesa. Este excelente tablero de ajedrez tambi\u00e9n es apto para jugar al aire libre, ya que no se mueve con el viento.<\/p>\n<p>Notaci\u00f3n alfanum\u00e9rica en todos los lados del tablero. El tablero tiene el tama\u00f1o est\u00e1ndar de torneo.<\/p>\n<p>Se mantiene plano y en su lugar, lavable, material suave de alfombrilla de rat\u00f3n.<br \/>\nColor: Verde, azul, negro o marr\u00f3n<br \/>\nDimensiones: 50 x 50 cm (20 x 20 pulgadas), con casillas de 57 mm (2-1\/4 pulgadas).<\/p>","protected":false},"excerpt":{"rendered":"<p>Izbolj\u0161ana mehka \u0161ahovnica, izdelana iz vrhunskega materiala podloge za mi\u0161ke (in nima tako mo\u010dnega vonja, kot ga ima ve\u010dina drugih podlog za mi\u0161ke!) Debel in mehak material. Na mizi se vedno poravna!! Ta odli\u010dna odli\u010dna \u0161ahovnica je primerna tudi za igro na prostem, ker se v primeru vetra preprosto ne premakne. Alfanumeri\u010dna notacija iz vseh [&hellip;]<\/p>","protected":false},"featured_media":52145,"comment_status":"closed","ping_status":"closed","template":"","meta":{"_seopress_robots_primary_cat":"none","_seopress_titles_title":"","_seopress_titles_desc":"","_seopress_robots_index":""},"product_brand":[],"product_cat":[514,523],"product_tag":[590],"class_list":{"0":"post-51273","1":"product","2":"type-product","3":"status-publish","4":"has-post-thumbnail","6":"product_cat-sahovnice","7":"product_cat-plasticne-sahovnice","8":"product_tag-55mm","10":"entry","11":"has-media","13":"first","14":"instock","15":"taxable","16":"shipping-taxable","17":"purchasable","18":"product-type-variable","19":"has-product-nav","20":"col","21":"span_1_of_4","22":"owp-content-center","23":"item-entry","24":"owp-thumbs-layout-horizontal","25":"owp-btn-normal","26":"owp-tabs-layout-section","27":"has-no-thumbnails"},"wcpa_form_fields":null,"_links":{"self":[{"href":"https:\/\/chessgamesemporium.com\/es\/wp-json\/wp\/v2\/product\/51273","targetHints":{"allow":["GET"]}}],"collection":[{"href":"https:\/\/chessgamesemporium.com\/es\/wp-json\/wp\/v2\/product"}],"about":[{"href":"https:\/\/chessgamesemporium.com\/es\/wp-json\/wp\/v2\/types\/product"}],"replies":[{"embeddable":true,"href":"https:\/\/chessgamesemporium.com\/es\/wp-json\/wp\/v2\/comments?post=51273"}],"version-history":[{"count":0,"href":"https:\/\/chessgamesemporium.com\/es\/wp-json\/wp\/v2\/product\/51273\/revisions"}],"wp:featuredmedia":[{"embeddable":true,"href":"https:\/\/chessgamesemporium.com\/es\/wp-json\/wp\/v2\/media\/52145"}],"wp:attachment":[{"href":"https:\/\/chessgamesemporium.com\/es\/wp-json\/wp\/v2\/media?parent=51273"}],"wp:term":[{"taxonomy":"product_brand","embeddable":true,"href":"https:\/\/chessgamesemporium.com\/es\/wp-json\/wp\/v2\/product_brand?post=51273"},{"taxonomy":"product_cat","embeddable":true,"href":"https:\/\/chessgamesemporium.com\/es\/wp-json\/wp\/v2\/product_cat?post=51273"},{"taxonomy":"product_tag","embeddable":true,"href":"https:\/\/chessgamesemporium.com\/es\/wp-json\/wp\/v2\/product_tag?post=51273"}],"curies":[{"name":"wp","href":"https:\/\/api.w.org\/{rel}","templated":true}]}}