{"id":51286,"date":"2023-10-04T12:43:21","date_gmt":"2023-10-04T12:43:21","guid":{"rendered":"https:\/\/chessgamesemporium.com\/?post_type=product&#038;p=51286"},"modified":"2023-10-06T08:19:21","modified_gmt":"2023-10-06T08:19:21","slug":"dgt-torba-za-eboard-figure-in-uro-crna","status":"publish","type":"product","link":"https:\/\/chessgamesemporium.com\/es\/shop\/sahovski-kompleti\/elektronski-sahi\/dgt-torba-za-eboard-figure-in-uro-crna\/","title":{"rendered":"Bolsa de transporte DGT negra"},"content":{"rendered":"<p>Estas bolsas de transporte DGT personalizadas ofrecen espacio para un tablero electr\u00f3nico DGT, piezas de ajedrez, reloj de ajedrez y accesorios.<\/p>\n<p>Las resistentes bolsas est\u00e1n fabricadas en lona robusta con acolchado reforzado: la forma perfecta de transportar y guardar de forma segura tus valiosos materiales de ajedrez.<\/p>","protected":false},"excerpt":{"rendered":"<p>Torba za DGT elektronsko \u0161ahovnico s figurami, uro in dodatke. Mo\u010dna torba je narejena iz robustnega platna z oja\u010danim oblazinjenjem in je odli\u010den pripomo\u010dek za varno no\u0161enje in shranjevanje va\u0161ih dragocenih \u0161ahovskih materialov.<\/p>","protected":false},"featured_media":51289,"comment_status":"closed","ping_status":"closed","template":"","meta":{"_seopress_robots_primary_cat":"none","_seopress_titles_title":"","_seopress_titles_desc":"","_seopress_robots_index":""},"product_brand":[],"product_cat":[619,510],"product_tag":[],"class_list":{"0":"post-51286","1":"product","2":"type-product","3":"status-publish","4":"has-post-thumbnail","6":"product_cat-elektronski-sahi","7":"product_cat-sahovski-kompleti","9":"entry","10":"has-media","12":"first","13":"instock","14":"taxable","15":"shipping-taxable","16":"purchasable","17":"product-type-simple","18":"has-product-nav","19":"col","20":"span_1_of_4","21":"owp-content-center","22":"item-entry","23":"owp-thumbs-layout-horizontal","24":"owp-btn-normal","25":"owp-tabs-layout-section"},"wcpa_form_fields":null,"_links":{"self":[{"href":"https:\/\/chessgamesemporium.com\/es\/wp-json\/wp\/v2\/product\/51286","targetHints":{"allow":["GET"]}}],"collection":[{"href":"https:\/\/chessgamesemporium.com\/es\/wp-json\/wp\/v2\/product"}],"about":[{"href":"https:\/\/chessgamesemporium.com\/es\/wp-json\/wp\/v2\/types\/product"}],"replies":[{"embeddable":true,"href":"https:\/\/chessgamesemporium.com\/es\/wp-json\/wp\/v2\/comments?post=51286"}],"version-history":[{"count":0,"href":"https:\/\/chessgamesemporium.com\/es\/wp-json\/wp\/v2\/product\/51286\/revisions"}],"wp:featuredmedia":[{"embeddable":true,"href":"https:\/\/chessgamesemporium.com\/es\/wp-json\/wp\/v2\/media\/51289"}],"wp:attachment":[{"href":"https:\/\/chessgamesemporium.com\/es\/wp-json\/wp\/v2\/media?parent=51286"}],"wp:term":[{"taxonomy":"product_brand","embeddable":true,"href":"https:\/\/chessgamesemporium.com\/es\/wp-json\/wp\/v2\/product_brand?post=51286"},{"taxonomy":"product_cat","embeddable":true,"href":"https:\/\/chessgamesemporium.com\/es\/wp-json\/wp\/v2\/product_cat?post=51286"},{"taxonomy":"product_tag","embeddable":true,"href":"https:\/\/chessgamesemporium.com\/es\/wp-json\/wp\/v2\/product_tag?post=51286"}],"curies":[{"name":"wp","href":"https:\/\/api.w.org\/{rel}","templated":true}]}}