{"id":51292,"date":"2023-10-04T12:49:16","date_gmt":"2023-10-04T12:49:16","guid":{"rendered":"https:\/\/chessgamesemporium.com\/?post_type=product&#038;p=51292"},"modified":"2023-10-04T12:49:17","modified_gmt":"2023-10-04T12:49:17","slug":"dgt-torba-za-dgt-centaur-2","status":"publish","type":"product","link":"https:\/\/chessgamesemporium.com\/es\/shop\/sahovski-kompleti\/elektronski-sahi\/dgt-torba-za-dgt-centaur-2\/","title":{"rendered":"Bolsa de viaje DGT para DGT Centaur"},"content":{"rendered":"<p>Bolsa de transporte para el ordenador de ajedrez DGT Centaur.<\/p>\n<p>Tambi\u00e9n apta para juegos de ajedrez con tableros de hasta 40 x 40 cm (16\u00ab x 16\u00bb).\nLleve el DGT Centaur consigo all\u00e1 donde vaya.\nBolsa de viaje especialmente dise\u00f1ada.<br \/>\nAdem\u00e1s del tablero, tambi\u00e9n permite guardar de forma ordenada las piezas y el cargador.<\/p>","protected":false},"excerpt":{"rendered":"<p>Potovalna torba za \u0161ahovski ra\u010dunalnik DGT Centaur Torba je primerna tudi za \u0161ahovske garniture dimenzij 40 x 40 cm. S pomo\u010djo torbe lahko ra\u010dunalnik ali \u0161ah vzamete s seboj na pot ali turnir. V torbi je dovolj prostora tudi za adapter in figure.<\/p>","protected":false},"featured_media":51295,"comment_status":"closed","ping_status":"closed","template":"","meta":{"_seopress_robots_primary_cat":"","_seopress_titles_title":"","_seopress_titles_desc":"","_seopress_robots_index":""},"product_brand":[],"product_cat":[619,510],"product_tag":[],"class_list":{"0":"post-51292","1":"product","2":"type-product","3":"status-publish","4":"has-post-thumbnail","6":"product_cat-elektronski-sahi","7":"product_cat-sahovski-kompleti","9":"entry","10":"has-media","12":"first","13":"instock","14":"taxable","15":"shipping-taxable","16":"purchasable","17":"product-type-simple","18":"has-product-nav","19":"col","20":"span_1_of_4","21":"owp-content-center","22":"item-entry","23":"owp-thumbs-layout-horizontal","24":"owp-btn-normal","25":"owp-tabs-layout-section","26":"has-no-thumbnails"},"wcpa_form_fields":null,"_links":{"self":[{"href":"https:\/\/chessgamesemporium.com\/es\/wp-json\/wp\/v2\/product\/51292","targetHints":{"allow":["GET"]}}],"collection":[{"href":"https:\/\/chessgamesemporium.com\/es\/wp-json\/wp\/v2\/product"}],"about":[{"href":"https:\/\/chessgamesemporium.com\/es\/wp-json\/wp\/v2\/types\/product"}],"replies":[{"embeddable":true,"href":"https:\/\/chessgamesemporium.com\/es\/wp-json\/wp\/v2\/comments?post=51292"}],"version-history":[{"count":0,"href":"https:\/\/chessgamesemporium.com\/es\/wp-json\/wp\/v2\/product\/51292\/revisions"}],"wp:featuredmedia":[{"embeddable":true,"href":"https:\/\/chessgamesemporium.com\/es\/wp-json\/wp\/v2\/media\/51295"}],"wp:attachment":[{"href":"https:\/\/chessgamesemporium.com\/es\/wp-json\/wp\/v2\/media?parent=51292"}],"wp:term":[{"taxonomy":"product_brand","embeddable":true,"href":"https:\/\/chessgamesemporium.com\/es\/wp-json\/wp\/v2\/product_brand?post=51292"},{"taxonomy":"product_cat","embeddable":true,"href":"https:\/\/chessgamesemporium.com\/es\/wp-json\/wp\/v2\/product_cat?post=51292"},{"taxonomy":"product_tag","embeddable":true,"href":"https:\/\/chessgamesemporium.com\/es\/wp-json\/wp\/v2\/product_tag?post=51292"}],"curies":[{"name":"wp","href":"https:\/\/api.w.org\/{rel}","templated":true}]}}