{"id":51303,"date":"2023-10-05T06:16:28","date_gmt":"2023-10-05T06:16:28","guid":{"rendered":"https:\/\/chessgamesemporium.com\/?post_type=product&#038;p=51303"},"modified":"2024-09-20T08:11:54","modified_gmt":"2024-09-20T08:11:54","slug":"millenium-chessgenius-pro-sah-racunalnik","status":"publish","type":"product","link":"https:\/\/chessgamesemporium.com\/es\/shop\/sahovski-kompleti\/elektronski-sahi\/millenium-chessgenius-pro-sah-racunalnik\/","title":{"rendered":"Ordenador de ajedrez Millennium ChessGenius PRO"},"content":{"rendered":"<p>Juego de ajedrez independiente - Ordenador de ajedrez<\/p>\n<p>Detalles:<br \/>\nDimensiones: 30,7 x 27,9 x 8,9 cm<br \/>\nAltura del rey: 4,8 cm<br \/>\nTama\u00f1o del tablero: 20 x 20 cm<br \/>\nDimensiones de las casillas del tablero: 2,5 x 2,5 cm<br \/>\nMaterial: pl\u00e1stico<br \/>\nNivel de juego (ELO): 2200-2300<br \/>\nPilas: 3 pilas AA LR6 de 1,5 V<\/p>\n<p>No apto para ni\u00f1os menores de 3 a\u00f1os.<\/p>\n<p>El compa\u00f1ero de juego perfecto para todos los aficionados al ajedrez.<\/p>\n<p>Con pantalla a color, numerosas funciones de aprendizaje y ayuda, y un nivel de juego de hasta 2200 ELO.<\/p>\n<p>El nuevo ChessGenius Pro, con su pantalla a color, ofrece diversi\u00f3n para todos los jugadores, adem\u00e1s de ser f\u00e1cil e intuitivo de usar. El bot\u00f3n JUGAR permite iniciar partidas nuevas f\u00e1cilmente: con blancas, con negras, en modo de 2 jugadores o desde una posici\u00f3n espec\u00edfica. El potente procesador ofrece tiempos de respuesta ultrarr\u00e1pidos en todos los niveles de juego. El dise\u00f1o se ha modernizado por completo respecto al modelo anterior: ultradelgado, moderno y con piezas elegantes que se adaptan perfectamente a la mano.<\/p>\n<p>Caracter\u00edsticas de ajedrez<br \/>\nPuedes configurar un n\u00famero casi ilimitado de niveles de dificultad. Hay niveles de torneo disponibles para jugadores especialmente fuertes, que suponen un reto incluso para los mejores jugadores de club con hasta 2200 puntos ELO. Los niveles de juego f\u00e1ciles se han optimizado a\u00fan m\u00e1s para que incluso los principiantes absolutos puedan ganar. Se pueden almacenar y cargar hasta 12 partidas en el dispositivo. Movimientos alternativos del ordenador, diferentes estilos de juego y 3 opciones de libros de aperturas completan la experiencia ajedrec\u00edstica.<br \/>\nPara una m\u00e1xima libertad, est\u00e1 disponible un nivel con tiempos, n\u00famero de movimientos e incremento ajustables libremente.<\/p>\n<p>Funciones de IA para disfrutar del ajedrez al m\u00e1ximo<br \/>\nEl ordenador de ajedrez puede abandonar partidas u ofrecer tablas. El entrenador de ajedrez, que se puede activar o desactivar, advierte de los malos movimientos, ofrece la posibilidad de corregirlos y sugiere mejoras para realizar mejores jugadas. El bot\u00f3n de ayuda muestra los posibles movimientos en la partida, ya sea para todas las piezas o solo para la pieza seleccionada. Incluso los nombres de las aperturas jugadas se muestran en la pantalla si se desea.<\/p>\n<p>Comodidad<br \/>\nEl ChessGenius Pro est\u00e1 equipado con la \u00faltima versi\u00f3n de la tecnolog\u00eda de sensor de presi\u00f3n MILLENNIUM HighSensity. El tablero de ajedrez extra suave de 20 x 20 cm garantiza la m\u00e1xima diversi\u00f3n.<br \/>\nLa pantalla a color de alto contraste con una interfaz de usuario moderna, inspirada en los smartphones, permite un acceso r\u00e1pido a todas las funciones. Con 14 idiomas para todos los men\u00fas y textos de ayuda, hay un idioma para cada usuario.<br \/>\nTodos los elementos del men\u00fa incluyen textos de ayuda en el idioma seleccionado. \u00bfNo sabes qu\u00e9 hace una configuraci\u00f3n? Con solo pulsar el bot\u00f3n de interrogaci\u00f3n, lo sabr\u00e1s, sin necesidad de un manual de instrucciones.<br \/>\nAhorro de energ\u00eda: El dispositivo funciona con pilas, bater\u00edas recargables NiMH o la fuente de alimentaci\u00f3n opcional M811. El dispositivo detecta los periodos de inactividad y cambia autom\u00e1ticamente al modo de ahorro de energ\u00eda.<\/p>\n<p>Para llevar de viaje<br \/>\nLas piezas magn\u00e9ticas permiten jugar incluso fuera de casa. Se guardan de forma f\u00e1cil y segura en la bolsa de algod\u00f3n incluida.<br \/>\nEl interruptor principal en la parte posterior del dispositivo permite desconectar completamente la alimentaci\u00f3n. As\u00ed, puedes llevarte tu ChessGenius Pro contigo y jugar dondequiera que pases tu tiempo libre.<\/p>\n<p>Software: ChessGenius<br \/>\nEste ordenador de ajedrez incluye uno de los motores de ajedrez m\u00e1s famosos de todos los tiempos: ChessGenius, de Richard Lang. El ingl\u00e9s, con sus 10 t\u00edtulos de campe\u00f3n mundial de ajedrez por ordenador, es sin duda uno de los programadores de ajedrez m\u00e1s exitosos de la historia. ChessGenius Pro incluye la \u00faltima versi\u00f3n de su legendario programa.<\/p>\n<p>Detalles t\u00e9cnicos<\/p>\n<p>Caracter\u00edsticas espec\u00edficas para ajedrez<br \/>\nAdecuado tanto para principiantes como para jugadores avanzados, de torneos y de club<br \/>\nNivel de juego aproximado: 2200 ELO<br \/>\nPiezas de ajedrez magn\u00e9ticas (con fieltro) incluidas<\/p>\n<p>Hardware<br \/>\nTablero con sensor de presi\u00f3n, tecnolog\u00eda Millennium HighSensity<br \/>\nPantalla iluminada<\/p>\n<p>Software<br \/>\nPrograma ChessGenius, 2016 - Autor: Richard Lang<br \/>\n14 idiomas disponibles (DEU \/ ENG \/ FRE \/ NLD \/ SPA \/ ITA \/ POL \/ DAN \/ SWE \/ FIN \/ NOR \/ CES \/ HUN \/ SLO)<br \/>\nMen\u00fa en texto, disponible en todos los idiomas<\/p>\n<p>Alimentaci\u00f3n<br \/>\nRequiere 4 pilas AA\/LR06 (no incluidas)<br \/>\nConexi\u00f3n para el adaptador opcional M811 (no incluido)<\/p>\n<p>N\u00famero de modelo del fabricante: M815<br \/>\nEdad recomendada:<br \/>\n8 - 99 a\u00f1os<\/p>","protected":false},"excerpt":{"rendered":"<p>Elektronski samostojni \u0161ah &#8211; \u0161ahovski ra\u010dunalnik Podatki o \u0161ahu: Dimenzije: 30,7 x 27,9 x 8,9 cm Vi\u0161ina kralja: 4,8 cm Dimenzije \u0161ahovnice: 20 cm Dimenzije polja: :2,5 cm Materijal: Plastika Mo\u010d (rating): 2200-2300 ELO Baterija : 3x AA LR6 1.5V Opozorilo : Ni primerno za otroke do tretjega leta starosti! Popoln partner za vse \u0161ahovske [&hellip;]<\/p>","protected":false},"featured_media":55710,"comment_status":"closed","ping_status":"closed","template":"","meta":{"_seopress_robots_primary_cat":"none","_seopress_titles_title":"","_seopress_titles_desc":"","_seopress_robots_index":""},"product_brand":[],"product_cat":[619,510],"product_tag":[],"class_list":{"0":"post-51303","1":"product","2":"type-product","3":"status-publish","4":"has-post-thumbnail","6":"product_cat-elektronski-sahi","7":"product_cat-sahovski-kompleti","9":"entry","10":"has-media","12":"first","13":"instock","14":"taxable","15":"shipping-taxable","16":"purchasable","17":"product-type-simple","18":"has-product-nav","19":"col","20":"span_1_of_4","21":"owp-content-center","22":"item-entry","23":"owp-thumbs-layout-horizontal","24":"owp-btn-normal","25":"owp-tabs-layout-section"},"wcpa_form_fields":null,"_links":{"self":[{"href":"https:\/\/chessgamesemporium.com\/es\/wp-json\/wp\/v2\/product\/51303","targetHints":{"allow":["GET"]}}],"collection":[{"href":"https:\/\/chessgamesemporium.com\/es\/wp-json\/wp\/v2\/product"}],"about":[{"href":"https:\/\/chessgamesemporium.com\/es\/wp-json\/wp\/v2\/types\/product"}],"replies":[{"embeddable":true,"href":"https:\/\/chessgamesemporium.com\/es\/wp-json\/wp\/v2\/comments?post=51303"}],"version-history":[{"count":0,"href":"https:\/\/chessgamesemporium.com\/es\/wp-json\/wp\/v2\/product\/51303\/revisions"}],"wp:featuredmedia":[{"embeddable":true,"href":"https:\/\/chessgamesemporium.com\/es\/wp-json\/wp\/v2\/media\/55710"}],"wp:attachment":[{"href":"https:\/\/chessgamesemporium.com\/es\/wp-json\/wp\/v2\/media?parent=51303"}],"wp:term":[{"taxonomy":"product_brand","embeddable":true,"href":"https:\/\/chessgamesemporium.com\/es\/wp-json\/wp\/v2\/product_brand?post=51303"},{"taxonomy":"product_cat","embeddable":true,"href":"https:\/\/chessgamesemporium.com\/es\/wp-json\/wp\/v2\/product_cat?post=51303"},{"taxonomy":"product_tag","embeddable":true,"href":"https:\/\/chessgamesemporium.com\/es\/wp-json\/wp\/v2\/product_tag?post=51303"}],"curies":[{"name":"wp","href":"https:\/\/api.w.org\/{rel}","templated":true}]}}