{"id":51332,"date":"2023-10-05T09:38:16","date_gmt":"2023-10-05T09:38:16","guid":{"rendered":"https:\/\/chessgamesemporium.com\/?post_type=product&#038;p=51332"},"modified":"2024-11-09T18:08:50","modified_gmt":"2024-11-09T18:08:50","slug":"sahovski-racunalnik-dgt-centaur","status":"publish","type":"product","link":"https:\/\/chessgamesemporium.com\/es\/shop\/sahovski-kompleti\/elektronski-sahi\/sahovski-racunalnik-dgt-centaur\/","title":{"rendered":"Ordenador de ajedrez DGT Centaur."},"content":{"rendered":"<p>Dimensiones del ordenador: 44,5 x 40 x 1 cm<br \/>\nDimensiones del tablero: 38,4 x 38,4 cm<br \/>\nDimensiones de las casillas: 4,8 cm x 4,8 cm<\/p>\n<p>Piezas de pl\u00e1stico con peso<br \/>\nAltura del rey: 8,9 cm<\/p>\n<p>Motor: Stockfish<br \/>\nELO: 2900<\/p>\n<p>La experiencia de juego natural del Centaur se adapta a tu nivel, detectando autom\u00e1ticamente los movimientos. Las casillas resaltan las jugadas para que tu juego sea intuitivo y sin distracciones. Simplemente enciende el Centaur y empieza a jugar. El programa inteligente adaptativo se ajusta a tu nivel de juego, por lo que siempre tendr\u00e1s un compa\u00f1ero adecuado que te desaf\u00ede, mejore tu juego y te mantenga en forma, sin necesidad de usar una pantalla de ordenador, tableta o tel\u00e9fono.<\/p>\n<p>Muchos ordenadores de ajedrez est\u00e1n dise\u00f1ados para jugar al m\u00e1ximo nivel. Como resultado, son imposibles de vencer o, en niveles inferiores, su juego es menos natural y humano, lo que resulta menos divertido.<\/p>\n<p>El Centaur se cre\u00f3 para que todos disfruten de una buena partida. Tanto si eres principiante como si eres un jugador experimentado, tanto si juegas en casa como en un club, Centaur se adaptar\u00e1 a ti en cuanto hagas tu primer movimiento. Su algoritmo inteligente se ajustar\u00e1 autom\u00e1ticamente a tu nivel y siempre te ofrecer\u00e1 una partida desafiante, educativa y muy divertida. Incluye un sistema de pistas y la opci\u00f3n de configurar cualquier posici\u00f3n.<\/p>\n<p>El tablero de ajedrez Centaur solo es compatible con las piezas incluidas.<\/p>\n<p>No apto para ni\u00f1os menores de 3 a\u00f1os.<\/p>","protected":false},"excerpt":{"rendered":"<p>Dimenzije ra\u010dunalnika: 44,5 x 40 x 1 cm Dimenzije \u0161ahovnice: 38,4 x 38,4 cm Dimenzije polja: 4,8 x 4,8 cm Plasti\u010dne, obte\u017eene figure Vi\u0161ina kralja: 8,9 cm Motor: Stockfish ELO: 2900 Ra\u010dunalnik \u00bbCentaur\u00ab ima sposobnost izbiranja potez, katere prilagodi va\u0161i mo\u010di. Ra\u010dunalnik pri\u017egete in \u017ee lahko za\u010dnete igrati. Najve\u010dja posebnost ra\u010dunalnika je sposobnost prilagajanja va\u0161emu [&hellip;]<\/p>","protected":false},"featured_media":51349,"comment_status":"closed","ping_status":"closed","template":"","meta":{"_seopress_robots_primary_cat":"none","_seopress_titles_title":"","_seopress_titles_desc":"","_seopress_robots_index":""},"product_brand":[],"product_cat":[619,510],"product_tag":[],"class_list":{"0":"post-51332","1":"product","2":"type-product","3":"status-publish","4":"has-post-thumbnail","6":"product_cat-elektronski-sahi","7":"product_cat-sahovski-kompleti","9":"entry","10":"has-media","12":"first","13":"instock","14":"taxable","15":"shipping-taxable","16":"purchasable","17":"product-type-simple","18":"has-product-nav","19":"col","20":"span_1_of_4","21":"owp-content-center","22":"item-entry","23":"owp-thumbs-layout-horizontal","24":"owp-btn-normal","25":"owp-tabs-layout-section"},"wcpa_form_fields":null,"_links":{"self":[{"href":"https:\/\/chessgamesemporium.com\/es\/wp-json\/wp\/v2\/product\/51332","targetHints":{"allow":["GET"]}}],"collection":[{"href":"https:\/\/chessgamesemporium.com\/es\/wp-json\/wp\/v2\/product"}],"about":[{"href":"https:\/\/chessgamesemporium.com\/es\/wp-json\/wp\/v2\/types\/product"}],"replies":[{"embeddable":true,"href":"https:\/\/chessgamesemporium.com\/es\/wp-json\/wp\/v2\/comments?post=51332"}],"version-history":[{"count":0,"href":"https:\/\/chessgamesemporium.com\/es\/wp-json\/wp\/v2\/product\/51332\/revisions"}],"wp:featuredmedia":[{"embeddable":true,"href":"https:\/\/chessgamesemporium.com\/es\/wp-json\/wp\/v2\/media\/51349"}],"wp:attachment":[{"href":"https:\/\/chessgamesemporium.com\/es\/wp-json\/wp\/v2\/media?parent=51332"}],"wp:term":[{"taxonomy":"product_brand","embeddable":true,"href":"https:\/\/chessgamesemporium.com\/es\/wp-json\/wp\/v2\/product_brand?post=51332"},{"taxonomy":"product_cat","embeddable":true,"href":"https:\/\/chessgamesemporium.com\/es\/wp-json\/wp\/v2\/product_cat?post=51332"},{"taxonomy":"product_tag","embeddable":true,"href":"https:\/\/chessgamesemporium.com\/es\/wp-json\/wp\/v2\/product_tag?post=51332"}],"curies":[{"name":"wp","href":"https:\/\/api.w.org\/{rel}","templated":true}]}}