{"id":51361,"date":"2023-10-05T11:07:57","date_gmt":"2023-10-05T11:07:57","guid":{"rendered":"https:\/\/chessgamesemporium.com\/?post_type=product&#038;p=51361"},"modified":"2025-02-25T12:00:52","modified_gmt":"2025-02-25T12:00:52","slug":"dgt-usb-oreh-eboard-classic-figure","status":"publish","type":"product","link":"https:\/\/chessgamesemporium.com\/es\/shop\/sahovski-kompleti\/elektronski-sahi\/dgt-usb-oreh-eboard-classic-figure\/","title":{"rendered":"DGT e-Board USB de nogal + Piezas CLASSIC"},"content":{"rendered":"<p>El tablero de ajedrez electr\u00f3nico DGT, f\u00e1cil de usar, combina lo mejor de dos mundos. El cl\u00e1sico juego de ajedrez se fusiona con la tecnolog\u00eda inform\u00e1tica e internet del siglo XXI.<\/p>\n<p>El tablero DGT e-Board de pl\u00e1stico se conecta f\u00e1cilmente al puerto USB de tu PC. Con \u00e9l, puedes jugar online en sitios web de ajedrez como PlayChess, Chess 21 e ICC. Este ingenioso tablero electr\u00f3nico funciona como dispositivo de entrada para los principales programas de ajedrez.<\/p>\n<p>El tablero DGT e-Board es la interfaz definitiva entre el ajedrez y el PC. A\u00f1ade una nueva dimensi\u00f3n a tu diversi\u00f3n ajedrec\u00edstica. Un producto t\u00edpico de DGT: innovador y dise\u00f1ado para los verdaderos amantes del ajedrez. Alta calidad y excelente relaci\u00f3n calidad-precio.<\/p>\n<p>La caja de regalo incluye una edici\u00f3n especial del famoso programa Fritz y 100 d\u00edas de acceso gratuito a PlayChess.com.<\/p>\n<p>\u2022 Transmite partidas de ajedrez por internet. Ideal para la presentaci\u00f3n de torneos.<br \/>\n\u2022 Deja que el ordenador analice las partidas mientras juegas contra un oponente humano.<br \/>\n\u2022 Guarda autom\u00e1ticamente las partidas en la memoria del tablero mientras juegas y recup\u00e9ralas posteriormente como archivos PGN.<br \/>\n\u2022 El tablero de ajedrez electr\u00f3nico DGT a\u00f1ade una nueva dimensi\u00f3n a tu diversi\u00f3n ajedrec\u00edstica.<br \/>\n\u2022 El DGT e-board conecta un tablero de ajedrez cl\u00e1sico a tu PC sin esfuerzo, permiti\u00e9ndote jugar directamente contra los mejores programas de ajedrez del mundo.<br \/>\n\u2022 Adi\u00f3s a las lesiones por esfuerzo repetitivo y a la fatiga visual.<br \/>\n\u2022 Jugar online a trav\u00e9s de internet tambi\u00e9n es muy sencillo.<br \/>\n\u2022 Para clubes y organizaciones de torneos, el DGT e-board es la forma m\u00e1s f\u00e1cil de ofrecer retransmisiones en directo por internet a un p\u00fablico amplio.<br \/>\n\u2022 El DGT e-board se conecta a los relojes de ajedrez DGT 2500, DGT 3000 y DGT PI mediante un puerto USB.<\/p>\n<p>Dimensiones: (altura | ancho de la base)<br \/>\nRey: 9,6 cm | 4,1 cm<br \/>\nReina: 8,0 cm | 3,8 cm<br \/>\nTorre: 5,2 cm | 3,4 cm<br \/>\nAlfil: 6,9 cm | 3,5 cm<br \/>\nCaballo: 6,6 cm | 3,5 cm<br \/>\nPe\u00f3n: 4,8 cm | 2,9 cm<\/p>\n<p>No apto para ni\u00f1os menores de 3 a\u00f1os.<\/p>","protected":false},"excerpt":{"rendered":"<p>Plug &amp; play DGT elektronska \u0161ahovnica vas popelje v dva nova svetova. Va\u0161a partija se prena\u0161a prena\u0161a direktno na ra\u010dunalnik in\/ali internet. Prelep klasi\u010den DGT-jev e-Board se zlahka pove\u017ee z va\u0161im osebnim ra\u010dunalnikom preko USB povezave. Z DGT e-Boardom lahko igrate na spletnih straneh kot so PlayChess, Chess21 in ICC. Pametni e-Board deluje kot vstopna [&hellip;]<\/p>","protected":false},"featured_media":51383,"comment_status":"closed","ping_status":"closed","template":"","meta":{"_seopress_robots_primary_cat":"none","_seopress_titles_title":"","_seopress_titles_desc":"","_seopress_robots_index":""},"product_brand":[],"product_cat":[619,510],"product_tag":[],"class_list":{"0":"post-51361","1":"product","2":"type-product","3":"status-publish","4":"has-post-thumbnail","6":"product_cat-elektronski-sahi","7":"product_cat-sahovski-kompleti","9":"entry","10":"has-media","12":"first","13":"instock","14":"taxable","15":"shipping-taxable","16":"purchasable","17":"product-type-simple","18":"has-product-nav","19":"col","20":"span_1_of_4","21":"owp-content-center","22":"item-entry","23":"owp-thumbs-layout-horizontal","24":"owp-btn-normal","25":"owp-tabs-layout-section"},"wcpa_form_fields":null,"_links":{"self":[{"href":"https:\/\/chessgamesemporium.com\/es\/wp-json\/wp\/v2\/product\/51361","targetHints":{"allow":["GET"]}}],"collection":[{"href":"https:\/\/chessgamesemporium.com\/es\/wp-json\/wp\/v2\/product"}],"about":[{"href":"https:\/\/chessgamesemporium.com\/es\/wp-json\/wp\/v2\/types\/product"}],"replies":[{"embeddable":true,"href":"https:\/\/chessgamesemporium.com\/es\/wp-json\/wp\/v2\/comments?post=51361"}],"version-history":[{"count":0,"href":"https:\/\/chessgamesemporium.com\/es\/wp-json\/wp\/v2\/product\/51361\/revisions"}],"wp:featuredmedia":[{"embeddable":true,"href":"https:\/\/chessgamesemporium.com\/es\/wp-json\/wp\/v2\/media\/51383"}],"wp:attachment":[{"href":"https:\/\/chessgamesemporium.com\/es\/wp-json\/wp\/v2\/media?parent=51361"}],"wp:term":[{"taxonomy":"product_brand","embeddable":true,"href":"https:\/\/chessgamesemporium.com\/es\/wp-json\/wp\/v2\/product_brand?post=51361"},{"taxonomy":"product_cat","embeddable":true,"href":"https:\/\/chessgamesemporium.com\/es\/wp-json\/wp\/v2\/product_cat?post=51361"},{"taxonomy":"product_tag","embeddable":true,"href":"https:\/\/chessgamesemporium.com\/es\/wp-json\/wp\/v2\/product_tag?post=51361"}],"curies":[{"name":"wp","href":"https:\/\/api.w.org\/{rel}","templated":true}]}}