{"id":51444,"date":"2023-10-06T10:33:15","date_gmt":"2023-10-06T10:33:15","guid":{"rendered":"https:\/\/chessgamesemporium.com\/?post_type=product&#038;p=51444"},"modified":"2024-05-16T10:40:47","modified_gmt":"2024-05-16T10:40:47","slug":"solarni-montazni-komplet-mlin-2","status":"publish","type":"product","link":"https:\/\/chessgamesemporium.com\/es\/shop\/sestavljanke-puzzle\/3d-lesene-sestavljanke\/solarni-montazni-komplet-mlin-2\/","title":{"rendered":"Kit de montaje solar - Molino 2"},"content":{"rendered":"<p>A partir de 8 a\u00f1os<\/p>\n<p>Si el panel solar recibe suficiente luz solar, este molino de viento empieza a girar solo.<\/p>\n<p>Altura: 20 cm<\/p>\n<p>El modelo se puede pintar.<\/p>\n<p>No apto para ni\u00f1os menores de 3 a\u00f1os.<\/p>","protected":false},"excerpt":{"rendered":"<p>+8 let \u010ce son\u010dno celico dose\u017ee dovolj svetlobe, se za\u010dne ta mlin na veter neutrudno vrteti. Vi\u0161ina: 20 cm Model lahko tudi pobarvate. Ni primerno za otroke do tretjega leta starosti!<\/p>","protected":false},"featured_media":51464,"comment_status":"closed","ping_status":"closed","template":"","meta":{"_seopress_robots_primary_cat":"none","_seopress_titles_title":"","_seopress_titles_desc":"","_seopress_robots_index":""},"product_brand":[],"product_cat":[618,617],"product_tag":[],"class_list":{"0":"post-51444","1":"product","2":"type-product","3":"status-publish","4":"has-post-thumbnail","6":"product_cat-3d-lesene-sestavljanke","7":"product_cat-sestavljanke-puzzle","9":"entry","10":"has-media","12":"first","13":"instock","14":"taxable","15":"shipping-taxable","16":"purchasable","17":"product-type-simple","18":"has-product-nav","19":"col","20":"span_1_of_4","21":"owp-content-center","22":"item-entry","23":"owp-thumbs-layout-horizontal","24":"owp-btn-normal","25":"owp-tabs-layout-section","26":"has-no-thumbnails"},"wcpa_form_fields":null,"_links":{"self":[{"href":"https:\/\/chessgamesemporium.com\/es\/wp-json\/wp\/v2\/product\/51444","targetHints":{"allow":["GET"]}}],"collection":[{"href":"https:\/\/chessgamesemporium.com\/es\/wp-json\/wp\/v2\/product"}],"about":[{"href":"https:\/\/chessgamesemporium.com\/es\/wp-json\/wp\/v2\/types\/product"}],"replies":[{"embeddable":true,"href":"https:\/\/chessgamesemporium.com\/es\/wp-json\/wp\/v2\/comments?post=51444"}],"version-history":[{"count":0,"href":"https:\/\/chessgamesemporium.com\/es\/wp-json\/wp\/v2\/product\/51444\/revisions"}],"wp:featuredmedia":[{"embeddable":true,"href":"https:\/\/chessgamesemporium.com\/es\/wp-json\/wp\/v2\/media\/51464"}],"wp:attachment":[{"href":"https:\/\/chessgamesemporium.com\/es\/wp-json\/wp\/v2\/media?parent=51444"}],"wp:term":[{"taxonomy":"product_brand","embeddable":true,"href":"https:\/\/chessgamesemporium.com\/es\/wp-json\/wp\/v2\/product_brand?post=51444"},{"taxonomy":"product_cat","embeddable":true,"href":"https:\/\/chessgamesemporium.com\/es\/wp-json\/wp\/v2\/product_cat?post=51444"},{"taxonomy":"product_tag","embeddable":true,"href":"https:\/\/chessgamesemporium.com\/es\/wp-json\/wp\/v2\/product_tag?post=51444"}],"curies":[{"name":"wp","href":"https:\/\/api.w.org\/{rel}","templated":true}]}}