{"id":51659,"date":"2023-10-09T09:22:57","date_gmt":"2023-10-09T09:22:57","guid":{"rendered":"https:\/\/chessgamesemporium.com\/?post_type=product&#038;p=51659"},"modified":"2024-09-20T09:11:06","modified_gmt":"2024-09-20T09:11:06","slug":"lesena-3d-sestavljanka-skuter","status":"publish","type":"product","link":"https:\/\/chessgamesemporium.com\/es\/shop\/sestavljanke-puzzle\/3d-lesene-sestavljanke\/lesena-3d-sestavljanka-skuter\/","title":{"rendered":"Puzzle 3D de madera: Patinete"},"content":{"rendered":"<p>Puzzle 3D de madera: Patinete<br \/>\nDimensiones una vez montado: 22,5 x 10,2 x 15 cm<br \/>\nPiezas: 60<br \/>\nL\u00e1minas de madera contrachapada: 4<\/p>\n<p>Presiona las figuras con cuidado para separarlas de las l\u00e1minas de madera contrachapada, lija los bordes y vuelve a colocarlas en las l\u00e1minas.<br \/>\nEl kit incluye instrucciones para facilitar el montaje.<br \/>\nLa imagen de la portada tambi\u00e9n ayuda durante el montaje.<br \/>\nSi las uniones est\u00e1n demasiado apretadas, vuelve a lijar. Si est\u00e1n demasiado sueltas, usa pegamento para madera.<br \/>\nPuedes pintar las piezas antes o despu\u00e9s del montaje.<\/p>\n<p>No apto para ni\u00f1os menores de 3 a\u00f1os.<\/p>","protected":false},"excerpt":{"rendered":"<p>Lesena 3D sestavljanka Skuter Dimenzija sestavljene: 25,5 x 10,2 x 15 cm \u0160t. kosov: 60 \u0160t. lesenih plo\u0161\u010d: 4 Ko\u0161\u010dke sestavljanke previdno vzemite iz lesenih plo\u0161\u010d, zgladite robove z brusnim papirjem, in jih polo\u017eite nazaj v plo\u0161\u010de. Sestavljanko lahko sestavite s pomo\u010djo na\u010drta, pri sestavljanju pa si lahko pomagate tudi s sliko kon\u010dnega izdelka na [&hellip;]<\/p>","protected":false},"featured_media":56070,"comment_status":"closed","ping_status":"closed","template":"","meta":{"_seopress_robots_primary_cat":"none","_seopress_titles_title":"","_seopress_titles_desc":"","_seopress_robots_index":""},"product_brand":[],"product_cat":[618,617],"product_tag":[],"class_list":{"0":"post-51659","1":"product","2":"type-product","3":"status-publish","4":"has-post-thumbnail","6":"product_cat-3d-lesene-sestavljanke","7":"product_cat-sestavljanke-puzzle","9":"entry","10":"has-media","12":"first","13":"instock","14":"taxable","15":"shipping-taxable","16":"purchasable","17":"product-type-simple","18":"has-product-nav","19":"col","20":"span_1_of_4","21":"owp-content-center","22":"item-entry","23":"owp-thumbs-layout-horizontal","24":"owp-btn-normal","25":"owp-tabs-layout-section","26":"has-no-thumbnails"},"wcpa_form_fields":null,"_links":{"self":[{"href":"https:\/\/chessgamesemporium.com\/es\/wp-json\/wp\/v2\/product\/51659","targetHints":{"allow":["GET"]}}],"collection":[{"href":"https:\/\/chessgamesemporium.com\/es\/wp-json\/wp\/v2\/product"}],"about":[{"href":"https:\/\/chessgamesemporium.com\/es\/wp-json\/wp\/v2\/types\/product"}],"replies":[{"embeddable":true,"href":"https:\/\/chessgamesemporium.com\/es\/wp-json\/wp\/v2\/comments?post=51659"}],"version-history":[{"count":0,"href":"https:\/\/chessgamesemporium.com\/es\/wp-json\/wp\/v2\/product\/51659\/revisions"}],"wp:featuredmedia":[{"embeddable":true,"href":"https:\/\/chessgamesemporium.com\/es\/wp-json\/wp\/v2\/media\/56070"}],"wp:attachment":[{"href":"https:\/\/chessgamesemporium.com\/es\/wp-json\/wp\/v2\/media?parent=51659"}],"wp:term":[{"taxonomy":"product_brand","embeddable":true,"href":"https:\/\/chessgamesemporium.com\/es\/wp-json\/wp\/v2\/product_brand?post=51659"},{"taxonomy":"product_cat","embeddable":true,"href":"https:\/\/chessgamesemporium.com\/es\/wp-json\/wp\/v2\/product_cat?post=51659"},{"taxonomy":"product_tag","embeddable":true,"href":"https:\/\/chessgamesemporium.com\/es\/wp-json\/wp\/v2\/product_tag?post=51659"}],"curies":[{"name":"wp","href":"https:\/\/api.w.org\/{rel}","templated":true}]}}