{"id":52095,"date":"2023-10-11T06:13:58","date_gmt":"2023-10-11T06:13:58","guid":{"rendered":"https:\/\/chessgamesemporium.com\/?post_type=product&#038;p=52095"},"modified":"2025-11-21T08:06:16","modified_gmt":"2025-11-21T08:06:16","slug":"sahovski-komplet-new-york","status":"publish","type":"product","link":"https:\/\/chessgamesemporium.com\/es\/shop\/sahovski-kompleti\/sestavljeni-kompleti\/sahovski-komplet-new-york\/","title":{"rendered":"Juego de ajedrez NEW YORK"},"content":{"rendered":"<p>Piezas de ajedrez:<br \/>\nUn juego de ajedrez de exquisita elaboraci\u00f3n, con un caballo detallado.<br \/>\nPesadas y barnizadas<br \/>\nPalisandro de la India<\/p>\n<p>Dimensiones: (altura | ancho de la base)<br \/>\nRey: 8,2 cm | 3,4 cm<br \/>\nReina: 6,7 cm | 3,2 cm<br \/>\nTorre: 4,6 cm | 3,0 cm<br \/>\nAlfil: 6,2 cm | 3,0 cm<br \/>\nCaballo: 6,0 cm | 3,0 cm<br \/>\nPe\u00f3n: 4,2 cm | 2,4 cm<\/p>\n<p>Tablero de ajedrez:<br \/>\nUn tablero de ajedrez de lujo, elaborado en madera con un mosaico art\u00edstico. Este tablero no est\u00e1 pintado, lo que permite apreciar los colores naturales de la madera. Est\u00e1 barnizado para realzar su brillo y proteger la madera.<\/p>\n<p>Dimensiones de las casillas: 45 x 45 mm<br \/>\nTama\u00f1o del tablero: 48 \u00d7 48 \u00d7 5 cm<\/p>\n<p>No apto para ni\u00f1os menores de 3 a\u00f1os.<\/p>","protected":false},"excerpt":{"rendered":"<p>Figure: Zelo lepo izoblikovane figure, detajliran skaka\u010d. Obte\u017eene in oblo\u017eene Indijski Palisander Dimenzije: (vi\u0161ina figure | premer podlage) Kralj: 8,2 cm | 3,4 cm Dama: 6,7 cm | 3,2 cm Top: 4,6 cm | 3,0 cm Lovec: 6,2 cm | 3,0 cm Skaka\u010d: 6,0 cm | 3,0 cm Kmet: 4,2 cm | 2,4 cm \u0160ahovnica: [&hellip;]<\/p>","protected":false},"featured_media":52136,"comment_status":"closed","ping_status":"closed","template":"","meta":{"_seopress_robots_primary_cat":"none","_seopress_titles_title":"","_seopress_titles_desc":"","_seopress_robots_index":""},"product_brand":[],"product_cat":[581,510],"product_tag":[],"class_list":{"0":"post-52095","1":"product","2":"type-product","3":"status-publish","4":"has-post-thumbnail","6":"product_cat-sestavljeni-kompleti","7":"product_cat-sahovski-kompleti","9":"entry","10":"has-media","12":"first","13":"instock","14":"taxable","15":"shipping-taxable","16":"purchasable","17":"product-type-simple","18":"has-product-nav","19":"col","20":"span_1_of_4","21":"owp-content-center","22":"item-entry","23":"owp-thumbs-layout-horizontal","24":"owp-btn-normal","25":"owp-tabs-layout-section"},"wcpa_form_fields":null,"_links":{"self":[{"href":"https:\/\/chessgamesemporium.com\/es\/wp-json\/wp\/v2\/product\/52095","targetHints":{"allow":["GET"]}}],"collection":[{"href":"https:\/\/chessgamesemporium.com\/es\/wp-json\/wp\/v2\/product"}],"about":[{"href":"https:\/\/chessgamesemporium.com\/es\/wp-json\/wp\/v2\/types\/product"}],"replies":[{"embeddable":true,"href":"https:\/\/chessgamesemporium.com\/es\/wp-json\/wp\/v2\/comments?post=52095"}],"version-history":[{"count":0,"href":"https:\/\/chessgamesemporium.com\/es\/wp-json\/wp\/v2\/product\/52095\/revisions"}],"wp:featuredmedia":[{"embeddable":true,"href":"https:\/\/chessgamesemporium.com\/es\/wp-json\/wp\/v2\/media\/52136"}],"wp:attachment":[{"href":"https:\/\/chessgamesemporium.com\/es\/wp-json\/wp\/v2\/media?parent=52095"}],"wp:term":[{"taxonomy":"product_brand","embeddable":true,"href":"https:\/\/chessgamesemporium.com\/es\/wp-json\/wp\/v2\/product_brand?post=52095"},{"taxonomy":"product_cat","embeddable":true,"href":"https:\/\/chessgamesemporium.com\/es\/wp-json\/wp\/v2\/product_cat?post=52095"},{"taxonomy":"product_tag","embeddable":true,"href":"https:\/\/chessgamesemporium.com\/es\/wp-json\/wp\/v2\/product_tag?post=52095"}],"curies":[{"name":"wp","href":"https:\/\/api.w.org\/{rel}","templated":true}]}}