{"id":52294,"date":"2023-10-12T07:43:04","date_gmt":"2023-10-12T07:43:04","guid":{"rendered":"https:\/\/chessgamesemporium.com\/?post_type=product&#038;p=52294"},"modified":"2025-08-01T07:03:58","modified_gmt":"2025-08-01T07:03:58","slug":"osnovne-vrtne-sahovske-figure","status":"publish","type":"product","link":"https:\/\/chessgamesemporium.com\/es\/shop\/vrtne-igre\/vrtni-sahi\/osnovne-vrtne-sahovske-figure\/","title":{"rendered":"Piezas b\u00e1sicas de ajedrez para jard\u00edn | Ajedrez"},"content":{"rendered":"<p>Piezas de ajedrez para jard\u00edn<\/p>\n<p>Las piezas b\u00e1sicas de ajedrez para jard\u00edn permiten una instalaci\u00f3n y partida r\u00e1pidas. Son ideales para jardines y terrazas peque\u00f1os. Cada pieza mide entre 20 y 30 cm de alto y tiene una base de 9,5 cm de di\u00e1metro.<\/p>\n<p>Altura de las piezas:<br \/>\nRey: 30 cm<br \/>\nReina: 29 cm<br \/>\nAlfil: 26 cm<br \/>\nCaballo: 21 cm<br \/>\nTorre: 21 cm<br \/>\nPe\u00f3n: 20 cm<\/p>\n<p>Material: Pl\u00e1stico<\/p>\n<p>Las piezas son compatibles con tableros de ajedrez con casillas de 15-20 cm.<br \/>\nNuestra recomendaci\u00f3n: El tablero de ajedrez b\u00e1sico para jard\u00edn.<br \/>\nEl tablero no est\u00e1 incluido.<\/p>","protected":false},"excerpt":{"rendered":"<p>Figure za vrtni \u0161ah Osnovne vrtne \u0161ahovske figure omogo\u010dajo hitrej\u0161o postavitev in igro. Primerne so tudi za manj\u0161e vrtove in terase. Figure so enodelne in merijo od 20 do 30 cm s premerom spodnje ploskve 9,5 cm. Vi\u0161ina figur: Kralj: 30 cm Dama: 29 cm Lovec: 26 cm Skaka\u010d: 21 cm Top: 21 cm Kmet: [&hellip;]<\/p>","protected":false},"featured_media":52301,"comment_status":"closed","ping_status":"closed","template":"","meta":{"_seopress_robots_primary_cat":"none","_seopress_titles_title":"","_seopress_titles_desc":"","_seopress_robots_index":""},"product_brand":[],"product_cat":[538,539],"product_tag":[],"class_list":{"0":"post-52294","1":"product","2":"type-product","3":"status-publish","4":"has-post-thumbnail","6":"product_cat-vrtne-igre","7":"product_cat-vrtni-sahi","9":"entry","10":"has-media","12":"first","13":"instock","14":"taxable","15":"shipping-taxable","16":"purchasable","17":"product-type-simple","18":"has-product-nav","19":"col","20":"span_1_of_4","21":"owp-content-center","22":"item-entry","23":"owp-thumbs-layout-horizontal","24":"owp-btn-normal","25":"owp-tabs-layout-section"},"wcpa_form_fields":null,"_links":{"self":[{"href":"https:\/\/chessgamesemporium.com\/es\/wp-json\/wp\/v2\/product\/52294","targetHints":{"allow":["GET"]}}],"collection":[{"href":"https:\/\/chessgamesemporium.com\/es\/wp-json\/wp\/v2\/product"}],"about":[{"href":"https:\/\/chessgamesemporium.com\/es\/wp-json\/wp\/v2\/types\/product"}],"replies":[{"embeddable":true,"href":"https:\/\/chessgamesemporium.com\/es\/wp-json\/wp\/v2\/comments?post=52294"}],"version-history":[{"count":0,"href":"https:\/\/chessgamesemporium.com\/es\/wp-json\/wp\/v2\/product\/52294\/revisions"}],"wp:featuredmedia":[{"embeddable":true,"href":"https:\/\/chessgamesemporium.com\/es\/wp-json\/wp\/v2\/media\/52301"}],"wp:attachment":[{"href":"https:\/\/chessgamesemporium.com\/es\/wp-json\/wp\/v2\/media?parent=52294"}],"wp:term":[{"taxonomy":"product_brand","embeddable":true,"href":"https:\/\/chessgamesemporium.com\/es\/wp-json\/wp\/v2\/product_brand?post=52294"},{"taxonomy":"product_cat","embeddable":true,"href":"https:\/\/chessgamesemporium.com\/es\/wp-json\/wp\/v2\/product_cat?post=52294"},{"taxonomy":"product_tag","embeddable":true,"href":"https:\/\/chessgamesemporium.com\/es\/wp-json\/wp\/v2\/product_tag?post=52294"}],"curies":[{"name":"wp","href":"https:\/\/api.w.org\/{rel}","templated":true}]}}