{"id":52305,"date":"2023-10-12T07:57:09","date_gmt":"2023-10-12T07:57:09","guid":{"rendered":"https:\/\/chessgamesemporium.com\/?post_type=product&#038;p=52305"},"modified":"2026-04-20T15:33:22","modified_gmt":"2026-04-20T15:33:22","slug":"digitalna-sahovska-ura-dgt-2500","status":"publish","type":"product","link":"https:\/\/chessgamesemporium.com\/es\/shop\/sahovske-ure\/digitalne-ure\/digitalna-sahovska-ura-dgt-2500\/","title":{"rendered":"DGT 2500 reloj de ajedrez digital \u2013 FIDE torneo"},"content":{"rendered":"<p>El DGT 2500 es el nuevo est\u00e1ndar en cronometraje de partidas, aprobado y recomendado por la Federaci\u00f3n Internacional de Ajedrez (FIDE).<br \/>\nUn magn\u00edfico reloj de ajedrez dise\u00f1ado para satisfacer las necesidades de todos los jugadores. Con 30 a\u00f1os de experiencia y muchos a\u00f1os de investigaci\u00f3n, DGT ha perfeccionado a\u00fan m\u00e1s lo que ya era excelente. Estas mejoras convierten al DGT 2500 en el mejor reloj de ajedrez del mercado.<\/p>\n<p>Utilizado en clubes de ajedrez y torneos en todo el mundo como un reloj fiable y f\u00e1cil de usar.<\/p>\n<p>Caracter\u00edsticas destacadas:<br \/>\nPantalla ultra n\u00edtida<br \/>\nOpciones de cronometraje actualizadas<br \/>\nPalanca m\u00e1s visible<br \/>\nF\u00e1cil de usar<br \/>\nMenor consumo de energ\u00eda<br \/>\nGarant\u00eda de calidad DGT<br \/>\nInnovadora barra de banderas<br \/>\nTransici\u00f3n autom\u00e1tica de periodos opcional<br \/>\nPenalizaci\u00f3n de tiempo r\u00e1pida<br \/>\nRecomendado por la FIDE<\/p>\n<p>Dimensiones del reloj: 198 x 110 x 60 mm<br \/>\nDimensiones de la pantalla: 174 x 32 mm<br \/>\nPeso: 320 g<\/p>\n<p>Especificaciones t\u00e9cnicas<br \/>\nPilas<br \/>\n2 pilas AA (incluidas)<br \/>\nPrecisi\u00f3n<br \/>\nm\u00e1x. 0,5 s\/h<br \/>\nCarcasa<br \/>\nPl\u00e1stico ABS<\/p>","protected":false},"excerpt":{"rendered":"<p>El DGT 2500 es un reloj de ajedrez digital aprobado por la FIDE. Cuenta con una pantalla grande, m\u00faltiples sistemas de tiempo y soporte para incremento y delay. Ideal para clubes y jugadores serios.<\/p>","protected":false},"featured_media":52308,"comment_status":"closed","ping_status":"closed","template":"","meta":{"_seopress_robots_primary_cat":"none","_seopress_titles_title":"Digitalna \u0161ahovska ura DGT 2500 \u2013 FIDE, turnirska","_seopress_titles_desc":"","_seopress_robots_index":""},"product_brand":[],"product_cat":[513,520],"product_tag":[],"class_list":{"0":"post-52305","1":"product","2":"type-product","3":"status-publish","4":"has-post-thumbnail","6":"product_cat-sahovske-ure","7":"product_cat-digitalne-ure","9":"entry","10":"has-media","12":"first","13":"instock","14":"sale","15":"taxable","16":"shipping-taxable","17":"purchasable","18":"product-type-simple","19":"has-product-nav","20":"col","21":"span_1_of_4","22":"owp-content-center","23":"item-entry","24":"owp-thumbs-layout-horizontal","25":"owp-btn-normal","26":"owp-tabs-layout-section"},"wcpa_form_fields":null,"_links":{"self":[{"href":"https:\/\/chessgamesemporium.com\/es\/wp-json\/wp\/v2\/product\/52305","targetHints":{"allow":["GET"]}}],"collection":[{"href":"https:\/\/chessgamesemporium.com\/es\/wp-json\/wp\/v2\/product"}],"about":[{"href":"https:\/\/chessgamesemporium.com\/es\/wp-json\/wp\/v2\/types\/product"}],"replies":[{"embeddable":true,"href":"https:\/\/chessgamesemporium.com\/es\/wp-json\/wp\/v2\/comments?post=52305"}],"version-history":[{"count":0,"href":"https:\/\/chessgamesemporium.com\/es\/wp-json\/wp\/v2\/product\/52305\/revisions"}],"wp:featuredmedia":[{"embeddable":true,"href":"https:\/\/chessgamesemporium.com\/es\/wp-json\/wp\/v2\/media\/52308"}],"wp:attachment":[{"href":"https:\/\/chessgamesemporium.com\/es\/wp-json\/wp\/v2\/media?parent=52305"}],"wp:term":[{"taxonomy":"product_brand","embeddable":true,"href":"https:\/\/chessgamesemporium.com\/es\/wp-json\/wp\/v2\/product_brand?post=52305"},{"taxonomy":"product_cat","embeddable":true,"href":"https:\/\/chessgamesemporium.com\/es\/wp-json\/wp\/v2\/product_cat?post=52305"},{"taxonomy":"product_tag","embeddable":true,"href":"https:\/\/chessgamesemporium.com\/es\/wp-json\/wp\/v2\/product_tag?post=52305"}],"curies":[{"name":"wp","href":"https:\/\/api.w.org\/{rel}","templated":true}]}}