{"id":52315,"date":"2023-10-12T08:12:33","date_gmt":"2023-10-12T08:12:33","guid":{"rendered":"https:\/\/chessgamesemporium.com\/?post_type=product&#038;p=52315"},"modified":"2026-03-12T07:46:30","modified_gmt":"2026-03-12T07:46:30","slug":"chess-classics-the-chess-alchemist","status":"publish","type":"product","link":"https:\/\/chessgamesemporium.com\/es\/shop\/libros-ajedrez\/biografije\/chess-classics-the-chess-alchemist\/","title":{"rendered":"Mikhail Tal: THE CHESS ALCHEMIST"},"content":{"rendered":"<p>Avtor Mikhail Tal<br \/>\nLeto izdaje 2022<br \/>\nIdioma: Ingl\u00e9s<br \/>\n\u0160t. strani 384<br \/>\nFormat 24 x 17 cm<br \/>\nPlatnice: trde<\/p>\n<p>Mihail Tal je eden najbolj slavnih svetovnih prvakov v zgodovini \u0161aha, ki je zmedel svoje nasprotnike in osupnil \u0161ahovske navija\u010de po vsem svetu. Navidezno je kr\u0161il vsa pravila, hkrati pa s svojimi dose\u017eki podiral rekorde, zato je bil Tal resni\u010dno \u0161ahovski alkimist.<\/p>\n<p>V tej edinstveni knjigi je Oleg Stetsko izbral 80 Talovih najzanimivej\u0161ih partij, katere je Talj sam komentaril, od katerih so bile mnoge prvi\u010d prevedene v angle\u0161\u010dino.<\/p>\n<p>Mihail Talj je postal svetovni prvak leta 1960, ko je premagal velikega Mihaila Botvinnika. Taljeva igra slovi po \u017ertvenem sijaju, znan pa je tudi kot duhovit in \u017eivahen pisatelj.<\/p>\n<p>&nbsp;<\/p>","protected":false},"excerpt":{"rendered":"<p><a href=\"https:\/\/chessgamesemporium.com\/wp-content\/uploads\/2023\/10\/ChessAlchemist-excerpt.pdf\" target=\"_blank\" rel=\"noopener\">Extracto en PDF<\/a><\/p>","protected":false},"featured_media":52318,"comment_status":"closed","ping_status":"closed","template":"","meta":{"_seopress_robots_primary_cat":"none","_seopress_titles_title":"","_seopress_titles_desc":"","_seopress_robots_index":""},"product_brand":[],"product_cat":[610,512],"product_tag":[],"class_list":{"0":"post-52315","1":"product","2":"type-product","3":"status-publish","4":"has-post-thumbnail","6":"product_cat-biografije","7":"product_cat-sahovske-knjige","8":"pa_avtor-mikhail-tal","9":"pa_leto-izdaje-747","10":"pa_nivo-knjige-srednji","11":"pa_stran-oboje-nevtralno","12":"pa_tip-knjige-biografije-zgodovina","13":"pa_zalozba-quality-chess","15":"entry","16":"has-media","18":"first","19":"instock","20":"taxable","21":"shipping-taxable","22":"purchasable","23":"product-type-simple","24":"has-product-nav","25":"col","26":"span_1_of_4","27":"owp-content-center","28":"item-entry","29":"owp-thumbs-layout-horizontal","30":"owp-btn-normal","31":"owp-tabs-layout-section"},"wcpa_form_fields":null,"_links":{"self":[{"href":"https:\/\/chessgamesemporium.com\/es\/wp-json\/wp\/v2\/product\/52315","targetHints":{"allow":["GET"]}}],"collection":[{"href":"https:\/\/chessgamesemporium.com\/es\/wp-json\/wp\/v2\/product"}],"about":[{"href":"https:\/\/chessgamesemporium.com\/es\/wp-json\/wp\/v2\/types\/product"}],"replies":[{"embeddable":true,"href":"https:\/\/chessgamesemporium.com\/es\/wp-json\/wp\/v2\/comments?post=52315"}],"version-history":[{"count":0,"href":"https:\/\/chessgamesemporium.com\/es\/wp-json\/wp\/v2\/product\/52315\/revisions"}],"wp:featuredmedia":[{"embeddable":true,"href":"https:\/\/chessgamesemporium.com\/es\/wp-json\/wp\/v2\/media\/52318"}],"wp:attachment":[{"href":"https:\/\/chessgamesemporium.com\/es\/wp-json\/wp\/v2\/media?parent=52315"}],"wp:term":[{"taxonomy":"product_brand","embeddable":true,"href":"https:\/\/chessgamesemporium.com\/es\/wp-json\/wp\/v2\/product_brand?post=52315"},{"taxonomy":"product_cat","embeddable":true,"href":"https:\/\/chessgamesemporium.com\/es\/wp-json\/wp\/v2\/product_cat?post=52315"},{"taxonomy":"product_tag","embeddable":true,"href":"https:\/\/chessgamesemporium.com\/es\/wp-json\/wp\/v2\/product_tag?post=52315"}],"curies":[{"name":"wp","href":"https:\/\/api.w.org\/{rel}","templated":true}]}}