{"id":52808,"date":"2023-10-18T06:55:09","date_gmt":"2023-10-18T06:55:09","guid":{"rendered":"https:\/\/chessgamesemporium.com\/?post_type=product&#038;p=52808"},"modified":"2024-01-30T09:48:45","modified_gmt":"2024-01-30T09:48:45","slug":"sestavljanka-ujeti-tetris","status":"publish","type":"product","link":"https:\/\/chessgamesemporium.com\/es\/shop\/miselne-igre\/lesene-penaste-miselne\/sestavljanka-ujeti-tetris\/","title":{"rendered":"Sestavljanka UJETI TETRIS"},"content":{"rendered":"<div align=\"left\">\n<p>Dimenzije \u0161katle: 60 x 60 x 60 mm ,<br \/>\n11 kosov<\/p>\n<p>Duraci\u00f3n del juego: Aprox. 15 minutos<br \/>\n5 lesenih in 6 barvnih kosov. Cilj je spraviti 5 lesenih in enega barvnega v leseni okvir. Ker je 6 barvnih kosov, je prav toliko tudi mo\u017enosti re\u0161itev.<\/p>\n<p>\u00a1Advertencia! \u00a1No apto para ni\u00f1os menores de 3 a\u00f1os debido a las piezas peque\u00f1as! Peligro de asfixia.<\/p>\n<\/div>\n<p>&nbsp;<\/p>","protected":false},"excerpt":{"rendered":"<p>Dimenzije \u0161katle: 60 x 60 x 60 mm , 11 kosov Igralni \u010das: ca. 15 minut 5 lesenih in 6 barvnih kosov. Cilj je spraviti 5 lesenih in enega barvnega v leseni okvir. Ker je 6 barvnih kosov, je prav toliko tudi mo\u017enosti re\u0161itev. OPOZORILO! Ni primerno za otroke pod tretjim letom starosti. &nbsp;<\/p>","protected":false},"featured_media":52933,"comment_status":"closed","ping_status":"closed","template":"","meta":{"_seopress_robots_primary_cat":"none","_seopress_titles_title":"","_seopress_titles_desc":"","_seopress_robots_index":""},"product_brand":[],"product_cat":[663,616],"product_tag":[],"class_list":{"0":"post-52808","1":"product","2":"type-product","3":"status-publish","4":"has-post-thumbnail","6":"product_cat-lesene-penaste-miselne","7":"product_cat-miselne-igre","9":"entry","10":"has-media","12":"first","13":"instock","14":"taxable","15":"shipping-taxable","16":"purchasable","17":"product-type-simple","18":"has-product-nav","19":"col","20":"span_1_of_4","21":"owp-content-center","22":"item-entry","23":"owp-thumbs-layout-horizontal","24":"owp-btn-normal","25":"owp-tabs-layout-section","26":"has-no-thumbnails"},"wcpa_form_fields":null,"_links":{"self":[{"href":"https:\/\/chessgamesemporium.com\/es\/wp-json\/wp\/v2\/product\/52808","targetHints":{"allow":["GET"]}}],"collection":[{"href":"https:\/\/chessgamesemporium.com\/es\/wp-json\/wp\/v2\/product"}],"about":[{"href":"https:\/\/chessgamesemporium.com\/es\/wp-json\/wp\/v2\/types\/product"}],"replies":[{"embeddable":true,"href":"https:\/\/chessgamesemporium.com\/es\/wp-json\/wp\/v2\/comments?post=52808"}],"version-history":[{"count":0,"href":"https:\/\/chessgamesemporium.com\/es\/wp-json\/wp\/v2\/product\/52808\/revisions"}],"wp:featuredmedia":[{"embeddable":true,"href":"https:\/\/chessgamesemporium.com\/es\/wp-json\/wp\/v2\/media\/52933"}],"wp:attachment":[{"href":"https:\/\/chessgamesemporium.com\/es\/wp-json\/wp\/v2\/media?parent=52808"}],"wp:term":[{"taxonomy":"product_brand","embeddable":true,"href":"https:\/\/chessgamesemporium.com\/es\/wp-json\/wp\/v2\/product_brand?post=52808"},{"taxonomy":"product_cat","embeddable":true,"href":"https:\/\/chessgamesemporium.com\/es\/wp-json\/wp\/v2\/product_cat?post=52808"},{"taxonomy":"product_tag","embeddable":true,"href":"https:\/\/chessgamesemporium.com\/es\/wp-json\/wp\/v2\/product_tag?post=52808"}],"curies":[{"name":"wp","href":"https:\/\/api.w.org\/{rel}","templated":true}]}}