{"id":52840,"date":"2023-10-18T06:35:17","date_gmt":"2023-10-18T06:35:17","guid":{"rendered":"https:\/\/chessgamesemporium.com\/?post_type=product&#038;p=52840"},"modified":"2024-09-19T09:20:31","modified_gmt":"2024-09-19T09:20:31","slug":"3d-kartonska-sestavljanka-hohenzollern","status":"publish","type":"product","link":"https:\/\/chessgamesemporium.com\/es\/shop\/sestavljanke-puzzle\/3d-kartonaste-sestavljanke\/3d-kartonska-sestavljanka-hohenzollern\/","title":{"rendered":"Rompecabezas 3D de cart\u00f3n: HOHENZOLLERN"},"content":{"rendered":"<p>Rompecabezas 3D de cart\u00f3n, modelo<\/p>\n<p>Dimensiones: 62 x 36 x 30 cm<br \/>\nL\u00e1minas con piezas: 9<br \/>\nNivel de dificultad: 3<br \/>\nEscala: 1:1250<br \/>\nIdeal para maquetas de trenes<\/p>\n<p>El castillo de Hohenzollern fue la residencia ancestral de los pr\u00edncipes de Hohenzollern. Se encuentra en el antiguo principado de Hohenzollern-Hechingen, en el Zollernberg, un escarpado pico de 855 m de altura en la Jura de Suabia. La primera menci\u00f3n de un castillo en este lugar se encuentra en documentos hist\u00f3ricos de finales del siglo IX. Las fortificaciones posteriores, construidas en el siglo XI, fueron capturadas y destruidas por las tropas combinadas de la condesa Henriette de W\u00fcrttemberg y las ciudades imperiales de Suabia el 15 de mayo de 1423. El castillo fue reconstruido con la ayuda del margrave Alberto Aquiles de Brandeburgo. De los edificios originales, solo se conserva la capilla de San Miguel. A\u00fan se conserva en pie. Durante la Guerra de los Treinta A\u00f1os, el castillo de Hohenzollern fue a menudo el centro de los combates y sus propietarios cambiaron con frecuencia. Fue conquistado por las tropas de W\u00fcrttemberg en 1634, ocupado por los b\u00e1varos en 1635, finalmente devastado por los suecos y, despu\u00e9s de 1650, ocupado por las tropas del k\u00e1iser. Hasta 1798, Austria ten\u00eda derecho a estacionar tropas all\u00ed a cambio de un pago anual de 5000 florines. Mientras tanto, los edificios y fortificaciones se encontraban en muy mal estado. En 1850, influenciado por el sentido de la historia que caracteriz\u00f3 el siglo XIX, el rey Federico Guillermo IV de Prusia comenz\u00f3 la reconstrucci\u00f3n del castillo. Su estatua se alza en el jard\u00edn del castillo. La construcci\u00f3n se complet\u00f3 en 1867 y el rey Guillermo I pudo recibir los discursos de felicitaci\u00f3n del Reichstag del norte de Alemania en las salas reci\u00e9n construidas. Nuestro modelo muestra el castillo en su forma actual, que ha conservado desde su reconstrucci\u00f3n en el siglo XIX.<\/p>\n<p>\u00a1Advertencia! \u00a1No apto para ni\u00f1os menores de 3 a\u00f1os debido a las piezas peque\u00f1as! Peligro de asfixia.<\/p>","protected":false},"excerpt":{"rendered":"<p>3D sestavljanka, model iz kartona Dimenzije 62 x 36 x 30 cm \u0160tevilo kartonov s kosi: 9 Ocena te\u017eavnosti: 3 Razmerje: 1:1250 Primerno za \u017eeleznice: DA Grad Hohenzollern, en izmed najlep\u0161ih nem\u0161kih gradov, le\u017ei na obodu \u0160vabske Jure, par deset kilometrov oddaljen od Stuttgarta. Arhitektura gradu je izjemna kombinacija srednjeve\u0161ke askeze, gotske mistike in o\u010darljivego [&hellip;]<\/p>","protected":false},"featured_media":56031,"comment_status":"closed","ping_status":"closed","template":"","meta":{"_seopress_robots_primary_cat":"none","_seopress_titles_title":"","_seopress_titles_desc":"","_seopress_robots_index":""},"product_brand":[],"product_cat":[664,617,194],"product_tag":[],"class_list":{"0":"post-52840","1":"product","2":"type-product","3":"status-publish","4":"has-post-thumbnail","6":"product_cat-3d-kartonaste-sestavljanke","7":"product_cat-sestavljanke-puzzle","8":"product_cat-vsi-izdelki","10":"entry","11":"has-media","13":"first","14":"instock","15":"taxable","16":"shipping-taxable","17":"purchasable","18":"product-type-simple","19":"has-product-nav","20":"col","21":"span_1_of_4","22":"owp-content-center","23":"item-entry","24":"owp-thumbs-layout-horizontal","25":"owp-btn-normal","26":"owp-tabs-layout-section","27":"has-no-thumbnails"},"wcpa_form_fields":null,"_links":{"self":[{"href":"https:\/\/chessgamesemporium.com\/es\/wp-json\/wp\/v2\/product\/52840","targetHints":{"allow":["GET"]}}],"collection":[{"href":"https:\/\/chessgamesemporium.com\/es\/wp-json\/wp\/v2\/product"}],"about":[{"href":"https:\/\/chessgamesemporium.com\/es\/wp-json\/wp\/v2\/types\/product"}],"replies":[{"embeddable":true,"href":"https:\/\/chessgamesemporium.com\/es\/wp-json\/wp\/v2\/comments?post=52840"}],"version-history":[{"count":0,"href":"https:\/\/chessgamesemporium.com\/es\/wp-json\/wp\/v2\/product\/52840\/revisions"}],"wp:featuredmedia":[{"embeddable":true,"href":"https:\/\/chessgamesemporium.com\/es\/wp-json\/wp\/v2\/media\/56031"}],"wp:attachment":[{"href":"https:\/\/chessgamesemporium.com\/es\/wp-json\/wp\/v2\/media?parent=52840"}],"wp:term":[{"taxonomy":"product_brand","embeddable":true,"href":"https:\/\/chessgamesemporium.com\/es\/wp-json\/wp\/v2\/product_brand?post=52840"},{"taxonomy":"product_cat","embeddable":true,"href":"https:\/\/chessgamesemporium.com\/es\/wp-json\/wp\/v2\/product_cat?post=52840"},{"taxonomy":"product_tag","embeddable":true,"href":"https:\/\/chessgamesemporium.com\/es\/wp-json\/wp\/v2\/product_tag?post=52840"}],"curies":[{"name":"wp","href":"https:\/\/api.w.org\/{rel}","templated":true}]}}