{"id":52880,"date":"2023-10-18T07:19:27","date_gmt":"2023-10-18T07:19:27","guid":{"rendered":"https:\/\/chessgamesemporium.com\/?post_type=product&#038;p=52880"},"modified":"2024-09-19T09:08:21","modified_gmt":"2024-09-19T09:08:21","slug":"3d-kartonska-sestavljanka-knochenhauer","status":"publish","type":"product","link":"https:\/\/chessgamesemporium.com\/es\/shop\/sestavljanke-puzzle\/3d-kartonaste-sestavljanke\/3d-kartonska-sestavljanka-knochenhauer\/","title":{"rendered":"Rompecabezas 3D de cart\u00f3n KNOCHENHAUER"},"content":{"rendered":"<p>Rompecabezas 3D de cart\u00f3n, modelo<\/p>\n<p>Dimensiones: 11 x 9 x 14 cm<br \/>\nL\u00e1minas con piezas: 2,5<br \/>\nEscala: 1:160<br \/>\nIdeal para maquetas de trenes<\/p>\n<p>La Casa Knochenhauer en Hildesheim fue construida en 1529 y su front\u00f3n alcanzaba los 26 metros de altura. En el momento de su construcci\u00f3n, no solo era un s\u00edmbolo del poder y la riqueza de la clase media, sino tambi\u00e9n una obra maestra del arte g\u00f3tico tard\u00edo. Se la considera la casa de madera m\u00e1s bella del mundo. Despu\u00e9s de 1945, se construy\u00f3 un hotel en el mismo terreno. Gracias a la Iniciativa Ciudadana de Hildesheim y con el apoyo del ayuntamiento, fue posible demoler el edificio en 1986 y reconstruir el Knochenhauer-Amtshaus, fiel al original, en su emplazamiento original en 1989. Para la reconstrucci\u00f3n se necesitaron 400 metros c\u00fabicos de madera de roble, que fueron unidos con unos 7.500 clavos de madera y m\u00e1s de 4.300 uniones por carpinteros que utilizaron m\u00e9todos tradicionales. Las tallas de las vigas y los soportes se pudieron reproducir gracias a la fotogrametr\u00eda a partir de fotograf\u00edas antiguas. La bodega abovedada se reconstruy\u00f3 con bloques de arenisca seg\u00fan una parte descubierta durante las excavaciones. Tomado con agradecimiento y la amable autorizaci\u00f3n del folleto \u00abHildesheimer Rosenroute\u00bb.<\/p>\n<p>\u00a1Advertencia! \u00a1No apto para ni\u00f1os menores de 3 a\u00f1os debido a las piezas peque\u00f1as! Peligro de asfixia.<\/p>","protected":false},"excerpt":{"rendered":"<p>3D sestavljanka, model iz kartona Dimenzije 11 x 9 x 14 cm \u0160tevilo kartonov s kosi: 2,5 Razmerje: 1:160 Primerno za \u017eeleznice: DA Arhitekturno zelo znana stavba v Nem\u010diji OPOZORILO! Ni primerno za otroke pod tretjim letom starosti.<\/p>","protected":false},"featured_media":56034,"comment_status":"closed","ping_status":"closed","template":"","meta":{"_seopress_robots_primary_cat":"none","_seopress_titles_title":"","_seopress_titles_desc":"","_seopress_robots_index":""},"product_brand":[],"product_cat":[664,617],"product_tag":[],"class_list":{"0":"post-52880","1":"product","2":"type-product","3":"status-publish","4":"has-post-thumbnail","6":"product_cat-3d-kartonaste-sestavljanke","7":"product_cat-sestavljanke-puzzle","9":"entry","10":"has-media","12":"first","13":"instock","14":"taxable","15":"shipping-taxable","16":"purchasable","17":"product-type-simple","18":"has-product-nav","19":"col","20":"span_1_of_4","21":"owp-content-center","22":"item-entry","23":"owp-thumbs-layout-horizontal","24":"owp-btn-normal","25":"owp-tabs-layout-section","26":"has-no-thumbnails"},"wcpa_form_fields":null,"_links":{"self":[{"href":"https:\/\/chessgamesemporium.com\/es\/wp-json\/wp\/v2\/product\/52880","targetHints":{"allow":["GET"]}}],"collection":[{"href":"https:\/\/chessgamesemporium.com\/es\/wp-json\/wp\/v2\/product"}],"about":[{"href":"https:\/\/chessgamesemporium.com\/es\/wp-json\/wp\/v2\/types\/product"}],"replies":[{"embeddable":true,"href":"https:\/\/chessgamesemporium.com\/es\/wp-json\/wp\/v2\/comments?post=52880"}],"version-history":[{"count":0,"href":"https:\/\/chessgamesemporium.com\/es\/wp-json\/wp\/v2\/product\/52880\/revisions"}],"wp:featuredmedia":[{"embeddable":true,"href":"https:\/\/chessgamesemporium.com\/es\/wp-json\/wp\/v2\/media\/56034"}],"wp:attachment":[{"href":"https:\/\/chessgamesemporium.com\/es\/wp-json\/wp\/v2\/media?parent=52880"}],"wp:term":[{"taxonomy":"product_brand","embeddable":true,"href":"https:\/\/chessgamesemporium.com\/es\/wp-json\/wp\/v2\/product_brand?post=52880"},{"taxonomy":"product_cat","embeddable":true,"href":"https:\/\/chessgamesemporium.com\/es\/wp-json\/wp\/v2\/product_cat?post=52880"},{"taxonomy":"product_tag","embeddable":true,"href":"https:\/\/chessgamesemporium.com\/es\/wp-json\/wp\/v2\/product_tag?post=52880"}],"curies":[{"name":"wp","href":"https:\/\/api.w.org\/{rel}","templated":true}]}}