{"id":52890,"date":"2023-10-18T07:40:58","date_gmt":"2023-10-18T07:40:58","guid":{"rendered":"https:\/\/chessgamesemporium.com\/?post_type=product&#038;p=52890"},"modified":"2024-09-19T09:01:40","modified_gmt":"2024-09-19T09:01:40","slug":"3d-kartonska-sestavljanka-vitez-rudolf","status":"publish","type":"product","link":"https:\/\/chessgamesemporium.com\/es\/shop\/sestavljanke-puzzle\/3d-kartonaste-sestavljanke\/3d-kartonska-sestavljanka-vitez-rudolf\/","title":{"rendered":"Rompecabezas de cart\u00f3n 3D CABALLERO RUDOLF"},"content":{"rendered":"<p>Rompecabezas 3D de cart\u00f3n, modelo<\/p>\n<p>Dimensiones: 9 x 10 x 25 cm<br \/>\nL\u00e1minas con piezas: 3<br \/>\nEscala: 1:9<\/p>\n<p>\u00a1Advertencia! \u00a1No apto para ni\u00f1os menores de 3 a\u00f1os debido a las piezas peque\u00f1as! Peligro de asfixia.<\/p>","protected":false},"excerpt":{"rendered":"<p>3D sestavljanka, model iz kartona Dimenzije: 9 x 10 x 25 cm \u0160tevilo kartonov s kosi: 3 Razmerje: 1:9 OPOZORILO! Ni primerno za otroke pod tretjim letom starosti.<\/p>","protected":false},"featured_media":52893,"comment_status":"closed","ping_status":"closed","template":"","meta":{"_seopress_robots_primary_cat":"none","_seopress_titles_title":"","_seopress_titles_desc":"","_seopress_robots_index":""},"product_brand":[],"product_cat":[664,617],"product_tag":[],"class_list":{"0":"post-52890","1":"product","2":"type-product","3":"status-publish","4":"has-post-thumbnail","6":"product_cat-3d-kartonaste-sestavljanke","7":"product_cat-sestavljanke-puzzle","9":"entry","10":"has-media","12":"first","13":"instock","14":"taxable","15":"shipping-taxable","16":"purchasable","17":"product-type-simple","18":"has-product-nav","19":"col","20":"span_1_of_4","21":"owp-content-center","22":"item-entry","23":"owp-thumbs-layout-horizontal","24":"owp-btn-normal","25":"owp-tabs-layout-section","26":"has-no-thumbnails"},"wcpa_form_fields":null,"_links":{"self":[{"href":"https:\/\/chessgamesemporium.com\/es\/wp-json\/wp\/v2\/product\/52890","targetHints":{"allow":["GET"]}}],"collection":[{"href":"https:\/\/chessgamesemporium.com\/es\/wp-json\/wp\/v2\/product"}],"about":[{"href":"https:\/\/chessgamesemporium.com\/es\/wp-json\/wp\/v2\/types\/product"}],"replies":[{"embeddable":true,"href":"https:\/\/chessgamesemporium.com\/es\/wp-json\/wp\/v2\/comments?post=52890"}],"version-history":[{"count":0,"href":"https:\/\/chessgamesemporium.com\/es\/wp-json\/wp\/v2\/product\/52890\/revisions"}],"wp:featuredmedia":[{"embeddable":true,"href":"https:\/\/chessgamesemporium.com\/es\/wp-json\/wp\/v2\/media\/52893"}],"wp:attachment":[{"href":"https:\/\/chessgamesemporium.com\/es\/wp-json\/wp\/v2\/media?parent=52890"}],"wp:term":[{"taxonomy":"product_brand","embeddable":true,"href":"https:\/\/chessgamesemporium.com\/es\/wp-json\/wp\/v2\/product_brand?post=52890"},{"taxonomy":"product_cat","embeddable":true,"href":"https:\/\/chessgamesemporium.com\/es\/wp-json\/wp\/v2\/product_cat?post=52890"},{"taxonomy":"product_tag","embeddable":true,"href":"https:\/\/chessgamesemporium.com\/es\/wp-json\/wp\/v2\/product_tag?post=52890"}],"curies":[{"name":"wp","href":"https:\/\/api.w.org\/{rel}","templated":true}]}}