{"id":52895,"date":"2023-10-18T07:45:44","date_gmt":"2023-10-18T07:45:44","guid":{"rendered":"https:\/\/chessgamesemporium.com\/?post_type=product&#038;p=52895"},"modified":"2024-10-10T06:11:55","modified_gmt":"2024-10-10T06:11:55","slug":"3d-kartonska-sestavljanka-grad-blankenstein","status":"publish","type":"product","link":"https:\/\/chessgamesemporium.com\/es\/shop\/sestavljanke-puzzle\/3d-kartonaste-sestavljanke\/3d-kartonska-sestavljanka-grad-blankenstein\/","title":{"rendered":"3D Kartonska Sestavljanka GRAD BLANKENSTEIN"},"content":{"rendered":"<p>Rompecabezas 3D de cart\u00f3n, modelo<\/p>\n<p>Dimenzije 19 x 14 x 19 cm<br \/>\n\u0160tevilo kartonov s kosi: 3<br \/>\nRazmerje: 1:250<br \/>\nIdeal para maquetas de trenes<\/p>\n<p>Ta lep grad je bil oblikovan v stilu severnonem\u0161kih gradov. Streha iz skrilavca je tipi\u010dna za ta stil arhitekture. Maketa je primerna za ozadje HO miniaturnih \u017eelezni\u0161kih prog. Grad lahko samostojno sestavijo otroci od desetega leta dalje.<\/p>\n<p>\u00a1Advertencia! \u00a1No apto para ni\u00f1os menores de 3 a\u00f1os debido a las piezas peque\u00f1as! Peligro de asfixia.<\/p>","protected":false},"excerpt":{"rendered":"<p>3D sestavljanka, model iz kartona Dimenzije 19 x 14 x 19 cm \u0160tevilo kartonov s kosi: 3 Razmerje: 1:250 Primerno za \u017eeleznice: DA Ta lep grad je bil oblikovan v stilu severnonem\u0161kih gradov. Streha iz skrilavca je tipi\u010dna za ta stil arhitekture. Maketa je primerna za ozadje HO miniaturnih \u017eelezni\u0161kih prog. Grad lahko samostojno sestavijo [&hellip;]<\/p>","protected":false},"featured_media":56024,"comment_status":"closed","ping_status":"closed","template":"","meta":{"_seopress_robots_primary_cat":"none","_seopress_titles_title":"","_seopress_titles_desc":"","_seopress_robots_index":""},"product_brand":[],"product_cat":[664,617],"product_tag":[],"class_list":{"0":"post-52895","1":"product","2":"type-product","3":"status-publish","4":"has-post-thumbnail","6":"product_cat-3d-kartonaste-sestavljanke","7":"product_cat-sestavljanke-puzzle","9":"entry","10":"has-media","12":"first","13":"outofstock","14":"taxable","15":"shipping-taxable","16":"purchasable","17":"product-type-simple","18":"has-product-nav","19":"col","20":"span_1_of_4","21":"owp-content-center","22":"item-entry","23":"owp-thumbs-layout-horizontal","24":"owp-btn-normal","25":"owp-tabs-layout-section","26":"has-no-thumbnails"},"wcpa_form_fields":null,"_links":{"self":[{"href":"https:\/\/chessgamesemporium.com\/es\/wp-json\/wp\/v2\/product\/52895","targetHints":{"allow":["GET"]}}],"collection":[{"href":"https:\/\/chessgamesemporium.com\/es\/wp-json\/wp\/v2\/product"}],"about":[{"href":"https:\/\/chessgamesemporium.com\/es\/wp-json\/wp\/v2\/types\/product"}],"replies":[{"embeddable":true,"href":"https:\/\/chessgamesemporium.com\/es\/wp-json\/wp\/v2\/comments?post=52895"}],"version-history":[{"count":0,"href":"https:\/\/chessgamesemporium.com\/es\/wp-json\/wp\/v2\/product\/52895\/revisions"}],"wp:featuredmedia":[{"embeddable":true,"href":"https:\/\/chessgamesemporium.com\/es\/wp-json\/wp\/v2\/media\/56024"}],"wp:attachment":[{"href":"https:\/\/chessgamesemporium.com\/es\/wp-json\/wp\/v2\/media?parent=52895"}],"wp:term":[{"taxonomy":"product_brand","embeddable":true,"href":"https:\/\/chessgamesemporium.com\/es\/wp-json\/wp\/v2\/product_brand?post=52895"},{"taxonomy":"product_cat","embeddable":true,"href":"https:\/\/chessgamesemporium.com\/es\/wp-json\/wp\/v2\/product_cat?post=52895"},{"taxonomy":"product_tag","embeddable":true,"href":"https:\/\/chessgamesemporium.com\/es\/wp-json\/wp\/v2\/product_tag?post=52895"}],"curies":[{"name":"wp","href":"https:\/\/api.w.org\/{rel}","templated":true}]}}