{"id":52915,"date":"2023-10-18T07:59:43","date_gmt":"2023-10-18T07:59:43","guid":{"rendered":"https:\/\/chessgamesemporium.com\/?post_type=product&#038;p=52915"},"modified":"2024-09-19T08:58:43","modified_gmt":"2024-09-19T08:58:43","slug":"3d-kartonska-sestavljanka-rimski-stolp","status":"publish","type":"product","link":"https:\/\/chessgamesemporium.com\/es\/shop\/sestavljanke-puzzle\/3d-kartonaste-sestavljanke\/3d-kartonska-sestavljanka-rimski-stolp\/","title":{"rendered":"Rompecabezas 3D de cart\u00f3n: Torre de vigilancia romana"},"content":{"rendered":"<p>Rompecabezas 3D de cart\u00f3n, modelo<\/p>\n<p>Dimensiones : 8 x 8 x 13 cm<br \/>\nL\u00e1minas con piezas: 2<br \/>\nNivel de dificultad: 1<br \/>\nEscala: 1:87<br \/>\nIdeal para maquetas de trenes<\/p>\n<p>Desde el siglo I d. C., las legiones romanas contaban con guarniciones militares en las provincias perif\u00e9ricas para proteger las fronteras del Imperio romano. M\u00e1s de la mitad de las aproximadamente 30 legiones acantonadas entre los estuarios del Rin y el Danubio, a lo largo de la frontera norte del Imperio, entre Rheinbrohl (cerca de Bonn) y Kelheim, en el Danubio, se consideraba una zona de especial peligro. Por este motivo, a partir del a\u00f1o 85 d. C. se construyeron fortificaciones para proteger esta zona: el llamado Limes. Las partes m\u00e1s antiguas del Limes consist\u00edan en una empalizada con foso y murallas. En otros lugares, una muralla de casi 3 m de alto y 1 m de ancho proteg\u00eda la frontera.\n<br><br>\nA lo largo del Limes Germ\u00e1nico-Reciano, de 548 km de longitud, se erigieron numerosas torres de vigilancia. Las antiguas torres de madera fueron sustituidas por torres de piedra a mediados del siglo II d. C. A\u00fan hoy se pueden observar y visitar los restos de sus cimientos. Estas excavaciones y los relieves de la Columna de Trajano en Roma ofrecen una reconstrucci\u00f3n bastante fiel de las fortalezas de piedra. Un ejemplo de torre de vigilancia del Limes reconstruida se puede ver en Saalburg, cerca de Fr\u00e1ncfort. Se acced\u00eda a la plataforma de la torre mediante escaleras interiores que pod\u00edan elevarse r\u00e1pidamente en caso de ataque.\n<br><br>\nCon el tiempo, surgieron asentamientos cerca de las torres de vigilancia. Muchos top\u00f3nimos a\u00fan recuerdan sus or\u00edgenes romanos. En Gran Breta\u00f1a se construy\u00f3 una frontera fortificada similar al Limes: el Muro de Adriano, donde el emperador Adriano (117-138 d. C.) acordon\u00f3 el norte del pa\u00eds.<\/p>\n<p>\u00a1Advertencia! \u00a1No apto para ni\u00f1os menores de 3 a\u00f1os debido a las piezas peque\u00f1as! Peligro de asfixia.<\/p>","protected":false},"excerpt":{"rendered":"<p>3D sestavljanka, model iz kartona Dimenzije 8 x 8 x 13 cm \u0160tevilo kartonov s kosi: 2 Ocena te\u017eavnosti: 1 Razmerje: 1:87 Primerno za \u017eeleznice: DA Rimski stolp OPOZORILO! Ni primerno za otroke pod tretjim letom starosti.<\/p>","protected":false},"featured_media":56042,"comment_status":"closed","ping_status":"closed","template":"","meta":{"_seopress_robots_primary_cat":"none","_seopress_titles_title":"","_seopress_titles_desc":"","_seopress_robots_index":""},"product_brand":[],"product_cat":[664,617],"product_tag":[],"class_list":{"0":"post-52915","1":"product","2":"type-product","3":"status-publish","4":"has-post-thumbnail","6":"product_cat-3d-kartonaste-sestavljanke","7":"product_cat-sestavljanke-puzzle","9":"entry","10":"has-media","12":"first","13":"instock","14":"taxable","15":"shipping-taxable","16":"purchasable","17":"product-type-simple","18":"has-product-nav","19":"col","20":"span_1_of_4","21":"owp-content-center","22":"item-entry","23":"owp-thumbs-layout-horizontal","24":"owp-btn-normal","25":"owp-tabs-layout-section","26":"has-no-thumbnails"},"wcpa_form_fields":null,"_links":{"self":[{"href":"https:\/\/chessgamesemporium.com\/es\/wp-json\/wp\/v2\/product\/52915","targetHints":{"allow":["GET"]}}],"collection":[{"href":"https:\/\/chessgamesemporium.com\/es\/wp-json\/wp\/v2\/product"}],"about":[{"href":"https:\/\/chessgamesemporium.com\/es\/wp-json\/wp\/v2\/types\/product"}],"replies":[{"embeddable":true,"href":"https:\/\/chessgamesemporium.com\/es\/wp-json\/wp\/v2\/comments?post=52915"}],"version-history":[{"count":0,"href":"https:\/\/chessgamesemporium.com\/es\/wp-json\/wp\/v2\/product\/52915\/revisions"}],"wp:featuredmedia":[{"embeddable":true,"href":"https:\/\/chessgamesemporium.com\/es\/wp-json\/wp\/v2\/media\/56042"}],"wp:attachment":[{"href":"https:\/\/chessgamesemporium.com\/es\/wp-json\/wp\/v2\/media?parent=52915"}],"wp:term":[{"taxonomy":"product_brand","embeddable":true,"href":"https:\/\/chessgamesemporium.com\/es\/wp-json\/wp\/v2\/product_brand?post=52915"},{"taxonomy":"product_cat","embeddable":true,"href":"https:\/\/chessgamesemporium.com\/es\/wp-json\/wp\/v2\/product_cat?post=52915"},{"taxonomy":"product_tag","embeddable":true,"href":"https:\/\/chessgamesemporium.com\/es\/wp-json\/wp\/v2\/product_tag?post=52915"}],"curies":[{"name":"wp","href":"https:\/\/api.w.org\/{rel}","templated":true}]}}