{"id":52997,"date":"2023-10-18T11:05:28","date_gmt":"2023-10-18T11:05:28","guid":{"rendered":"https:\/\/chessgamesemporium.com\/?post_type=product&#038;p=52997"},"modified":"2024-11-20T07:18:41","modified_gmt":"2024-11-20T07:18:41","slug":"set-6-sestavljank-happy-cube-marble","status":"publish","type":"product","link":"https:\/\/chessgamesemporium.com\/es\/shop\/miselne-igre\/lesene-penaste-miselne\/set-6-sestavljank-happy-cube-marble\/","title":{"rendered":"Juego de 6 rompecabezas HAPPY CUBE - MARBLE"},"content":{"rendered":"<p>Marble Cube - Happy cube - 9-99 a\u00f1os<\/p>\n<p>Los rompecabezas Happy Cube son duraderos y se fabrican de forma segura en B\u00e9lgica, de acuerdo con las normas m\u00e1s estrictas de seguridad y calidad. \u00a1Juega, crea y aprende!<\/p>\n<p>*Juego de 6<br \/>\n*Diversi\u00f3n para toda la familia<br \/>\n*Puede ser armado por una o varias personas<br \/>\n*Hecho en Europa<br \/>\n*Embalaje ecol\u00f3gico<br \/>\n*Fomenta la confianza<br \/>\n*Ayuda a desarrollar la percepci\u00f3n espacial<br \/>\n*Desarrolla la motricidad fina<br \/>\n*Fabricado con espuma 100% segura<br \/>\n*Suave e irrompible<br \/>\n*Lavable a 30 \u00b0C<\/p>\n<p>OPOZORILO! Ni primerno za otroke do treh let<\/p>\n<p>&nbsp;<\/p>\n<p>&nbsp;<\/p>\n<p>&nbsp;<\/p>","protected":false},"excerpt":{"rendered":"<p>Marble cube &#8211; Happy Cube &#8211; 9-99 let Sestavljanke Happy Cube so trajne, varno izdelane v Belgiji in &#8211; -Ustrezajo najstro\u017ejim predpisom glede kakovosti in varnosti. Ustvari, igraj se in se u\u010di! *V kompletu 6 kosov *Zabava za vso dru\u017eino *Ker jih lahko sestavlja eden ali ve\u010d igralcev *Izdelane v Evropi *Eko embala\u017ea *Pomagajo pri [&hellip;]<\/p>","protected":false},"featured_media":58730,"comment_status":"closed","ping_status":"closed","template":"","meta":{"_seopress_robots_primary_cat":"none","_seopress_titles_title":"","_seopress_titles_desc":"","_seopress_robots_index":""},"product_brand":[],"product_cat":[663,616],"product_tag":[],"class_list":{"0":"post-52997","1":"product","2":"type-product","3":"status-publish","4":"has-post-thumbnail","6":"product_cat-lesene-penaste-miselne","7":"product_cat-miselne-igre","9":"entry","10":"has-media","12":"first","13":"instock","14":"taxable","15":"shipping-taxable","16":"purchasable","17":"product-type-simple","18":"has-product-nav","19":"col","20":"span_1_of_4","21":"owp-content-center","22":"item-entry","23":"owp-thumbs-layout-horizontal","24":"owp-btn-normal","25":"owp-tabs-layout-section"},"wcpa_form_fields":null,"_links":{"self":[{"href":"https:\/\/chessgamesemporium.com\/es\/wp-json\/wp\/v2\/product\/52997","targetHints":{"allow":["GET"]}}],"collection":[{"href":"https:\/\/chessgamesemporium.com\/es\/wp-json\/wp\/v2\/product"}],"about":[{"href":"https:\/\/chessgamesemporium.com\/es\/wp-json\/wp\/v2\/types\/product"}],"replies":[{"embeddable":true,"href":"https:\/\/chessgamesemporium.com\/es\/wp-json\/wp\/v2\/comments?post=52997"}],"version-history":[{"count":0,"href":"https:\/\/chessgamesemporium.com\/es\/wp-json\/wp\/v2\/product\/52997\/revisions"}],"wp:featuredmedia":[{"embeddable":true,"href":"https:\/\/chessgamesemporium.com\/es\/wp-json\/wp\/v2\/media\/58730"}],"wp:attachment":[{"href":"https:\/\/chessgamesemporium.com\/es\/wp-json\/wp\/v2\/media?parent=52997"}],"wp:term":[{"taxonomy":"product_brand","embeddable":true,"href":"https:\/\/chessgamesemporium.com\/es\/wp-json\/wp\/v2\/product_brand?post=52997"},{"taxonomy":"product_cat","embeddable":true,"href":"https:\/\/chessgamesemporium.com\/es\/wp-json\/wp\/v2\/product_cat?post=52997"},{"taxonomy":"product_tag","embeddable":true,"href":"https:\/\/chessgamesemporium.com\/es\/wp-json\/wp\/v2\/product_tag?post=52997"}],"curies":[{"name":"wp","href":"https:\/\/api.w.org\/{rel}","templated":true}]}}