{"id":53033,"date":"2023-10-19T10:52:00","date_gmt":"2023-10-19T10:52:00","guid":{"rendered":"https:\/\/chessgamesemporium.com\/?post_type=product&#038;p=53033"},"modified":"2024-09-17T11:42:46","modified_gmt":"2024-09-17T11:42:46","slug":"sestavljanka-arhimed-sfera-in-cilinder","status":"publish","type":"product","link":"https:\/\/chessgamesemporium.com\/es\/shop\/miselne-igre\/kovinske-miselne\/sestavljanka-arhimed-sfera-in-cilinder\/","title":{"rendered":"Rompecabezas de fundici\u00f3n: Esfera y cilindro de Arqu\u00edmedes"},"content":{"rendered":"<p>Rompecabezas met\u00e1lico 3D<\/p>\n<p>Dimensiones: 120 x 90 x 160 mm<\/p>\n<p>\u00a1Advertencia! \u00a1No apto para ni\u00f1os menores de 3 a\u00f1os debido a las piezas peque\u00f1as! Peligro de asfixia.<\/p>","protected":false},"excerpt":{"rendered":"<p>3D kovinska sestavljanka Dimenzije: 120x90x160mm OPOZORILO! Ni primerno za otroke pod tretjim letom starosti.<\/p>","protected":false},"featured_media":53047,"comment_status":"closed","ping_status":"closed","template":"","meta":{"_seopress_robots_primary_cat":"none","_seopress_titles_title":"","_seopress_titles_desc":"","_seopress_robots_index":""},"product_brand":[],"product_cat":[665,616],"product_tag":[],"class_list":{"0":"post-53033","1":"product","2":"type-product","3":"status-publish","4":"has-post-thumbnail","6":"product_cat-kovinske-miselne","7":"product_cat-miselne-igre","9":"entry","10":"has-media","12":"first","13":"instock","14":"taxable","15":"shipping-taxable","16":"purchasable","17":"product-type-simple","18":"has-product-nav","19":"col","20":"span_1_of_4","21":"owp-content-center","22":"item-entry","23":"owp-thumbs-layout-horizontal","24":"owp-btn-normal","25":"owp-tabs-layout-section","26":"has-no-thumbnails"},"wcpa_form_fields":null,"_links":{"self":[{"href":"https:\/\/chessgamesemporium.com\/es\/wp-json\/wp\/v2\/product\/53033","targetHints":{"allow":["GET"]}}],"collection":[{"href":"https:\/\/chessgamesemporium.com\/es\/wp-json\/wp\/v2\/product"}],"about":[{"href":"https:\/\/chessgamesemporium.com\/es\/wp-json\/wp\/v2\/types\/product"}],"replies":[{"embeddable":true,"href":"https:\/\/chessgamesemporium.com\/es\/wp-json\/wp\/v2\/comments?post=53033"}],"version-history":[{"count":0,"href":"https:\/\/chessgamesemporium.com\/es\/wp-json\/wp\/v2\/product\/53033\/revisions"}],"wp:featuredmedia":[{"embeddable":true,"href":"https:\/\/chessgamesemporium.com\/es\/wp-json\/wp\/v2\/media\/53047"}],"wp:attachment":[{"href":"https:\/\/chessgamesemporium.com\/es\/wp-json\/wp\/v2\/media?parent=53033"}],"wp:term":[{"taxonomy":"product_brand","embeddable":true,"href":"https:\/\/chessgamesemporium.com\/es\/wp-json\/wp\/v2\/product_brand?post=53033"},{"taxonomy":"product_cat","embeddable":true,"href":"https:\/\/chessgamesemporium.com\/es\/wp-json\/wp\/v2\/product_cat?post=53033"},{"taxonomy":"product_tag","embeddable":true,"href":"https:\/\/chessgamesemporium.com\/es\/wp-json\/wp\/v2\/product_tag?post=53033"}],"curies":[{"name":"wp","href":"https:\/\/api.w.org\/{rel}","templated":true}]}}