{"id":53136,"date":"2023-10-23T07:42:10","date_gmt":"2023-10-23T07:42:10","guid":{"rendered":"https:\/\/chessgamesemporium.com\/?post_type=product&#038;p=53136"},"modified":"2023-11-10T08:50:22","modified_gmt":"2023-11-10T08:50:22","slug":"carovniski-trik-skrivnost-treh-mumij","status":"publish","type":"product","link":"https:\/\/chessgamesemporium.com\/es\/shop\/druzabne-igre\/carovniski-trik-skrivnost-treh-mumij\/","title":{"rendered":"Truco de magia: TRES MOMIAS"},"content":{"rendered":"<p>Un truco asombroso donde el mago siempre conoce el color de la momia dentro del sarc\u00f3fago. El secreto est\u00e1 tan bien oculto que los espectadores pueden examinar el sarc\u00f3fago y aun as\u00ed no descubrir c\u00f3mo el mago determin\u00f3 el color.<\/p>\n<p>No apto para ni\u00f1os menores de 3 a\u00f1os.<\/p>","protected":false},"excerpt":{"rendered":"<p>Osupljiv trik, kjer \u010darovnik v vsakem trenutku ve, katere barve je mumija skrita v sarkofagu. Skrivnost je tako skrita, da lahko opazovalci sami pregledajo sarkofag in ne bodo opazili, kako smo dolo\u010dili barvo mumije. Ni primerno za otroke do tretjega leta starosti.<\/p>","protected":false},"featured_media":53159,"comment_status":"closed","ping_status":"closed","template":"","meta":{"_seopress_robots_primary_cat":"none","_seopress_titles_title":"","_seopress_titles_desc":"","_seopress_robots_index":""},"product_brand":[],"product_cat":[677],"product_tag":[],"class_list":{"0":"post-53136","1":"product","2":"type-product","3":"status-publish","4":"has-post-thumbnail","6":"product_cat-druzabne-igre","8":"entry","9":"has-media","11":"first","12":"instock","13":"taxable","14":"shipping-taxable","15":"purchasable","16":"product-type-simple","17":"has-product-nav","18":"col","19":"span_1_of_4","20":"owp-content-center","21":"item-entry","22":"owp-thumbs-layout-horizontal","23":"owp-btn-normal","24":"owp-tabs-layout-section","25":"has-no-thumbnails"},"wcpa_form_fields":null,"_links":{"self":[{"href":"https:\/\/chessgamesemporium.com\/es\/wp-json\/wp\/v2\/product\/53136","targetHints":{"allow":["GET"]}}],"collection":[{"href":"https:\/\/chessgamesemporium.com\/es\/wp-json\/wp\/v2\/product"}],"about":[{"href":"https:\/\/chessgamesemporium.com\/es\/wp-json\/wp\/v2\/types\/product"}],"replies":[{"embeddable":true,"href":"https:\/\/chessgamesemporium.com\/es\/wp-json\/wp\/v2\/comments?post=53136"}],"version-history":[{"count":0,"href":"https:\/\/chessgamesemporium.com\/es\/wp-json\/wp\/v2\/product\/53136\/revisions"}],"wp:featuredmedia":[{"embeddable":true,"href":"https:\/\/chessgamesemporium.com\/es\/wp-json\/wp\/v2\/media\/53159"}],"wp:attachment":[{"href":"https:\/\/chessgamesemporium.com\/es\/wp-json\/wp\/v2\/media?parent=53136"}],"wp:term":[{"taxonomy":"product_brand","embeddable":true,"href":"https:\/\/chessgamesemporium.com\/es\/wp-json\/wp\/v2\/product_brand?post=53136"},{"taxonomy":"product_cat","embeddable":true,"href":"https:\/\/chessgamesemporium.com\/es\/wp-json\/wp\/v2\/product_cat?post=53136"},{"taxonomy":"product_tag","embeddable":true,"href":"https:\/\/chessgamesemporium.com\/es\/wp-json\/wp\/v2\/product_tag?post=53136"}],"curies":[{"name":"wp","href":"https:\/\/api.w.org\/{rel}","templated":true}]}}