{"id":53233,"date":"2023-10-30T12:39:06","date_gmt":"2023-10-30T12:39:06","guid":{"rendered":"https:\/\/chessgamesemporium.com\/?post_type=product&#038;p=53233"},"modified":"2024-03-12T07:30:36","modified_gmt":"2024-03-12T07:30:36","slug":"backgammon-zetoni-cardiff","status":"publish","type":"product","link":"https:\/\/chessgamesemporium.com\/es\/shop\/backgammon\/backgammon-backgammon\/backgammon-zetoni-cardiff\/","title":{"rendered":"Piezas de Backgammon CARDIFF"},"content":{"rendered":"<p>Piezas de Backgammon CARDIFF<\/p>\n<p>Cantidad: 15 piezas + 2 dados<br \/>\nDi\u00e1metro: 44,5 mm<br \/>\nMaterial: poli\u00e9ster de alta calidad<\/p>\n<p>\u00a1Advertencia! \u00a1No apto para ni\u00f1os menores de 3 a\u00f1os debido a las piezas peque\u00f1as! Peligro de asfixia.<\/p>","protected":false},"excerpt":{"rendered":"<p>Backgammon \u017detoni CARDIFF \u0160tevilo: 15 + 2 kocki Premer: 44,5 mm Material: visokokvaliteten poliester OPOZORILO! Ni primerno za otroke pod tretjim letom starosti.<\/p>","protected":false},"featured_media":53246,"comment_status":"closed","ping_status":"closed","template":"","meta":{"_seopress_robots_primary_cat":"none","_seopress_titles_title":"","_seopress_titles_desc":"","_seopress_robots_index":""},"product_brand":[],"product_cat":[551,552],"product_tag":[],"class_list":{"0":"post-53233","1":"product","2":"type-product","3":"status-publish","4":"has-post-thumbnail","6":"product_cat-backgammon","7":"product_cat-backgammon-backgammon","9":"entry","10":"has-media","12":"first","13":"instock","14":"taxable","15":"shipping-taxable","16":"purchasable","17":"product-type-simple","18":"has-product-nav","19":"col","20":"span_1_of_4","21":"owp-content-center","22":"item-entry","23":"owp-thumbs-layout-horizontal","24":"owp-btn-normal","25":"owp-tabs-layout-section","26":"has-no-thumbnails"},"wcpa_form_fields":null,"_links":{"self":[{"href":"https:\/\/chessgamesemporium.com\/es\/wp-json\/wp\/v2\/product\/53233","targetHints":{"allow":["GET"]}}],"collection":[{"href":"https:\/\/chessgamesemporium.com\/es\/wp-json\/wp\/v2\/product"}],"about":[{"href":"https:\/\/chessgamesemporium.com\/es\/wp-json\/wp\/v2\/types\/product"}],"replies":[{"embeddable":true,"href":"https:\/\/chessgamesemporium.com\/es\/wp-json\/wp\/v2\/comments?post=53233"}],"version-history":[{"count":0,"href":"https:\/\/chessgamesemporium.com\/es\/wp-json\/wp\/v2\/product\/53233\/revisions"}],"wp:featuredmedia":[{"embeddable":true,"href":"https:\/\/chessgamesemporium.com\/es\/wp-json\/wp\/v2\/media\/53246"}],"wp:attachment":[{"href":"https:\/\/chessgamesemporium.com\/es\/wp-json\/wp\/v2\/media?parent=53233"}],"wp:term":[{"taxonomy":"product_brand","embeddable":true,"href":"https:\/\/chessgamesemporium.com\/es\/wp-json\/wp\/v2\/product_brand?post=53233"},{"taxonomy":"product_cat","embeddable":true,"href":"https:\/\/chessgamesemporium.com\/es\/wp-json\/wp\/v2\/product_cat?post=53233"},{"taxonomy":"product_tag","embeddable":true,"href":"https:\/\/chessgamesemporium.com\/es\/wp-json\/wp\/v2\/product_tag?post=53233"}],"curies":[{"name":"wp","href":"https:\/\/api.w.org\/{rel}","templated":true}]}}