{"id":53386,"date":"2023-11-03T08:13:25","date_gmt":"2023-11-03T08:13:25","guid":{"rendered":"https:\/\/chessgamesemporium.com\/?post_type=product&#038;p=53386"},"modified":"2024-05-07T10:13:30","modified_gmt":"2024-05-07T10:13:30","slug":"namizna-igra-3d-4-v-vrsto","status":"publish","type":"product","link":"https:\/\/chessgamesemporium.com\/es\/shop\/druzabne-igre\/namizna-igra-3d-4-v-vrsto\/","title":{"rendered":"Juego de mesa 3D 4 EN RAYA"},"content":{"rendered":"<p>Dimensiones: 200 x 200 x 90 mm<\/p>\n<p>Jugadores: 2<br \/>\nEdad recomendada: 6+ a\u00f1os<br \/>\nDuraci\u00f3n del juego: Aprox. 10 minutos<\/p>\n<p>Un juego de estrategia para dos jugadores. Los jugadores se turnan para colocar fichas de madera en los palitos disponibles. El objetivo es ser el primero en alinear 4 fichas en l\u00ednea recta, ya sea horizontal, vertical o diagonalmente.<\/p>\n<p>\u00a1Advertencia! \u00a1No apto para ni\u00f1os menores de 3 a\u00f1os debido a las piezas peque\u00f1as! Peligro de asfixia.<\/p>","protected":false},"excerpt":{"rendered":"<p>Dimenzije 200 x 200 x 90 mm \u0160tevilo igralcev: 2 Priporo\u010dena starost: nad 6 let Igralni \u010das: ca. 10 minut Strate\u0161ka igra za dva igralca. Igralca izmenjajo\u010de polagata kroglice. Cilj je biti prvi, ki ima \u0161tiri \u017eogice v vrsti &#8211; vodoravno, po\u0161evno ali diagonalno. OPOZORILO! Ni primerno za otroke pod tretjim letom starosti.<\/p>","protected":false},"featured_media":53408,"comment_status":"closed","ping_status":"closed","template":"","meta":{"_seopress_robots_primary_cat":"none","_seopress_titles_title":"","_seopress_titles_desc":"","_seopress_robots_index":""},"product_brand":[],"product_cat":[677],"product_tag":[],"class_list":{"0":"post-53386","1":"product","2":"type-product","3":"status-publish","4":"has-post-thumbnail","6":"product_cat-druzabne-igre","8":"entry","9":"has-media","11":"first","12":"instock","13":"taxable","14":"shipping-taxable","15":"purchasable","16":"product-type-simple","17":"has-product-nav","18":"col","19":"span_1_of_4","20":"owp-content-center","21":"item-entry","22":"owp-thumbs-layout-horizontal","23":"owp-btn-normal","24":"owp-tabs-layout-section","25":"has-no-thumbnails"},"wcpa_form_fields":null,"_links":{"self":[{"href":"https:\/\/chessgamesemporium.com\/es\/wp-json\/wp\/v2\/product\/53386","targetHints":{"allow":["GET"]}}],"collection":[{"href":"https:\/\/chessgamesemporium.com\/es\/wp-json\/wp\/v2\/product"}],"about":[{"href":"https:\/\/chessgamesemporium.com\/es\/wp-json\/wp\/v2\/types\/product"}],"replies":[{"embeddable":true,"href":"https:\/\/chessgamesemporium.com\/es\/wp-json\/wp\/v2\/comments?post=53386"}],"version-history":[{"count":0,"href":"https:\/\/chessgamesemporium.com\/es\/wp-json\/wp\/v2\/product\/53386\/revisions"}],"wp:featuredmedia":[{"embeddable":true,"href":"https:\/\/chessgamesemporium.com\/es\/wp-json\/wp\/v2\/media\/53408"}],"wp:attachment":[{"href":"https:\/\/chessgamesemporium.com\/es\/wp-json\/wp\/v2\/media?parent=53386"}],"wp:term":[{"taxonomy":"product_brand","embeddable":true,"href":"https:\/\/chessgamesemporium.com\/es\/wp-json\/wp\/v2\/product_brand?post=53386"},{"taxonomy":"product_cat","embeddable":true,"href":"https:\/\/chessgamesemporium.com\/es\/wp-json\/wp\/v2\/product_cat?post=53386"},{"taxonomy":"product_tag","embeddable":true,"href":"https:\/\/chessgamesemporium.com\/es\/wp-json\/wp\/v2\/product_tag?post=53386"}],"curies":[{"name":"wp","href":"https:\/\/api.w.org\/{rel}","templated":true}]}}