{"id":53610,"date":"2023-11-06T11:49:27","date_gmt":"2023-11-06T11:49:27","guid":{"rendered":"https:\/\/chessgamesemporium.com\/?post_type=product&#038;p=53610"},"modified":"2023-11-10T08:25:45","modified_gmt":"2023-11-10T08:25:45","slug":"namizna-igra-ruleta-bakalitna-stevilcnica","status":"publish","type":"product","link":"https:\/\/chessgamesemporium.com\/es\/shop\/druzabne-igre\/namizna-igra-ruleta-bakalitna-stevilcnica\/","title":{"rendered":"Ruleta de mesa con rueda num\u00e9rica de baquelita"},"content":{"rendered":"<p>Contenido:<br \/>\nRueda num\u00e9rica de baquelita y spinner met\u00e1lico, 300 mm de di\u00e1metro<br \/>\nTabla de apuestas de 700 x 400 mm, 2 bolas met\u00e1licas, 100 fichas de apuestas, paleta de ruleta.<\/p>\n<p>La ruleta es un juego divertido y emocionante con m\u00e1s de 300 a\u00f1os de historia.<br \/>\nSu nombre proviene del franc\u00e9s: \u00abla rou\u00e9\u00bb, que significa rueda.<\/p>\n<p>\u00a1Advertencia! \u00a1No apto para ni\u00f1os menores de 3 a\u00f1os debido a las piezas peque\u00f1as! Peligro de asfixia.<\/p>","protected":false},"excerpt":{"rendered":"<p>Vsebina: Bakalitna \u0160tevil\u010dnica in kovinska vrtavka, premer 300 mm. Dimenzije stavnega tepiha: ca. 700 x 400 mm, 2 kovinski kroglici, 100 plasti\u010dnih stavnih \u017eetovnov, Ruletni lopar\u010dek. Ruleta je zabavna in vznemirljiva igra \u017ee ve\u010d kot 300 let. Ime izhaja iz franco\u0161\u010dine in pomeni majhno kolo iz besede \u201cla rou\u00e9\u201d &#8211; kolo. OPOZORILO! Ni primerno za [&hellip;]<\/p>","protected":false},"featured_media":53623,"comment_status":"closed","ping_status":"closed","template":"","meta":{"_seopress_robots_primary_cat":"none","_seopress_titles_title":"","_seopress_titles_desc":"","_seopress_robots_index":""},"product_brand":[],"product_cat":[677],"product_tag":[],"class_list":{"0":"post-53610","1":"product","2":"type-product","3":"status-publish","4":"has-post-thumbnail","6":"product_cat-druzabne-igre","8":"entry","9":"has-media","11":"first","12":"instock","13":"taxable","14":"shipping-taxable","15":"purchasable","16":"product-type-simple","17":"has-product-nav","18":"col","19":"span_1_of_4","20":"owp-content-center","21":"item-entry","22":"owp-thumbs-layout-horizontal","23":"owp-btn-normal","24":"owp-tabs-layout-section","25":"has-no-thumbnails"},"wcpa_form_fields":null,"_links":{"self":[{"href":"https:\/\/chessgamesemporium.com\/es\/wp-json\/wp\/v2\/product\/53610","targetHints":{"allow":["GET"]}}],"collection":[{"href":"https:\/\/chessgamesemporium.com\/es\/wp-json\/wp\/v2\/product"}],"about":[{"href":"https:\/\/chessgamesemporium.com\/es\/wp-json\/wp\/v2\/types\/product"}],"replies":[{"embeddable":true,"href":"https:\/\/chessgamesemporium.com\/es\/wp-json\/wp\/v2\/comments?post=53610"}],"version-history":[{"count":0,"href":"https:\/\/chessgamesemporium.com\/es\/wp-json\/wp\/v2\/product\/53610\/revisions"}],"wp:featuredmedia":[{"embeddable":true,"href":"https:\/\/chessgamesemporium.com\/es\/wp-json\/wp\/v2\/media\/53623"}],"wp:attachment":[{"href":"https:\/\/chessgamesemporium.com\/es\/wp-json\/wp\/v2\/media?parent=53610"}],"wp:term":[{"taxonomy":"product_brand","embeddable":true,"href":"https:\/\/chessgamesemporium.com\/es\/wp-json\/wp\/v2\/product_brand?post=53610"},{"taxonomy":"product_cat","embeddable":true,"href":"https:\/\/chessgamesemporium.com\/es\/wp-json\/wp\/v2\/product_cat?post=53610"},{"taxonomy":"product_tag","embeddable":true,"href":"https:\/\/chessgamesemporium.com\/es\/wp-json\/wp\/v2\/product_tag?post=53610"}],"curies":[{"name":"wp","href":"https:\/\/api.w.org\/{rel}","templated":true}]}}