{"id":54102,"date":"2023-11-13T13:35:23","date_gmt":"2023-11-13T13:35:23","guid":{"rendered":"https:\/\/chessgamesemporium.com\/?post_type=product&#038;p=54102"},"modified":"2025-09-30T07:27:56","modified_gmt":"2025-09-30T07:27:56","slug":"dgt-elektronske-plasticne-sahovske-figure","status":"publish","type":"product","link":"https:\/\/chessgamesemporium.com\/es\/shop\/sahovski-kompleti\/elektronski-sahi\/dgt-elektronske-plasticne-sahovske-figure\/","title":{"rendered":"Piezas electr\u00f3nicas de pl\u00e1stico DGT"},"content":{"rendered":"<p>Un juego de piezas de ajedrez electr\u00f3nicas DGT, fabricadas con pl\u00e1stico resistente de alta calidad. Las piezas tienen peso para ofrecer una sensaci\u00f3n de robustez adicional y mejorar la experiencia de juego. El juego es de tama\u00f1o reglamentario para torneos, con un rey de 95 mm de altura.<\/p>\n<p>Dimensiones: (altura | ancho de la base)<br \/>\nRey: 9,5 cm | 4,2 cm<br \/>\nReina: 8,1 cm | 3,8 cm<br \/>\nTorre: 5,8 cm | 3,6 cm<br \/>\nAlfil: 7,5 cm | 3,5 cm<br \/>\nCaballo: 6,5 cm | 3,5 cm<br \/>\nPe\u00f3n: 5,2 cm | 2,8 cm<\/p>\n<p>\u00a1Advertencia! \u00a1No apto para ni\u00f1os menores de 3 a\u00f1os debido a las piezas peque\u00f1as! Peligro de asfixia.<\/p>","protected":false},"excerpt":{"rendered":"<p>DGT Elektronske plasti\u010dne \u0161ahovske figure so narejene iz visoko kvalitetne plastike in obte\u017eene. So turnirske velikosti. Vi\u0161ina kralja: 95 mm. Dimenzije: (vi\u0161ina | premer podlage) Kralj: 9,5 cm | 4,2 cm Dama: 8,1 cm | 3,8 cm Top: 5,8 cm | 3,6 cm Lovec: 7,5 cm | 3,5 cm Skaka\u010d: 6,5 cm | 3,5 cm [&hellip;]<\/p>","protected":false},"featured_media":54105,"comment_status":"open","ping_status":"closed","template":"","meta":{"_seopress_robots_primary_cat":"none","_seopress_titles_title":"","_seopress_titles_desc":"","_seopress_robots_index":""},"product_brand":[],"product_cat":[619,510],"product_tag":[],"class_list":{"0":"post-54102","1":"product","2":"type-product","3":"status-publish","4":"has-post-thumbnail","6":"product_cat-elektronski-sahi","7":"product_cat-sahovski-kompleti","9":"entry","10":"has-media","12":"first","13":"instock","14":"taxable","15":"shipping-taxable","16":"purchasable","17":"product-type-simple","18":"has-product-nav","19":"col","20":"span_1_of_4","21":"owp-content-center","22":"item-entry","23":"owp-thumbs-layout-horizontal","24":"owp-btn-normal","25":"owp-tabs-layout-section"},"wcpa_form_fields":null,"_links":{"self":[{"href":"https:\/\/chessgamesemporium.com\/es\/wp-json\/wp\/v2\/product\/54102","targetHints":{"allow":["GET"]}}],"collection":[{"href":"https:\/\/chessgamesemporium.com\/es\/wp-json\/wp\/v2\/product"}],"about":[{"href":"https:\/\/chessgamesemporium.com\/es\/wp-json\/wp\/v2\/types\/product"}],"replies":[{"embeddable":true,"href":"https:\/\/chessgamesemporium.com\/es\/wp-json\/wp\/v2\/comments?post=54102"}],"version-history":[{"count":0,"href":"https:\/\/chessgamesemporium.com\/es\/wp-json\/wp\/v2\/product\/54102\/revisions"}],"wp:featuredmedia":[{"embeddable":true,"href":"https:\/\/chessgamesemporium.com\/es\/wp-json\/wp\/v2\/media\/54105"}],"wp:attachment":[{"href":"https:\/\/chessgamesemporium.com\/es\/wp-json\/wp\/v2\/media?parent=54102"}],"wp:term":[{"taxonomy":"product_brand","embeddable":true,"href":"https:\/\/chessgamesemporium.com\/es\/wp-json\/wp\/v2\/product_brand?post=54102"},{"taxonomy":"product_cat","embeddable":true,"href":"https:\/\/chessgamesemporium.com\/es\/wp-json\/wp\/v2\/product_cat?post=54102"},{"taxonomy":"product_tag","embeddable":true,"href":"https:\/\/chessgamesemporium.com\/es\/wp-json\/wp\/v2\/product_tag?post=54102"}],"curies":[{"name":"wp","href":"https:\/\/api.w.org\/{rel}","templated":true}]}}