{"id":55150,"date":"2023-12-07T12:54:00","date_gmt":"2023-12-07T12:54:00","guid":{"rendered":"https:\/\/chessgamesemporium.com\/?post_type=product&#038;p=55150"},"modified":"2023-12-07T12:54:02","modified_gmt":"2023-12-07T12:54:02","slug":"mikado","status":"publish","type":"product","link":"https:\/\/chessgamesemporium.com\/es\/shop\/druzabne-igre\/mikado\/","title":{"rendered":"Mikado"},"content":{"rendered":"<p>Mikado es un juego mundialmente famoso. \u00a1Sus reglas son muy sencillas, as\u00ed que puedes empezar a jugar enseguida!<\/p>\n<p>Reglas de Mikado:<\/p>\n<p>El juego requiere paciencia, concentraci\u00f3n y, por supuesto, destreza.<\/p>\n<p>Un jugador recoge todos los palitos con una mano, de forma que queden en posici\u00f3n vertical con un extremo tocando la superficie de juego. R\u00e1pidamente, abre la mano y deja caer los palitos formando una pila. Los jugadores retiran palitos de la pila, uno a uno, sin mover los dem\u00e1s. Si un jugador mueve alg\u00fan palito que no sea el que est\u00e1 retirando, su turno termina inmediatamente y le toca el turno al siguiente jugador. El jugador que recoge el palito de Mikado (el palito con un dise\u00f1o de espiral azul) puede usarlo para ayudarse a recoger otros palitos. Los distintos palitos tienen diferentes valores en puntos:<\/p>\n<table>\n<tbody>\n<tr>\n<td width=\"76\">Cantidad<\/td>\n<td width=\"335\">Palitos<\/td>\n<td width=\"194\">Valor en puntos<\/td>\n<\/tr>\n<tr>\n<td width=\"76\">1<\/td>\n<td width=\"335\">Mikado: Espiral azul<\/td>\n<td width=\"194\">20<\/td>\n<\/tr>\n<tr>\n<td width=\"76\">5<\/td>\n<td width=\"335\">Azul\/rojo\/azul<\/td>\n<td width=\"194\">10<\/td>\n<\/tr>\n<tr>\n<td width=\"76\">5<\/td>\n<td width=\"335\">Rojo\/azul\/rojo\/azul\/rojo<\/td>\n<td width=\"194\">5<\/td>\n<\/tr>\n<tr>\n<td width=\"76\">15<\/td>\n<td width=\"335\">Rojo\/amarillo\/azul<\/td>\n<td width=\"194\">3<\/td>\n<\/tr>\n<tr>\n<td width=\"76\">15<\/td>\n<td width=\"335\">Rojo\/azul<\/td>\n<td width=\"194\">2<\/td>\n<\/tr>\n<tr>\n<td width=\"76\">&nbsp;<\/td>\n<td width=\"335\"><strong>Total de puntos<\/strong><\/td>\n<td width=\"194\"><strong>170<\/strong><\/td>\n<\/tr>\n<\/tbody>\n<\/table>","protected":false},"excerpt":{"rendered":"<p>Mikado je svetovno znana igra. Pravila so preprosta, z igro lahko za\u010dnete takoj. Pravila igre Mikado (pobiranje pali\u010dk): Ta igra zahteva, mirnost, koncentracijo in seveda ro\u010dne spretnosti. Eden od igralcev vzame vse pali\u010dke v dlan, tako da pali\u010dke stojijo pokonci, spodnji del pa se dotika mize. Nato igralec hitro razpre dlan, tako da pal\u010dke popadajo [&hellip;]<\/p>","protected":false},"featured_media":55156,"comment_status":"open","ping_status":"closed","template":"","meta":{"_seopress_robots_primary_cat":"","_seopress_titles_title":"","_seopress_titles_desc":"","_seopress_robots_index":""},"product_brand":[],"product_cat":[677],"product_tag":[],"class_list":{"0":"post-55150","1":"product","2":"type-product","3":"status-publish","4":"has-post-thumbnail","6":"product_cat-druzabne-igre","8":"entry","9":"has-media","11":"first","12":"instock","13":"taxable","14":"shipping-taxable","15":"purchasable","16":"product-type-variable","17":"has-product-nav","18":"col","19":"span_1_of_4","20":"owp-content-center","21":"item-entry","22":"owp-thumbs-layout-horizontal","23":"owp-btn-normal","24":"owp-tabs-layout-section","25":"has-no-thumbnails"},"wcpa_form_fields":null,"_links":{"self":[{"href":"https:\/\/chessgamesemporium.com\/es\/wp-json\/wp\/v2\/product\/55150","targetHints":{"allow":["GET"]}}],"collection":[{"href":"https:\/\/chessgamesemporium.com\/es\/wp-json\/wp\/v2\/product"}],"about":[{"href":"https:\/\/chessgamesemporium.com\/es\/wp-json\/wp\/v2\/types\/product"}],"replies":[{"embeddable":true,"href":"https:\/\/chessgamesemporium.com\/es\/wp-json\/wp\/v2\/comments?post=55150"}],"version-history":[{"count":0,"href":"https:\/\/chessgamesemporium.com\/es\/wp-json\/wp\/v2\/product\/55150\/revisions"}],"wp:featuredmedia":[{"embeddable":true,"href":"https:\/\/chessgamesemporium.com\/es\/wp-json\/wp\/v2\/media\/55156"}],"wp:attachment":[{"href":"https:\/\/chessgamesemporium.com\/es\/wp-json\/wp\/v2\/media?parent=55150"}],"wp:term":[{"taxonomy":"product_brand","embeddable":true,"href":"https:\/\/chessgamesemporium.com\/es\/wp-json\/wp\/v2\/product_brand?post=55150"},{"taxonomy":"product_cat","embeddable":true,"href":"https:\/\/chessgamesemporium.com\/es\/wp-json\/wp\/v2\/product_cat?post=55150"},{"taxonomy":"product_tag","embeddable":true,"href":"https:\/\/chessgamesemporium.com\/es\/wp-json\/wp\/v2\/product_tag?post=55150"}],"curies":[{"name":"wp","href":"https:\/\/api.w.org\/{rel}","templated":true}]}}