{"id":55231,"date":"2023-12-11T09:40:40","date_gmt":"2023-12-11T09:40:40","guid":{"rendered":"https:\/\/chessgamesemporium.com\/shop\/nekategorizirano\/54367-copy-2\/"},"modified":"2023-12-11T09:43:02","modified_gmt":"2023-12-11T09:43:02","slug":"54367-copy-2","status":"publish","type":"product","link":"https:\/\/chessgamesemporium.com\/es\/shop\/miselne-igre\/lesene-penaste-miselne\/54367-copy-2\/","title":{"rendered":"Colecci\u00f3n de juegos divertidos"},"content":{"rendered":"<p>Esta colecci\u00f3n incluye 5 juegos divertidos diferentes:<\/p>\n<p>Laberinto: Este fascinante juego pondr\u00e1 a prueba tu habilidad y paciencia. Una peque\u00f1a bola de metal debe ser guiada por un camino determinado, evitando los numerosos agujeros. Tu objetivo es inclinar el tablero para que la bola ruede m\u00e1s all\u00e1 de las zonas peligrosas.<\/p>\n<p>Solitario: El solitario es un juego para un solo jugador. Se juega en un tablero con 33 agujeros. Al comienzo del juego, todos los agujeros, excepto el central, est\u00e1n ocupados por una ficha. El objetivo es eliminar todas las fichas menos una. Las fichas se pueden mover horizontal o verticalmente, saltando sobre otra ficha y elimin\u00e1ndola en el proceso.<\/p>\n<p>Rompecabezas de madera: Desmontar y volver a armar este rompecabezas requiere mucha atenci\u00f3n y precisi\u00f3n.<\/p>\n<p>Jenga: Todas las piezas de madera est\u00e1n apiladas formando una torre al comienzo del juego. Los jugadores se turnan para quitar un bloque de la torre y colocarlo en la cima. Los jugadores deben demostrar su temple y destreza manual mientras la torre se vuelve cada vez m\u00e1s inestable. El juego termina cuando la torre se derrumba.<\/p>\n<p>Rompecabezas de metal: El objetivo es desmontar y volver a armar el nudo de metal.<\/p>\n<p>Contenido:<br \/>\n5 juegos<\/p>\n<p>Material:<br \/>\nLaberinto, Solitario, Rompecabezas de madera, Jenga: Madera<br \/>\nNudo de metal: Metal<\/p>\n<p>Dimensiones: 320 x 265 x 75 mm<\/p>\n<p>\u00a1Advertencia! \u00a1No apto para ni\u00f1os menores de 3 a\u00f1os debido a las piezas peque\u00f1as! Peligro de asfixia.<\/p>","protected":false},"excerpt":{"rendered":"<p>Ta zbirka iger vklju\u010duje 5 razli\u010dnih zabavnih iger: Labirint: Ta fascinantna igra je zelo odvisna od va\u0161e lastne spretnosti, potrpe\u017eljivosti in sposobnosti. Majhna \u017eelezna krogla mora iti skozi dano pot, ki vsebuje veliko lukenj. Od va\u0161e spretnosti je odvisno, kdaj premakniti tablo, da se bo krogla kotalila skozi nevarna obmo\u010dja. Solitaire: Solitaire je igra za [&hellip;]<\/p>","protected":false},"featured_media":54374,"comment_status":"open","ping_status":"closed","template":"","meta":{"_seopress_robots_primary_cat":"none","_seopress_titles_title":"","_seopress_titles_desc":"","_seopress_robots_index":""},"product_brand":[],"product_cat":[663,616],"product_tag":[],"class_list":{"0":"post-55231","1":"product","2":"type-product","3":"status-publish","4":"has-post-thumbnail","6":"product_cat-lesene-penaste-miselne","7":"product_cat-miselne-igre","9":"entry","10":"has-media","12":"first","13":"instock","14":"taxable","15":"shipping-taxable","16":"purchasable","17":"product-type-simple","18":"has-product-nav","19":"col","20":"span_1_of_4","21":"owp-content-center","22":"item-entry","23":"owp-thumbs-layout-horizontal","24":"owp-btn-normal","25":"owp-tabs-layout-section"},"wcpa_form_fields":null,"_links":{"self":[{"href":"https:\/\/chessgamesemporium.com\/es\/wp-json\/wp\/v2\/product\/55231","targetHints":{"allow":["GET"]}}],"collection":[{"href":"https:\/\/chessgamesemporium.com\/es\/wp-json\/wp\/v2\/product"}],"about":[{"href":"https:\/\/chessgamesemporium.com\/es\/wp-json\/wp\/v2\/types\/product"}],"replies":[{"embeddable":true,"href":"https:\/\/chessgamesemporium.com\/es\/wp-json\/wp\/v2\/comments?post=55231"}],"version-history":[{"count":0,"href":"https:\/\/chessgamesemporium.com\/es\/wp-json\/wp\/v2\/product\/55231\/revisions"}],"wp:featuredmedia":[{"embeddable":true,"href":"https:\/\/chessgamesemporium.com\/es\/wp-json\/wp\/v2\/media\/54374"}],"wp:attachment":[{"href":"https:\/\/chessgamesemporium.com\/es\/wp-json\/wp\/v2\/media?parent=55231"}],"wp:term":[{"taxonomy":"product_brand","embeddable":true,"href":"https:\/\/chessgamesemporium.com\/es\/wp-json\/wp\/v2\/product_brand?post=55231"},{"taxonomy":"product_cat","embeddable":true,"href":"https:\/\/chessgamesemporium.com\/es\/wp-json\/wp\/v2\/product_cat?post=55231"},{"taxonomy":"product_tag","embeddable":true,"href":"https:\/\/chessgamesemporium.com\/es\/wp-json\/wp\/v2\/product_tag?post=55231"}],"curies":[{"name":"wp","href":"https:\/\/api.w.org\/{rel}","templated":true}]}}