{"id":55288,"date":"2023-12-14T11:36:28","date_gmt":"2023-12-14T11:36:28","guid":{"rendered":"https:\/\/chessgamesemporium.com\/?post_type=product&#038;p=55288"},"modified":"2023-12-14T11:40:41","modified_gmt":"2023-12-14T11:40:41","slug":"akcijska-jenga","status":"publish","type":"product","link":"https:\/\/chessgamesemporium.com\/es\/shop\/vsi-izdelki\/akcijska-jenga\/","title":{"rendered":"Jenga de Acci\u00f3n"},"content":{"rendered":"<p>Jenga de Acci\u00f3n se puede jugar de dos maneras:<\/p>\n<p>1. Jenga tradicional (Un juego de torres para varios jugadores. \u00bfQui\u00e9n tendr\u00e1 m\u00e1s nervios y pulso firme para sacar los bloques de la torre sin derribarla?)<br \/>\n2. Jenga de Acci\u00f3n, donde las fichas de acci\u00f3n tienen efectos especiales.<\/p>\n<p>Significado de las fichas de acci\u00f3n:<\/p>\n<table>\n<tbody>\n<tr>\n<td width=\"56\">=<\/td>\n<td width=\"548\">Un jugador que saque esta ficha de la torre debe colocarla en la parte superior y sacar una nueva ficha. Si esa ficha es de acci\u00f3n, el jugador tambi\u00e9n debe seguir su regla.<\/td>\n<\/tr>\n<tr>\n<td width=\"56\">C<\/td>\n<td width=\"548\">Cambia la direcci\u00f3n del juego<\/td>\n<\/tr>\n<tr>\n<td width=\"56\">X<\/td>\n<td width=\"548\">El siguiente jugador en el orden de turno pierde su turno<\/td>\n<\/tr>\n<tr>\n<td width=\"56\">JOKER<\/td>\n<td width=\"548\">Un jugador que saque esta ficha y la coloque en la parte superior de la torre puede elegir tomar otro turno, cambiar la direcci\u00f3n del juego o hacer que el siguiente jugador en el orden de turno pierda su turno.<\/td>\n<\/tr>\n<\/tbody>\n<\/table>\n<p>&nbsp;<\/p>\n<p>Dimenzije: 75 x 75 x 270 mm<br \/>\nMaterial: Les &#8211; borovec<\/p>","protected":false},"excerpt":{"rendered":"<p>Igro AKCIJSKA JENGA lahko igrate na dva na\u010dina: 1. Obi\u010dajna jenga (Razstavljanje stolpa za ve\u010d igralcev. Kdo ima ve\u010d \u017eivcev in bolj spretno roko pri jemanju posameznih kosov iz stolpa, brez da se le ta podre.) 2. Akcijska jenga, kjer se upo\u0161tevajo akcijske plo\u0161\u010dice. Pomen akcijskih plo\u0161\u010dic: = Igralec, ki izvle\u010de plo\u0161\u010dico s tem znakom, [&hellip;]<\/p>","protected":false},"featured_media":55294,"comment_status":"open","ping_status":"closed","template":"","meta":{"_seopress_robots_primary_cat":"none","_seopress_titles_title":"","_seopress_titles_desc":"","_seopress_robots_index":""},"product_brand":[],"product_cat":[677,194],"product_tag":[],"class_list":{"0":"post-55288","1":"product","2":"type-product","3":"status-publish","4":"has-post-thumbnail","6":"product_cat-druzabne-igre","7":"product_cat-vsi-izdelki","9":"entry","10":"has-media","12":"first","13":"instock","14":"taxable","15":"shipping-taxable","16":"purchasable","17":"product-type-simple","18":"has-product-nav","19":"col","20":"span_1_of_4","21":"owp-content-center","22":"item-entry","23":"owp-thumbs-layout-horizontal","24":"owp-btn-normal","25":"owp-tabs-layout-section"},"wcpa_form_fields":null,"_links":{"self":[{"href":"https:\/\/chessgamesemporium.com\/es\/wp-json\/wp\/v2\/product\/55288","targetHints":{"allow":["GET"]}}],"collection":[{"href":"https:\/\/chessgamesemporium.com\/es\/wp-json\/wp\/v2\/product"}],"about":[{"href":"https:\/\/chessgamesemporium.com\/es\/wp-json\/wp\/v2\/types\/product"}],"replies":[{"embeddable":true,"href":"https:\/\/chessgamesemporium.com\/es\/wp-json\/wp\/v2\/comments?post=55288"}],"version-history":[{"count":0,"href":"https:\/\/chessgamesemporium.com\/es\/wp-json\/wp\/v2\/product\/55288\/revisions"}],"wp:featuredmedia":[{"embeddable":true,"href":"https:\/\/chessgamesemporium.com\/es\/wp-json\/wp\/v2\/media\/55294"}],"wp:attachment":[{"href":"https:\/\/chessgamesemporium.com\/es\/wp-json\/wp\/v2\/media?parent=55288"}],"wp:term":[{"taxonomy":"product_brand","embeddable":true,"href":"https:\/\/chessgamesemporium.com\/es\/wp-json\/wp\/v2\/product_brand?post=55288"},{"taxonomy":"product_cat","embeddable":true,"href":"https:\/\/chessgamesemporium.com\/es\/wp-json\/wp\/v2\/product_cat?post=55288"},{"taxonomy":"product_tag","embeddable":true,"href":"https:\/\/chessgamesemporium.com\/es\/wp-json\/wp\/v2\/product_tag?post=55288"}],"curies":[{"name":"wp","href":"https:\/\/api.w.org\/{rel}","templated":true}]}}