{"id":55417,"date":"2024-01-03T10:47:30","date_gmt":"2024-01-03T10:47:30","guid":{"rendered":"https:\/\/chessgamesemporium.com\/?post_type=product&#038;p=55417"},"modified":"2025-02-24T12:51:54","modified_gmt":"2025-02-24T12:51:54","slug":"lesena-sahovnica-essen-45-mm","status":"publish","type":"product","link":"https:\/\/chessgamesemporium.com\/es\/shop\/sahovnice\/lesene-sahovnice\/lesena-sahovnica-essen-45-mm\/","title":{"rendered":"Tablero de ajedrez de madera Essen 45 mm"},"content":{"rendered":"<div><b>Tablero de ajedrez de madera Essen 45<\/b><\/div>\n<div>Marqueter\u00eda, sin anotaci\u00f3n, base de fieltro<br \/>\n<b><\/b><\/div>\n<p>Dimensiones de las casillas: 45 x 45 mm<br \/>\nDimensiones del tablero: 40 \u00d7 40 cm<br \/>\nGrosor del tablero: 1,3 cm<\/p>\n<p>Este tablero de ajedrez de 40 x 40 cm est\u00e1 fabricado con madera de nogal y arce. Este elegante tablero tiene unas medidas de casillas de 45 x 45 mm y es ideal para piezas con una altura de rey de 83-90 mm.<\/p>","protected":false},"excerpt":{"rendered":"<p>Lesena \u0161ahovnica ESSEN 45 Intarzija, brez notacije, podlo\u017eena Dimenzije polja: 45 mm Dimenzije \u0161ahovnice: 40 cm Debelina \u0161ahovnice: 1,3 cm Ta 40 x 40 cm furnirana \u0161ahovnica je narejena iz oreha in javorja. Polje meri 45 x 45 mm in je kot nala\u0161\u010d za figure s kraljem vi\u0161ine 83-90 mm.<\/p>","protected":false},"featured_media":55435,"comment_status":"open","ping_status":"closed","template":"","meta":{"_seopress_robots_primary_cat":"none","_seopress_titles_title":"","_seopress_titles_desc":"","_seopress_robots_index":""},"product_brand":[],"product_cat":[514,524],"product_tag":[],"class_list":{"0":"post-55417","1":"product","2":"type-product","3":"status-publish","4":"has-post-thumbnail","6":"product_cat-sahovnice","7":"product_cat-lesene-sahovnice","8":"wcpa_has_options","10":"entry","11":"has-media","13":"first","14":"instock","15":"taxable","16":"shipping-taxable","17":"purchasable","18":"product-type-simple","19":"has-product-nav","20":"col","21":"span_1_of_4","22":"owp-content-center","23":"item-entry","24":"owp-thumbs-layout-horizontal","25":"owp-btn-normal","26":"owp-tabs-layout-section","27":"has-no-thumbnails"},"wcpa_form_fields":{"rules":{"pric_overide_base_price":false,"pric_overide_base_price_if_gt_zero":false,"pric_overide_base_price_fully":false,"pric_cal_option_once":false,"pric_use_as_fee":false,"bind_quantity":false,"quantity_bind_formula":false},"fields":[{"type":"text","elementId":"wcpa-text-1666713333654","label":"Gravura ( opcijsko )","description":"Vpi\u0161ite \u017eeljeni tekst za graviranje (npr. Vse najbolj\u0161e, IME, datum ipd.)","desc_type":true,"enablePrice":true,"pricingType":"fixed","price":"7","name":"text-1666713333654","fee_label":"Za naro\u010dnike izven eu, bo davek od\u0161tet na blagajni.","subtype":"text","maxlength":"16","cl_rule":"show","col":6,"relations":false,"form_id":46231,"form_rules":{"pric_cal_option_once":false,"exclude_from_discount":false,"pric_use_as_fee":false,"fee_label":"Fee","render_after_acb":false,"disp_hide_options_price":false}}]},"_links":{"self":[{"href":"https:\/\/chessgamesemporium.com\/es\/wp-json\/wp\/v2\/product\/55417","targetHints":{"allow":["GET"]}}],"collection":[{"href":"https:\/\/chessgamesemporium.com\/es\/wp-json\/wp\/v2\/product"}],"about":[{"href":"https:\/\/chessgamesemporium.com\/es\/wp-json\/wp\/v2\/types\/product"}],"replies":[{"embeddable":true,"href":"https:\/\/chessgamesemporium.com\/es\/wp-json\/wp\/v2\/comments?post=55417"}],"version-history":[{"count":0,"href":"https:\/\/chessgamesemporium.com\/es\/wp-json\/wp\/v2\/product\/55417\/revisions"}],"wp:featuredmedia":[{"embeddable":true,"href":"https:\/\/chessgamesemporium.com\/es\/wp-json\/wp\/v2\/media\/55435"}],"wp:attachment":[{"href":"https:\/\/chessgamesemporium.com\/es\/wp-json\/wp\/v2\/media?parent=55417"}],"wp:term":[{"taxonomy":"product_brand","embeddable":true,"href":"https:\/\/chessgamesemporium.com\/es\/wp-json\/wp\/v2\/product_brand?post=55417"},{"taxonomy":"product_cat","embeddable":true,"href":"https:\/\/chessgamesemporium.com\/es\/wp-json\/wp\/v2\/product_cat?post=55417"},{"taxonomy":"product_tag","embeddable":true,"href":"https:\/\/chessgamesemporium.com\/es\/wp-json\/wp\/v2\/product_tag?post=55417"}],"curies":[{"name":"wp","href":"https:\/\/api.w.org\/{rel}","templated":true}]}}